{"id":21958,"date":"2024-11-03T19:20:00","date_gmt":"2024-11-03T19:20:00","guid":{"rendered":"https:\/\/puregrowshop.com\/filtro-pk-250-500-1300-m3-eco\/"},"modified":"2025-03-11T22:52:53","modified_gmt":"2025-03-11T22:52:53","slug":"filtro-pk-250-500-1300-m3-eco","status":"publish","type":"product","link":"https:\/\/puregrowshop.com\/fr\/filtro-pk-250-500-1300-m3-eco\/","title":{"rendered":"Filtro PK 250\/ 500 &#8211; 1300 m3 Eco"},"content":{"rendered":"<p>&#8211; Caudal: 960 m3\/hora.<br \/>&#8211; Caudal m\u00e1ximo: 1.300 m3\/hora.<br \/>&#8211; Di\u00e1metro de boca: 250 mm.<br \/>&#8211; Longitud: 500 mm.<br \/>&#8211; Duraci\u00f3n: Hasta 12 meses dependiendo del caudal del extractor al que se conecte.<br \/>&#8211; Conveniente para filtrar: Polen, Olores, Humos, Vapores, Productos qu\u00edmicos, Par\u00e1sitos, Part\u00edculas, Polvo, Agentes contaminadores.<\/p>\n","protected":false},"excerpt":{"rendered":"<p>Filtro Antiolor Eco. Es un filtro de carb\u00f3n excelente tanto para eliminar la suciedad como para reducir los olores desagradables en las extracciones o inducciones de aire de tu cuarto o armario de cultivo. <br \/>Para estas tareas utiliza las modalidades de absorci\u00f3n qu\u00edmica y f\u00edsica.<br \/>Pertenece a una familia  de filtros de gama media, empaquetados con gran profesionalidad en un cilindro calibrado con un densidad precisa de perforaciones superficiales.<br \/>Tiene un tiempo de uso aproximado de 12 meses. Soportan una temperatura m\u00e1xima de 70 grados y una humedad relativa de 70 %. Utilizan los mejores gr\u00e1nulos de carb\u00f3n activado para eliminar los olores. Est\u00e1n fabricados en acero y carb\u00f3n CTC70.<\/p>\n","protected":false},"featured_media":21957,"comment_status":"open","ping_status":"closed","template":"","meta":{"_bst_post_transparent":"","_bst_post_title":"","_bst_post_layout":"","_bst_post_sidebar_id":"","_bst_post_content_style":"","_bst_post_vertical_padding":"","_bst_post_feature":"","_bst_post_feature_position":"","_bst_post_header":false,"_bst_post_footer":false},"pwb-brand":[],"product_brand":[],"product_cat":[247],"product_tag":[],"class_list":{"0":"post-21958","1":"product","2":"type-product","3":"status-publish","4":"has-post-thumbnail","6":"product_cat-filtros-antiolor-marihuana","8":"first","9":"outofstock","10":"sale","11":"taxable","12":"shipping-taxable","13":"purchasable","14":"product-type-simple","15":"entry","16":"content-bg","17":"loop-entry"},"brands":[],"_links":{"self":[{"href":"https:\/\/puregrowshop.com\/fr\/wp-json\/wp\/v2\/product\/21958","targetHints":{"allow":["GET"]}}],"collection":[{"href":"https:\/\/puregrowshop.com\/fr\/wp-json\/wp\/v2\/product"}],"about":[{"href":"https:\/\/puregrowshop.com\/fr\/wp-json\/wp\/v2\/types\/product"}],"replies":[{"embeddable":true,"href":"https:\/\/puregrowshop.com\/fr\/wp-json\/wp\/v2\/comments?post=21958"}],"wp:featuredmedia":[{"embeddable":true,"href":"https:\/\/puregrowshop.com\/fr\/wp-json\/wp\/v2\/media\/21957"}],"wp:attachment":[{"href":"https:\/\/puregrowshop.com\/fr\/wp-json\/wp\/v2\/media?parent=21958"}],"wp:term":[{"taxonomy":"pwb-brand","embeddable":true,"href":"https:\/\/puregrowshop.com\/fr\/wp-json\/wp\/v2\/pwb-brand?post=21958"},{"taxonomy":"product_brand","embeddable":true,"href":"https:\/\/puregrowshop.com\/fr\/wp-json\/wp\/v2\/product_brand?post=21958"},{"taxonomy":"product_cat","embeddable":true,"href":"https:\/\/puregrowshop.com\/fr\/wp-json\/wp\/v2\/product_cat?post=21958"},{"taxonomy":"product_tag","embeddable":true,"href":"https:\/\/puregrowshop.com\/fr\/wp-json\/wp\/v2\/product_tag?post=21958"}],"curies":[{"name":"wp","href":"https:\/\/api.w.org\/{rel}","templated":true}]}}