{"id":21940,"date":"2024-11-03T19:19:57","date_gmt":"2024-11-03T19:19:57","guid":{"rendered":"https:\/\/puregrowshop.com\/filtro-pk-315-1-250-4-700-m3-industry\/"},"modified":"2025-03-11T22:52:44","modified_gmt":"2025-03-11T22:52:44","slug":"filtro-pk-315-1-250-4-700-m3-industry","status":"publish","type":"product","link":"https:\/\/puregrowshop.com\/fr\/filtro-pk-315-1-250-4-700-m3-industry\/","title":{"rendered":"Filtro PK 315\/1.250 &#8211; 4.700 m3 Industry"},"content":{"rendered":"<p>&#8211; Caudal Recomendado: 2.800 m3\/hora.<br \/>&#8211; Caudal M\u00e1ximo: 4.700 m3\/hora.<br \/>&#8211; Di\u00e1metro de boca: 315 mm.<br \/>&#8211; Longitud: 1.250 mm.<br \/>&#8211; Duraci\u00f3n: de 18 a 24 meses.<br \/>&#8211; Conveniente para filtrar: Polen, Olores, Humos, Vapores, Productos qu\u00edmicos, Par\u00e1sitos, Part\u00edculas, Polvo, Agentes contaminadores.<br \/>&#8211; Utiliza una mayor densidad de carbono en los filtros de carb\u00f3n de la l\u00ednea Industry que est\u00e1 sujeto a menos movimiento y produce menos polvo de carb\u00f3n que otros filtros.<\/p>\n","protected":false},"excerpt":{"rendered":"<p>Filtro antiolor. Es un filtro de carb\u00f3n excelente tanto para eliminar la suciedad como para reducir los olores desagradables en las extracciones o inducciones de aire de tu cuarto o armario de cultivo. Para estas tareas utiliza las modalidades de absorci\u00f3n qu\u00edmica y f\u00edsica. Pertenece a una familia  de filtros de alta calidad, empaquetados con gran con gran profesionalidad en un cilindro calibrado con una densidad precisa de perforaciones superficiales.<br \/>Este filtro tiene un tiempo de uso aproximado de 24 meses. Soportan una temperatura m\u00e1xima de 70 grados y una humedad relativa de 70 %. Utilizan los mejores gr\u00e1nulos de carb\u00f3n activado para eliminar los olores. Est\u00e1n fabricados en acero y carb\u00f3n CTC70.<\/p>\n","protected":false},"featured_media":21939,"comment_status":"open","ping_status":"closed","template":"","meta":{"_bst_post_transparent":"","_bst_post_title":"","_bst_post_layout":"","_bst_post_sidebar_id":"","_bst_post_content_style":"","_bst_post_vertical_padding":"","_bst_post_feature":"","_bst_post_feature_position":"","_bst_post_header":false,"_bst_post_footer":false},"pwb-brand":[],"product_brand":[],"product_cat":[247],"product_tag":[],"class_list":{"0":"post-21940","1":"product","2":"type-product","3":"status-publish","4":"has-post-thumbnail","6":"product_cat-filtros-antiolor-marihuana","8":"first","9":"instock","10":"sale","11":"taxable","12":"shipping-taxable","13":"purchasable","14":"product-type-simple","15":"entry","16":"content-bg","17":"loop-entry"},"brands":[],"_links":{"self":[{"href":"https:\/\/puregrowshop.com\/fr\/wp-json\/wp\/v2\/product\/21940","targetHints":{"allow":["GET"]}}],"collection":[{"href":"https:\/\/puregrowshop.com\/fr\/wp-json\/wp\/v2\/product"}],"about":[{"href":"https:\/\/puregrowshop.com\/fr\/wp-json\/wp\/v2\/types\/product"}],"replies":[{"embeddable":true,"href":"https:\/\/puregrowshop.com\/fr\/wp-json\/wp\/v2\/comments?post=21940"}],"wp:featuredmedia":[{"embeddable":true,"href":"https:\/\/puregrowshop.com\/fr\/wp-json\/wp\/v2\/media\/21939"}],"wp:attachment":[{"href":"https:\/\/puregrowshop.com\/fr\/wp-json\/wp\/v2\/media?parent=21940"}],"wp:term":[{"taxonomy":"pwb-brand","embeddable":true,"href":"https:\/\/puregrowshop.com\/fr\/wp-json\/wp\/v2\/pwb-brand?post=21940"},{"taxonomy":"product_brand","embeddable":true,"href":"https:\/\/puregrowshop.com\/fr\/wp-json\/wp\/v2\/product_brand?post=21940"},{"taxonomy":"product_cat","embeddable":true,"href":"https:\/\/puregrowshop.com\/fr\/wp-json\/wp\/v2\/product_cat?post=21940"},{"taxonomy":"product_tag","embeddable":true,"href":"https:\/\/puregrowshop.com\/fr\/wp-json\/wp\/v2\/product_tag?post=21940"}],"curies":[{"name":"wp","href":"https:\/\/api.w.org\/{rel}","templated":true}]}}