{"id":21926,"date":"2024-11-03T19:19:54","date_gmt":"2024-11-03T19:19:54","guid":{"rendered":"https:\/\/puregrowshop.com\/filtro-odorsok-200-500-1-000-m3\/"},"modified":"2025-06-25T09:22:56","modified_gmt":"2025-06-25T09:22:56","slug":"filtro-odorsok-200-500-1-000-m3","status":"publish","type":"product","link":"https:\/\/puregrowshop.com\/fr\/filtro-odorsok-200-500-1-000-m3\/","title":{"rendered":"Filtro OdorSok 200\/500 &#8211; 1.000 m3"},"content":{"rendered":"<p>&#8211; Filtro Odorsok 200\/500mm (1000 m3\/hora)<br \/>&#8211; Aconsejamos acompa\u00f1ar este producto de un ozonizador.<br \/>&#8211; Compatible con todos los ventiladores en l\u00ednea.<br \/>&#8211; Adecuado para polen, olores, humos, vapores, productos qu\u00edmicos, par\u00e1sitos, part\u00edculas, polvo, agentes contaminantes.<br \/>&#8211; F\u00e1cil de montar e instalar, fuerte y ultra-ligero.<br \/>&#8211; Uniendo dos Odorsok del mismo tama\u00f1o puedes doblar su vida \u00fatil.<br \/>&#8211; De 8 a 12 meses de duraci\u00f3n m\u00e1xima.<br \/>&#8211; Se puede lavar en la lavadora.<\/p>\n","protected":false},"excerpt":{"rendered":"<p>Filtro ligero para la eliminaci\u00f3n de olor. Construidos con un tejido especial fabricado en 3 capas con hilos y fibras de carb\u00f3n y unidos entre si para formar un compuesto multi-capa. Eliminan polen, olores, vapores, plagas, humos, polvo y poluci\u00f3n en general.<br \/>Elige la direcci\u00f3n del aire (intracci\u00f3n o extracci\u00f3n). Estructura interior \u00fanica para mantener la forma. Fuerte, muy ligero, f\u00e1cil de instalar.<br \/>Con un sistema original y \u00fanico de fabricaci\u00f3n de este tejido de carb\u00f3n tri-capa, Odorsok utiliza las virtudes tecnol\u00f3gicas del carb\u00f3n, usando carb\u00f3n activado completamente virgen y de la mayor calidad.<\/p>\n","protected":false},"featured_media":21925,"comment_status":"open","ping_status":"closed","template":"","meta":{"_bst_post_transparent":"","_bst_post_title":"","_bst_post_layout":"","_bst_post_sidebar_id":"","_bst_post_content_style":"","_bst_post_vertical_padding":"","_bst_post_feature":"","_bst_post_feature_position":"","_bst_post_header":false,"_bst_post_footer":false},"pwb-brand":[],"product_brand":[],"product_cat":[247],"product_tag":[],"class_list":{"0":"post-21926","1":"product","2":"type-product","3":"status-publish","4":"has-post-thumbnail","6":"product_cat-filtros-antiolor-marihuana","8":"first","9":"instock","10":"sale","11":"taxable","12":"shipping-taxable","13":"purchasable","14":"product-type-simple","15":"entry","16":"content-bg","17":"loop-entry"},"brands":[],"_links":{"self":[{"href":"https:\/\/puregrowshop.com\/fr\/wp-json\/wp\/v2\/product\/21926","targetHints":{"allow":["GET"]}}],"collection":[{"href":"https:\/\/puregrowshop.com\/fr\/wp-json\/wp\/v2\/product"}],"about":[{"href":"https:\/\/puregrowshop.com\/fr\/wp-json\/wp\/v2\/types\/product"}],"replies":[{"embeddable":true,"href":"https:\/\/puregrowshop.com\/fr\/wp-json\/wp\/v2\/comments?post=21926"}],"wp:featuredmedia":[{"embeddable":true,"href":"https:\/\/puregrowshop.com\/fr\/wp-json\/wp\/v2\/media\/21925"}],"wp:attachment":[{"href":"https:\/\/puregrowshop.com\/fr\/wp-json\/wp\/v2\/media?parent=21926"}],"wp:term":[{"taxonomy":"pwb-brand","embeddable":true,"href":"https:\/\/puregrowshop.com\/fr\/wp-json\/wp\/v2\/pwb-brand?post=21926"},{"taxonomy":"product_brand","embeddable":true,"href":"https:\/\/puregrowshop.com\/fr\/wp-json\/wp\/v2\/product_brand?post=21926"},{"taxonomy":"product_cat","embeddable":true,"href":"https:\/\/puregrowshop.com\/fr\/wp-json\/wp\/v2\/product_cat?post=21926"},{"taxonomy":"product_tag","embeddable":true,"href":"https:\/\/puregrowshop.com\/fr\/wp-json\/wp\/v2\/product_tag?post=21926"}],"curies":[{"name":"wp","href":"https:\/\/api.w.org\/{rel}","templated":true}]}}