{"id":21688,"date":"2024-11-03T18:26:17","date_gmt":"2024-11-03T18:26:17","guid":{"rendered":"https:\/\/puregrowshop.com\/easy2go-kit-ap400\/"},"modified":"2025-09-29T14:59:00","modified_gmt":"2025-09-29T14:59:00","slug":"easy2go-kit-ap400","status":"publish","type":"product","link":"https:\/\/puregrowshop.com\/fr\/easy2go-kit-ap400\/","title":{"rendered":"Easy2GO Kit AP400"},"content":{"rendered":"<p>Easy2GO es el \u00faltimo kit de riego para que puedas marcharte feliz de vacaciones y las plantas sigan sanas hasta tu regreso. Al incorporar el sistema patentado AQUAvalve, el Easy2GO mantendr\u00e1 sus plantas regadas durante semanas utilizando una bandeja de jardiner\u00eda simple y tope de agua. El Easy2GO se coloca directamente sobre la bandeja, junto a sus plantas, distribuyendo el agua a las macetas.<\/p>\n<p>A diferencia de otros kits, Easy2GO proporciona niveles \u00f3ptimos de agua para satisfacer los requerimientos de la planta, sin necesidad de temporizadores o la electricidad.<br \/>Easy2GO se puede instalar en cualquier lugar en el hogar, invernadero, o en el patio.<br \/>Varios kits pueden estar unidos entre s\u00ed para mantener grandes vol\u00famenes de plantas.<br \/>Es un sistema de bajo coste, flexible, que puede ser montado en cuesti\u00f3n de minutos. Simplemente necesita un recipiente de agua con una capacidad m\u00ednima de 30 litros y una bandeja de jardiner\u00eda de base plana con una profundidad m\u00ednima de 30 mm.<\/p>\n","protected":false},"excerpt":{"rendered":"<p>&#8211; 1 AquaValve<br \/>&#8211; 1 Tapa\/cubierta para AQUAvalve<br \/>&#8211; 1.5 metros de manguera de 6mm<br \/>&#8211; Filtro de golf de 6 mm.<br \/>&#8211; Filtro en l\u00ednea de 16 mm. a 6 mm.<br \/>&#8211; Necesita 1 deposito con una capacidad m\u00ednima de 30 litros + 1 bandeja con una profundidad m\u00ednima de 30 mm.<\/p>\n","protected":false},"featured_media":21687,"comment_status":"open","ping_status":"closed","template":"","meta":{"_bst_post_transparent":"","_bst_post_title":"","_bst_post_layout":"","_bst_post_sidebar_id":"","_bst_post_content_style":"","_bst_post_vertical_padding":"","_bst_post_feature":"","_bst_post_feature_position":"","_bst_post_header":false,"_bst_post_footer":false},"pwb-brand":[],"product_brand":[],"product_cat":[242],"product_tag":[],"class_list":{"0":"post-21688","1":"product","2":"type-product","3":"status-publish","4":"has-post-thumbnail","6":"product_cat-hidroponia-y-aeroponia","7":"product_shipping_class-entre-1-kg-y-5-kg","9":"first","10":"instock","11":"sale","12":"taxable","13":"shipping-taxable","14":"purchasable","15":"product-type-simple","16":"entry","17":"content-bg","18":"loop-entry"},"brands":[],"_links":{"self":[{"href":"https:\/\/puregrowshop.com\/fr\/wp-json\/wp\/v2\/product\/21688","targetHints":{"allow":["GET"]}}],"collection":[{"href":"https:\/\/puregrowshop.com\/fr\/wp-json\/wp\/v2\/product"}],"about":[{"href":"https:\/\/puregrowshop.com\/fr\/wp-json\/wp\/v2\/types\/product"}],"replies":[{"embeddable":true,"href":"https:\/\/puregrowshop.com\/fr\/wp-json\/wp\/v2\/comments?post=21688"}],"wp:featuredmedia":[{"embeddable":true,"href":"https:\/\/puregrowshop.com\/fr\/wp-json\/wp\/v2\/media\/21687"}],"wp:attachment":[{"href":"https:\/\/puregrowshop.com\/fr\/wp-json\/wp\/v2\/media?parent=21688"}],"wp:term":[{"taxonomy":"pwb-brand","embeddable":true,"href":"https:\/\/puregrowshop.com\/fr\/wp-json\/wp\/v2\/pwb-brand?post=21688"},{"taxonomy":"product_brand","embeddable":true,"href":"https:\/\/puregrowshop.com\/fr\/wp-json\/wp\/v2\/product_brand?post=21688"},{"taxonomy":"product_cat","embeddable":true,"href":"https:\/\/puregrowshop.com\/fr\/wp-json\/wp\/v2\/product_cat?post=21688"},{"taxonomy":"product_tag","embeddable":true,"href":"https:\/\/puregrowshop.com\/fr\/wp-json\/wp\/v2\/product_tag?post=21688"}],"curies":[{"name":"wp","href":"https:\/\/api.w.org\/{rel}","templated":true}]}}