{"id":21686,"date":"2024-11-03T18:26:17","date_gmt":"2024-11-03T18:26:17","guid":{"rendered":"https:\/\/puregrowshop.com\/pot-system-xl-100-deposito-750-lts-autopot-48-72-h\/"},"modified":"2025-03-11T22:52:55","modified_gmt":"2025-03-11T22:52:55","slug":"pot-system-xl-100-deposito-750-lts-autopot-48-72-h","status":"publish","type":"product","link":"https:\/\/puregrowshop.com\/fr\/pot-system-xl-100-deposito-750-lts-autopot-48-72-h\/","title":{"rendered":"Pot System XL 100 &#8211; Deposito 750 lts.  Autopot  48\/72 h."},"content":{"rendered":"<p>100Pot XL System. Consta de un gran dep\u00f3sito FlexiTank de 750 litros plegable, 100 macetas giratorias de un tama\u00f1o de 33x33cm, 37.2cm de altura y 25 litros, 100 bandejas y 100 innovadores AQUAvalve, un sistema muy sencillo y eficaz que suministra la cantidad de agua exacta cuando las plantas lo precisen. El funcionamiento es muy simple, el dep\u00f3sito de agua inundar\u00e1 por gravedad la bandeja, controlando el nivel de cada una mediante la AQUAvalve, que interrumpir\u00e1 el paso del agua sin desbordes. El agua de la bandeja es absorbida por las macetas lentamente. Una vez que las plantas consumen todo el agua y no antes, el AQUAvalve volver\u00e1 a permitir el paso del agua inundando nuevamente la bandeja, evitando as\u00ed encharcamientos prolongados.<br \/>Ideal para un espacio de 50 m2.<\/p>\n","protected":false},"excerpt":{"rendered":"<p>&#8211; Dep\u00f3sito de 750 litros<br \/>&#8211; 100 Bandejas giratorias de 33&#215;37.2 cm<br \/>&#8211; 100 Macetas de 30x30x26 de 25 litros<br \/>&#8211; 100 AQUAvalve<br \/>&#8211; Filtro<br \/>&#8211; 100 Malla de control de ra\u00edces<br \/>&#8211; 100 Malla Marix<br \/>&#8211; Adaptador para tanque y filtro de 16mm<br \/>&#8211; 5 Grifo de 16mm<br \/>&#8211; 50 metros de tuber\u00eda de 6mm<br \/>&#8211; 40 metros de tuber\u00eda de 16mm<br \/>&#8211; 50 Conector trasversal 16-6mm<\/p>\n","protected":false},"featured_media":21685,"comment_status":"open","ping_status":"closed","template":"","meta":{"_bst_post_transparent":"","_bst_post_title":"","_bst_post_layout":"","_bst_post_sidebar_id":"","_bst_post_content_style":"","_bst_post_vertical_padding":"","_bst_post_feature":"","_bst_post_feature_position":"","_bst_post_header":false,"_bst_post_footer":false},"pwb-brand":[],"product_brand":[],"product_cat":[242],"product_tag":[],"class_list":{"0":"post-21686","1":"product","2":"type-product","3":"status-publish","4":"has-post-thumbnail","6":"product_cat-hidroponia-y-aeroponia","8":"first","9":"instock","10":"sale","11":"taxable","12":"shipping-taxable","13":"purchasable","14":"product-type-simple","15":"entry","16":"content-bg","17":"loop-entry"},"brands":[],"_links":{"self":[{"href":"https:\/\/puregrowshop.com\/fr\/wp-json\/wp\/v2\/product\/21686","targetHints":{"allow":["GET"]}}],"collection":[{"href":"https:\/\/puregrowshop.com\/fr\/wp-json\/wp\/v2\/product"}],"about":[{"href":"https:\/\/puregrowshop.com\/fr\/wp-json\/wp\/v2\/types\/product"}],"replies":[{"embeddable":true,"href":"https:\/\/puregrowshop.com\/fr\/wp-json\/wp\/v2\/comments?post=21686"}],"wp:featuredmedia":[{"embeddable":true,"href":"https:\/\/puregrowshop.com\/fr\/wp-json\/wp\/v2\/media\/21685"}],"wp:attachment":[{"href":"https:\/\/puregrowshop.com\/fr\/wp-json\/wp\/v2\/media?parent=21686"}],"wp:term":[{"taxonomy":"pwb-brand","embeddable":true,"href":"https:\/\/puregrowshop.com\/fr\/wp-json\/wp\/v2\/pwb-brand?post=21686"},{"taxonomy":"product_brand","embeddable":true,"href":"https:\/\/puregrowshop.com\/fr\/wp-json\/wp\/v2\/product_brand?post=21686"},{"taxonomy":"product_cat","embeddable":true,"href":"https:\/\/puregrowshop.com\/fr\/wp-json\/wp\/v2\/product_cat?post=21686"},{"taxonomy":"product_tag","embeddable":true,"href":"https:\/\/puregrowshop.com\/fr\/wp-json\/wp\/v2\/product_tag?post=21686"}],"curies":[{"name":"wp","href":"https:\/\/api.w.org\/{rel}","templated":true}]}}