{"id":21514,"date":"2024-11-03T18:25:26","date_gmt":"2024-11-03T18:25:26","guid":{"rendered":"https:\/\/puregrowshop.com\/growstream-10-terra-aquatica-aeroflo\/"},"modified":"2025-09-29T15:23:48","modified_gmt":"2025-09-29T15:23:48","slug":"growstream-10-terra-aquatica-aeroflo","status":"publish","type":"product","link":"https:\/\/puregrowshop.com\/fr\/growstream-10-terra-aquatica-aeroflo\/","title":{"rendered":"Growstream 10 Terra Aquatica Aeroflo"},"content":{"rendered":"<p>Crecimiento y cosechas legendarios; esa es la marca de f\u00e1brica de AeroFlo. <br \/>Numerosos cultivadores, investigadores y cient\u00edficos de todo el planeta lo usan. Todos est\u00e1n de acuerdo en que ning\u00fan otro sistema garantiza los mismos niveles de crecimiento y robustez de las plantas cultivadas en ellos. <\/p>\n<p>El AeroFlo oxigena la soluci\u00f3n nutritiva y libera ox\u00edgeno, agua y abono en una combinaci\u00f3n ideal, creando en la zona de las ra\u00edces un ambiente que supera todo lo que se puede encontrar en cualquier otro lugar de la naturaleza.<br \/>Desde hace m\u00e1s de 15 a\u00f1os, la NASA utiliza AeroFlos y Flora-series en sus investigaciones sobre cultivos en el espacio.<br \/>El AeroFlo es un sistema de gama alta, que permite una oxigenaci\u00f3n perfecta de la soluci\u00f3n nutritiva y un crecimiento m\u00e1ximo de sus plantas.<br \/>Es un sistema de cultivo r\u00e1pido y manejable, que tiene la doble ventaja de servir como m\u00e1quina para esquejes y unidad de producci\u00f3n. As\u00ed le permite evitar la etapa del transplante y el choque ligado a esta operaci\u00f3n, ganando a\u00fan m\u00e1s tiempo en el ciclo de producci\u00f3n.<br \/>Los AeroFlos son modulables y flexibles. Se adaptan a cualquier espacio de cultivo:<br \/>Por su forma alargada, el AF14 puede colocarse en un balc\u00f3n o en el borde de una ventana, mientras que el AF 60L, que tiene un dep\u00f3sito grande, podr\u00e1 utilizarse m\u00e1s bien en un invern\u00e1culo.<\/p>\n<p>El AF 28 y la gama de los AFs &#8216;B&#8217; son una serie de poca altura (32cm de alto), adaptada a los espacios de techo bajo como t\u00faneles o jardines de pisos. Son extensibles hasta el infinito y se adaptan perfectamente para explotaciones comerciales.<br \/>Los AeroFlos 10, 20 y 30 s\u00f3n los \u00faltimos nacidos en la l\u00ednea de AeroFlos, para adaptarse a\u00fan mejor a sus esp\u00e1cios de cultivo.<br \/>Proponemos estudios personalizados a medida,en funci\u00f3n del espacio que disponga para su cultivo, desde invernaderos de jard\u00edn hasta invernaderos comerciales de peque\u00f1a y mediana dimensi\u00f3n.<\/p>\n","protected":false},"excerpt":{"rendered":"<p>Deposito: 50 lt.<br \/>Plantas: 10<br \/>Medidas: 110 x 50 x 50 cm.<\/p>\n","protected":false},"featured_media":21513,"comment_status":"open","ping_status":"closed","template":"","meta":{"_bst_post_transparent":"","_bst_post_title":"","_bst_post_layout":"","_bst_post_sidebar_id":"","_bst_post_content_style":"","_bst_post_vertical_padding":"","_bst_post_feature":"","_bst_post_feature_position":"","_bst_post_header":false,"_bst_post_footer":false},"pwb-brand":[],"product_brand":[],"product_cat":[242],"product_tag":[],"class_list":{"0":"post-21514","1":"product","2":"type-product","3":"status-publish","4":"has-post-thumbnail","6":"product_cat-hidroponia-y-aeroponia","7":"product_shipping_class-entre-10-kg-y-20-kg","9":"first","10":"instock","11":"sale","12":"taxable","13":"shipping-taxable","14":"purchasable","15":"product-type-simple","16":"entry","17":"content-bg","18":"loop-entry"},"brands":[],"_links":{"self":[{"href":"https:\/\/puregrowshop.com\/fr\/wp-json\/wp\/v2\/product\/21514","targetHints":{"allow":["GET"]}}],"collection":[{"href":"https:\/\/puregrowshop.com\/fr\/wp-json\/wp\/v2\/product"}],"about":[{"href":"https:\/\/puregrowshop.com\/fr\/wp-json\/wp\/v2\/types\/product"}],"replies":[{"embeddable":true,"href":"https:\/\/puregrowshop.com\/fr\/wp-json\/wp\/v2\/comments?post=21514"}],"wp:featuredmedia":[{"embeddable":true,"href":"https:\/\/puregrowshop.com\/fr\/wp-json\/wp\/v2\/media\/21513"}],"wp:attachment":[{"href":"https:\/\/puregrowshop.com\/fr\/wp-json\/wp\/v2\/media?parent=21514"}],"wp:term":[{"taxonomy":"pwb-brand","embeddable":true,"href":"https:\/\/puregrowshop.com\/fr\/wp-json\/wp\/v2\/pwb-brand?post=21514"},{"taxonomy":"product_brand","embeddable":true,"href":"https:\/\/puregrowshop.com\/fr\/wp-json\/wp\/v2\/product_brand?post=21514"},{"taxonomy":"product_cat","embeddable":true,"href":"https:\/\/puregrowshop.com\/fr\/wp-json\/wp\/v2\/product_cat?post=21514"},{"taxonomy":"product_tag","embeddable":true,"href":"https:\/\/puregrowshop.com\/fr\/wp-json\/wp\/v2\/product_tag?post=21514"}],"curies":[{"name":"wp","href":"https:\/\/api.w.org\/{rel}","templated":true}]}}