{"id":21508,"date":"2024-11-03T18:25:25","date_gmt":"2024-11-03T18:25:25","guid":{"rendered":"https:\/\/puregrowshop.com\/panda-system-aero-general-hydroponics\/"},"modified":"2025-09-29T15:10:41","modified_gmt":"2025-09-29T15:10:41","slug":"panda-system-aero-general-hydroponics","status":"publish","type":"product","link":"https:\/\/puregrowshop.com\/fr\/panda-system-aero-general-hydroponics\/","title":{"rendered":"Panda System Aero General Hydroponics"},"content":{"rendered":"<p>Cultivar es mucho m\u00e1s sencillo con el nuevo Panda Aero de General Hydroponics, el nuevo sistema de cultivo aerop\u00f3nico que sustituye al Dutch Pot Aero. Algo m\u00e1s peque\u00f1os que los Dutch Pots, est\u00e1 indicados para el cultivo de 8 a 40 plantas en funci\u00f3n del tama\u00f1o de las plantas.<\/p>\n<p>Consta de un gran dep\u00f3sito Panda de 150 litros y de un tama\u00f1o de 124 x 62 x 53 cm con el interior negro para proteger las ra\u00edces de la luz y el exterior blanco, para reflectar el calor y proteger la soluci\u00f3n nutritiva de las altas temperaturas. 8 macetas contenidas en la propia estructura del dep\u00f3sito, evitan cualquier riesgo de escape. Una bomba de agua sumergida en el dep\u00f3sito suministrar\u00e1 la soluci\u00f3n nutritiva a cada una de las 8 macetas, donde dos peque\u00f1os aspersores por maceta empapar\u00e1 las ra\u00edces suministrando en todo momento los nutrientes necesarios, volviendo al dep\u00f3sito para ser de nuevo empujada a los aspersores. En este trayecto el agua se empapa de ox\u00edgeno que potencia la capacidad nutritiva de las plantas.<\/p>\n","protected":false},"excerpt":{"rendered":"<p>Deposito: 150 lt.<br \/>Plantas: 8 &#8211; 40<br \/>Medidas: 124 x 62 x 53 cm.<br \/>Incluye 8 macetas, bomba de agua, mangueras, aspersores y<br \/>todos los accesorios necesarios para su montaje y funcionamiento.<\/p>\n","protected":false},"featured_media":21507,"comment_status":"open","ping_status":"closed","template":"","meta":{"_bst_post_transparent":"","_bst_post_title":"","_bst_post_layout":"","_bst_post_sidebar_id":"","_bst_post_content_style":"","_bst_post_vertical_padding":"","_bst_post_feature":"","_bst_post_feature_position":"","_bst_post_header":false,"_bst_post_footer":false},"pwb-brand":[],"product_brand":[],"product_cat":[242],"product_tag":[],"class_list":{"0":"post-21508","1":"product","2":"type-product","3":"status-publish","4":"has-post-thumbnail","6":"product_cat-hidroponia-y-aeroponia","7":"product_shipping_class-entre-5-kg-y-10-kg","9":"first","10":"instock","11":"sale","12":"taxable","13":"shipping-taxable","14":"purchasable","15":"product-type-simple","16":"entry","17":"content-bg","18":"loop-entry"},"brands":[],"_links":{"self":[{"href":"https:\/\/puregrowshop.com\/fr\/wp-json\/wp\/v2\/product\/21508","targetHints":{"allow":["GET"]}}],"collection":[{"href":"https:\/\/puregrowshop.com\/fr\/wp-json\/wp\/v2\/product"}],"about":[{"href":"https:\/\/puregrowshop.com\/fr\/wp-json\/wp\/v2\/types\/product"}],"replies":[{"embeddable":true,"href":"https:\/\/puregrowshop.com\/fr\/wp-json\/wp\/v2\/comments?post=21508"}],"wp:featuredmedia":[{"embeddable":true,"href":"https:\/\/puregrowshop.com\/fr\/wp-json\/wp\/v2\/media\/21507"}],"wp:attachment":[{"href":"https:\/\/puregrowshop.com\/fr\/wp-json\/wp\/v2\/media?parent=21508"}],"wp:term":[{"taxonomy":"pwb-brand","embeddable":true,"href":"https:\/\/puregrowshop.com\/fr\/wp-json\/wp\/v2\/pwb-brand?post=21508"},{"taxonomy":"product_brand","embeddable":true,"href":"https:\/\/puregrowshop.com\/fr\/wp-json\/wp\/v2\/product_brand?post=21508"},{"taxonomy":"product_cat","embeddable":true,"href":"https:\/\/puregrowshop.com\/fr\/wp-json\/wp\/v2\/product_cat?post=21508"},{"taxonomy":"product_tag","embeddable":true,"href":"https:\/\/puregrowshop.com\/fr\/wp-json\/wp\/v2\/product_tag?post=21508"}],"curies":[{"name":"wp","href":"https:\/\/api.w.org\/{rel}","templated":true}]}}