{"id":21506,"date":"2024-11-03T18:25:24","date_gmt":"2024-11-03T18:25:24","guid":{"rendered":"https:\/\/puregrowshop.com\/dutch-pots-1m2-aeroponico-general-hydroponics-48-72-h\/"},"modified":"2025-11-07T09:23:00","modified_gmt":"2025-11-07T09:23:00","slug":"dutch-pots-1m2-aeroponico-general-hydroponics-48-72-h","status":"publish","type":"product","link":"https:\/\/puregrowshop.com\/fr\/dutch-pots-1m2-aeroponico-general-hydroponics-48-72-h\/","title":{"rendered":"Dutch Pots 1m2 Aerop\u00f3nico General Hydroponics  48\/72 h."},"content":{"rendered":"<p>El Dutch Pot es, probablemente, el sistema de cultivo hidrop\u00f3nico en macetas m\u00e1s vendido en todo el mundo.<br \/>Es famoso por su simplicidad, eficiencia, bajo mantenimiento y grandes resultados. Este sistema desarrollado por General Hydroponics tambi\u00e9n est\u00e1 disponible en versi\u00f3n aerop\u00f3nica, para los aficionados a ese tipo de cultivo. <\/p>\n<p>El sistema Dutch Pot consta de un dep\u00f3sito bajo, con una estructura met\u00e1lica que soporta 12 macetas de 15 litros con arlita (no incluida), regadas mediante un sistema con tubos de riego y recirculaci\u00f3n. <\/p>\n<p>El cultivador elige a cantidad de plantas que quiere poner en cada maceta, normalmente entre 1 y 4.<\/p>\n<p>&#8211; Superf\u00edcie: 1 metro cuadrado<\/p>\n<p>&#8211; Volumen dep\u00f3sito: 90 litros<\/p>\n","protected":false},"excerpt":{"rendered":"<p>Deposito: 90 lt.<br \/>Plantas: 12 &#8211; 48<br \/>Medidas: 100 x 100 cm.<\/p>\n","protected":false},"featured_media":21505,"comment_status":"open","ping_status":"closed","template":"","meta":{"_bst_post_transparent":"","_bst_post_title":"","_bst_post_layout":"","_bst_post_sidebar_id":"","_bst_post_content_style":"","_bst_post_vertical_padding":"","_bst_post_feature":"","_bst_post_feature_position":"","_bst_post_header":false,"_bst_post_footer":false},"pwb-brand":[],"product_brand":[],"product_cat":[242],"product_tag":[],"class_list":{"0":"post-21506","1":"product","2":"type-product","3":"status-publish","4":"has-post-thumbnail","6":"product_cat-hidroponia-y-aeroponia","7":"product_shipping_class-entre-30-kg-y-40-kg","9":"first","10":"outofstock","11":"taxable","12":"shipping-taxable","13":"purchasable","14":"product-type-simple","15":"entry","16":"content-bg","17":"loop-entry"},"brands":[],"_links":{"self":[{"href":"https:\/\/puregrowshop.com\/fr\/wp-json\/wp\/v2\/product\/21506","targetHints":{"allow":["GET"]}}],"collection":[{"href":"https:\/\/puregrowshop.com\/fr\/wp-json\/wp\/v2\/product"}],"about":[{"href":"https:\/\/puregrowshop.com\/fr\/wp-json\/wp\/v2\/types\/product"}],"replies":[{"embeddable":true,"href":"https:\/\/puregrowshop.com\/fr\/wp-json\/wp\/v2\/comments?post=21506"}],"wp:featuredmedia":[{"embeddable":true,"href":"https:\/\/puregrowshop.com\/fr\/wp-json\/wp\/v2\/media\/21505"}],"wp:attachment":[{"href":"https:\/\/puregrowshop.com\/fr\/wp-json\/wp\/v2\/media?parent=21506"}],"wp:term":[{"taxonomy":"pwb-brand","embeddable":true,"href":"https:\/\/puregrowshop.com\/fr\/wp-json\/wp\/v2\/pwb-brand?post=21506"},{"taxonomy":"product_brand","embeddable":true,"href":"https:\/\/puregrowshop.com\/fr\/wp-json\/wp\/v2\/product_brand?post=21506"},{"taxonomy":"product_cat","embeddable":true,"href":"https:\/\/puregrowshop.com\/fr\/wp-json\/wp\/v2\/product_cat?post=21506"},{"taxonomy":"product_tag","embeddable":true,"href":"https:\/\/puregrowshop.com\/fr\/wp-json\/wp\/v2\/product_tag?post=21506"}],"curies":[{"name":"wp","href":"https:\/\/api.w.org\/{rel}","templated":true}]}}