{"id":21482,"date":"2024-11-03T18:25:16","date_gmt":"2024-11-03T18:25:16","guid":{"rendered":"https:\/\/puregrowshop.com\/growstream-20-terra-aquatica-aeroflo\/"},"modified":"2025-11-07T09:33:19","modified_gmt":"2025-11-07T09:33:19","slug":"growstream-20-terra-aquatica-aeroflo","status":"publish","type":"product","link":"https:\/\/puregrowshop.com\/fr\/growstream-20-terra-aquatica-aeroflo\/","title":{"rendered":"Growstream  20 Terra Aquatica Aeroflo"},"content":{"rendered":"<p>Presentamos el &quot;Growstream 20 Terra Aquatica Aeroflo&quot;, una soluci\u00f3n avanzada en tecnolog\u00eda de cultivo hidrop\u00f3nico y aerop\u00f3nico dise\u00f1ada para maximizar el crecimiento de sus plantas de manera eficiente y sostenible. Este sistema es ideal para agricultores profesionales y entusiastas del cultivo que buscan optimizar la producci\u00f3n y calidad de sus cultivos.<\/p>\n<ul>\n<li>Sistema aerop\u00f3nico de alto rendimiento que maximiza la exposici\u00f3n de las ra\u00edces al ox\u00edgeno.<\/li>\n<li>Capacidad para 20 plantas, adapt\u00e1ndose a diversas especies vegetales.<\/li>\n<li>Dise\u00f1o modular que permite f\u00e1cil expansi\u00f3n y personalizaci\u00f3n seg\u00fan las necesidades del cultivo.<\/li>\n<li>Estructura robusta y ligera con un peso de 6.5 kg, facilitando su instalaci\u00f3n y manejo.<\/li>\n<li>Construido con materiales duraderos y resistentes a la corrosi\u00f3n, asegurando una larga vida \u00fatil.<\/li>\n<\/ul>\n<p>El Growstream 20 garantiza un crecimiento m\u00e1s r\u00e1pido y vigoroso de las plantas al proporcionar un suministro constante y uniforme de nutrientes directamente a las ra\u00edces. Esto no solo acelera el ciclo de cultivo, sino que tambi\u00e9n mejora la calidad de las cosechas. Su dise\u00f1o eficiente en el uso del agua y nutrientes lo convierte en una opci\u00f3n ecol\u00f3gica y econ\u00f3mica.<\/p>\n<p>Fabricado con materiales de alta calidad, este sistema requiere un mantenimiento m\u00ednimo, permiti\u00e9ndole centrarse m\u00e1s en el cultivo y menos en el cuidado del equipo. Ideal para invernaderos, espacios interiores o cualquier entorno donde se desee un control total sobre las condiciones de cultivo.<\/p>\n","protected":false},"excerpt":{"rendered":"<p>El sistema hidrop\u00f3nico de mejor rendimiento, m\u00e1s eficiente y m\u00e1s flexible disponible.<\/p>\n<p>Utilizado por expediciones cient\u00edficas y cultivadores comerciales de todo el mundo, el AeroFlo\u00ae es EL sistema comercial sin sustrato.Con una gama de 10 a 120 plantas por unidad, y con un n\u00famero ilimitado de unidades disponibles, los sistemas AeroFlo\u00ae son realmente la forma m\u00e1s flexible de producir plantas hidrop\u00f3nicamente. <\/p>\n<p>Basado en el principio de distribuir el agua oxigenada de forma \u00f3ptima a lo largo de la unidad, el concepto AeroFlo\u00ae ofrece las ventajas de lo que se ha dado en llamar &#8216;Aeropon\u00eda&#8217;, sin los inconvenientes del calentamiento del agua y la extrema susceptibilidad a las fluctuaciones del pH.<\/p>\n<p>Los sistemas AeroFlo\u00ae funcionan con una simple bomba de agua en el dep\u00f3sito que eleva el agua hasta el tubo de crecimiento, donde se inyecta a intervalos cuidadosamente calculados. A continuaci\u00f3n, la soluci\u00f3n de nutrientes vuelve a caer por el tubo de bajada, oxigenando perfectamente el dep\u00f3sito de nutrientes a medida que lo hace: sin complejos controladores, ni m\u00faltiples bombas de aire &#8211; los sistemas AeroFlo\u00ae son incre\u00edblemente f\u00e1ciles de configurar y de hacer funcionar, de modo que puede centrarse en la gesti\u00f3n de las plantas, no en el mantenimiento del sistema.<\/p>\n","protected":false},"featured_media":21481,"comment_status":"open","ping_status":"closed","template":"","meta":{"_bst_post_transparent":"","_bst_post_title":"","_bst_post_layout":"","_bst_post_sidebar_id":"","_bst_post_content_style":"","_bst_post_vertical_padding":"","_bst_post_feature":"","_bst_post_feature_position":"","_bst_post_header":false,"_bst_post_footer":false},"pwb-brand":[],"product_brand":[],"product_cat":[242],"product_tag":[],"class_list":{"0":"post-21482","1":"product","2":"type-product","3":"status-publish","4":"has-post-thumbnail","6":"product_cat-hidroponia-y-aeroponia","7":"product_shipping_class-entre-5-kg-y-10-kg","9":"first","10":"instock","11":"taxable","12":"shipping-taxable","13":"purchasable","14":"product-type-simple","15":"entry","16":"content-bg","17":"loop-entry"},"brands":[],"_links":{"self":[{"href":"https:\/\/puregrowshop.com\/fr\/wp-json\/wp\/v2\/product\/21482","targetHints":{"allow":["GET"]}}],"collection":[{"href":"https:\/\/puregrowshop.com\/fr\/wp-json\/wp\/v2\/product"}],"about":[{"href":"https:\/\/puregrowshop.com\/fr\/wp-json\/wp\/v2\/types\/product"}],"replies":[{"embeddable":true,"href":"https:\/\/puregrowshop.com\/fr\/wp-json\/wp\/v2\/comments?post=21482"}],"wp:featuredmedia":[{"embeddable":true,"href":"https:\/\/puregrowshop.com\/fr\/wp-json\/wp\/v2\/media\/21481"}],"wp:attachment":[{"href":"https:\/\/puregrowshop.com\/fr\/wp-json\/wp\/v2\/media?parent=21482"}],"wp:term":[{"taxonomy":"pwb-brand","embeddable":true,"href":"https:\/\/puregrowshop.com\/fr\/wp-json\/wp\/v2\/pwb-brand?post=21482"},{"taxonomy":"product_brand","embeddable":true,"href":"https:\/\/puregrowshop.com\/fr\/wp-json\/wp\/v2\/product_brand?post=21482"},{"taxonomy":"product_cat","embeddable":true,"href":"https:\/\/puregrowshop.com\/fr\/wp-json\/wp\/v2\/product_cat?post=21482"},{"taxonomy":"product_tag","embeddable":true,"href":"https:\/\/puregrowshop.com\/fr\/wp-json\/wp\/v2\/product_tag?post=21482"}],"curies":[{"name":"wp","href":"https:\/\/api.w.org\/{rel}","templated":true}]}}