{"id":21480,"date":"2024-11-03T18:25:16","date_gmt":"2024-11-03T18:25:16","guid":{"rendered":"https:\/\/puregrowshop.com\/euro-waterfarm-v3-terra-aquatica\/"},"modified":"2025-09-29T15:10:41","modified_gmt":"2025-09-29T15:10:41","slug":"euro-waterfarm-v3-terra-aquatica","status":"publish","type":"product","link":"https:\/\/puregrowshop.com\/fr\/euro-waterfarm-v3-terra-aquatica\/","title":{"rendered":"Euro WaterFarm V3 Terra Aquatica"},"content":{"rendered":"<p>R\u00e1pido de montar en cualquier espacio, desde invernaderos hasta cocinas y balcones, WaterFarms puede utilizarse para cultivar plantas arom\u00e1ticas y decorativas de todos los tama\u00f1os, desde<br \/>albahaca y otras hierbas hasta \u00e1rboles peque\u00f1os.<\/p>\n<p>Este sistema funciona utilizando el aire para extraer la soluci\u00f3n nutritiva del dep\u00f3sito y dej\u00e1ndola<br \/>escurrirse a trav\u00e9s del sustrato de bolas de arcilla sobre las ra\u00edces. Este dise\u00f1o simple y fiable es incre\u00edblemente efectivo a la hora de suministrarle a las plantas una soluci\u00f3n nutritiva bien oxigenada &#8211; justamente lo que se necesita para un crecimiento y una floraci\u00f3n \u00f3ptimos &#8211; y la presentaci\u00f3n en 2 partes permite un f\u00e1cil acceso al dep\u00f3sito y a las ra\u00edces, lo que en muchos otros sistemas resulta dif\u00edcil o imposible.<\/p>\n<p>Ahora, en la versi\u00f3n 3, que cuenta con una serie de mejoras en el dise\u00f1o de sus componentes WaterFarm son:<br \/>   &#8211; Rotomoldeados en Francia a partir de un pl\u00e1stico reciclado extremadamente resistente y duradero.<br \/>   &#8211; Protectores de las ra\u00edces frente a los rayos UV y a la luz<br \/>   &#8211; Vers\u00e1tiles, adaptables y extensibles.<br \/>   &#8211; Consumo de electricidad muy bajo: menos de 2 Vatios.<\/p>\n","protected":false},"excerpt":{"rendered":"<p>Ahora, en la versi\u00f3n 3, que cuenta con una serie de mejoras en el dise\u00f1o de sus componentes WaterFarm son:<br \/>   &#8211; Rotomoldeados en Francia a partir de un pl\u00e1stico reciclado extremadamente resistente y duradero.<br \/>   &#8211; Protectores de las ra\u00edces frente a los rayos UV y a la luz<br \/>   &#8211; Vers\u00e1tiles, adaptables y extensibles.<br \/>   &#8211; Consumo de electricidad muy bajo: menos de 2 Vatios.<\/p>\n","protected":false},"featured_media":21479,"comment_status":"open","ping_status":"closed","template":"","meta":{"_bst_post_transparent":"","_bst_post_title":"","_bst_post_layout":"","_bst_post_sidebar_id":"","_bst_post_content_style":"","_bst_post_vertical_padding":"","_bst_post_feature":"","_bst_post_feature_position":"","_bst_post_header":false,"_bst_post_footer":false},"pwb-brand":[],"product_brand":[],"product_cat":[242],"product_tag":[],"class_list":{"0":"post-21480","1":"product","2":"type-product","3":"status-publish","4":"has-post-thumbnail","6":"product_cat-hidroponia-y-aeroponia","7":"product_shipping_class-entre-5-kg-y-10-kg","9":"first","10":"instock","11":"taxable","12":"shipping-taxable","13":"purchasable","14":"product-type-simple","15":"entry","16":"content-bg","17":"loop-entry"},"brands":[],"_links":{"self":[{"href":"https:\/\/puregrowshop.com\/fr\/wp-json\/wp\/v2\/product\/21480","targetHints":{"allow":["GET"]}}],"collection":[{"href":"https:\/\/puregrowshop.com\/fr\/wp-json\/wp\/v2\/product"}],"about":[{"href":"https:\/\/puregrowshop.com\/fr\/wp-json\/wp\/v2\/types\/product"}],"replies":[{"embeddable":true,"href":"https:\/\/puregrowshop.com\/fr\/wp-json\/wp\/v2\/comments?post=21480"}],"wp:featuredmedia":[{"embeddable":true,"href":"https:\/\/puregrowshop.com\/fr\/wp-json\/wp\/v2\/media\/21479"}],"wp:attachment":[{"href":"https:\/\/puregrowshop.com\/fr\/wp-json\/wp\/v2\/media?parent=21480"}],"wp:term":[{"taxonomy":"pwb-brand","embeddable":true,"href":"https:\/\/puregrowshop.com\/fr\/wp-json\/wp\/v2\/pwb-brand?post=21480"},{"taxonomy":"product_brand","embeddable":true,"href":"https:\/\/puregrowshop.com\/fr\/wp-json\/wp\/v2\/product_brand?post=21480"},{"taxonomy":"product_cat","embeddable":true,"href":"https:\/\/puregrowshop.com\/fr\/wp-json\/wp\/v2\/product_cat?post=21480"},{"taxonomy":"product_tag","embeddable":true,"href":"https:\/\/puregrowshop.com\/fr\/wp-json\/wp\/v2\/product_tag?post=21480"}],"curies":[{"name":"wp","href":"https:\/\/api.w.org\/{rel}","templated":true}]}}