{"id":21463,"date":"2024-11-03T18:25:12","date_gmt":"2024-11-03T18:25:12","guid":{"rendered":"https:\/\/puregrowshop.com\/kit-easy-2-grow-autopot-48-72-h\/"},"modified":"2025-03-11T22:52:53","modified_gmt":"2025-03-11T22:52:53","slug":"kit-easy-2-grow-autopot-48-72-h","status":"publish","type":"product","link":"https:\/\/puregrowshop.com\/fr\/kit-easy-2-grow-autopot-48-72-h\/","title":{"rendered":"Kit Easy 2 Grow Autopot  48\/72 h."},"content":{"rendered":"<p>Sistema de riego autom\u00e1tico. Este kit de riego por gravedad te permite regar tus plantas de forma autom\u00e1tica, por ejemplo durante las vacaciones. Incorpora la v\u00e1lvula Aquavalve, que suministrar\u00e1 agua a medida que las plantas la absorben. Las macetas incluidas en los kit tienen un volumen de 8,5 litros, adecuado para la mayor\u00eda de cultivadores. Este sistema se puede ampliar simplemente conectanado las bandejas entre s\u00ed.<\/p>\n<p>El kit easy2grow se puede instalar en un cultivo interior as\u00ed como en terrazas y balcones. La principal ventaja es que no necesita ni temporizador ni conexi\u00f3n el\u00e9ctrica. Incluye un dep\u00f3sito de riego de 47 litros, que debe rellenarse con agua y nutrientes cuando llega a un tercio de su capacidad.<\/p>\n","protected":false},"excerpt":{"rendered":"<p>&#8211; Dep\u00f3sito de 47 litros<br \/>&#8211; Macetas 8,5 litros: 260 x 260 x 200 mm<br \/>&#8211; Bandejas soporte 2 macetas: 575 x 275 mm<br \/>&#8211; Disco Matrix<br \/>&#8211; Malla de control de ra\u00edces<br \/>&#8211; Conexiones y accesorios<br \/>&#8211; Una Autopot Aquavalve por cada bandeja<\/p>\n","protected":false},"featured_media":21462,"comment_status":"open","ping_status":"closed","template":"","meta":{"_bst_post_transparent":"","_bst_post_title":"","_bst_post_layout":"","_bst_post_sidebar_id":"","_bst_post_content_style":"","_bst_post_vertical_padding":"","_bst_post_feature":"","_bst_post_feature_position":"","_bst_post_header":false,"_bst_post_footer":false},"pwb-brand":[],"product_brand":[],"product_cat":[242],"product_tag":[],"class_list":{"0":"post-21463","1":"product","2":"type-product","3":"status-publish","4":"has-post-thumbnail","6":"product_cat-hidroponia-y-aeroponia","8":"first","9":"outofstock","10":"taxable","11":"shipping-taxable","12":"purchasable","13":"product-type-simple","14":"entry","15":"content-bg","16":"loop-entry"},"brands":[],"_links":{"self":[{"href":"https:\/\/puregrowshop.com\/fr\/wp-json\/wp\/v2\/product\/21463","targetHints":{"allow":["GET"]}}],"collection":[{"href":"https:\/\/puregrowshop.com\/fr\/wp-json\/wp\/v2\/product"}],"about":[{"href":"https:\/\/puregrowshop.com\/fr\/wp-json\/wp\/v2\/types\/product"}],"replies":[{"embeddable":true,"href":"https:\/\/puregrowshop.com\/fr\/wp-json\/wp\/v2\/comments?post=21463"}],"wp:featuredmedia":[{"embeddable":true,"href":"https:\/\/puregrowshop.com\/fr\/wp-json\/wp\/v2\/media\/21462"}],"wp:attachment":[{"href":"https:\/\/puregrowshop.com\/fr\/wp-json\/wp\/v2\/media?parent=21463"}],"wp:term":[{"taxonomy":"pwb-brand","embeddable":true,"href":"https:\/\/puregrowshop.com\/fr\/wp-json\/wp\/v2\/pwb-brand?post=21463"},{"taxonomy":"product_brand","embeddable":true,"href":"https:\/\/puregrowshop.com\/fr\/wp-json\/wp\/v2\/product_brand?post=21463"},{"taxonomy":"product_cat","embeddable":true,"href":"https:\/\/puregrowshop.com\/fr\/wp-json\/wp\/v2\/product_cat?post=21463"},{"taxonomy":"product_tag","embeddable":true,"href":"https:\/\/puregrowshop.com\/fr\/wp-json\/wp\/v2\/product_tag?post=21463"}],"curies":[{"name":"wp","href":"https:\/\/api.w.org\/{rel}","templated":true}]}}