{"id":21441,"date":"2024-11-03T18:25:05","date_gmt":"2024-11-03T18:25:05","guid":{"rendered":"https:\/\/puregrowshop.com\/panda-system-hydro-general-hydroponics\/"},"modified":"2025-09-29T15:10:41","modified_gmt":"2025-09-29T15:10:41","slug":"panda-system-hydro-general-hydroponics","status":"publish","type":"product","link":"https:\/\/puregrowshop.com\/fr\/panda-system-hydro-general-hydroponics\/","title":{"rendered":"Panda System Hydro General Hydroponics"},"content":{"rendered":"<p>Sistema de cultivo hidrop\u00f3nico con capacidad de 8 a 40 plantas de marihuana. Uno de los hidrop\u00f3nicos m\u00e1s fiables y sencillos de manejar. El dep\u00f3sito de gran tama\u00f1o ayuda a mantener estable el nivel de pH y nutrientes durante m\u00e1s d\u00edas, disminuyendo el trabajo del cultivador.<\/p>\n","protected":false},"excerpt":{"rendered":"<p>&#8211; Volumen dep\u00f3sito: 150 L<br \/>&#8211; Dimensiones: 124 x 62 x 53 cm<br \/>&#8211; Indicados para el crecimiento de 8 a 40 plantas<br \/>&#8211; Interior negro, para proteger las ra\u00edces de la luz<br \/>&#8211; Exterior blanco, para reflectar el calor y proteger la soluci\u00f3n nutritiva de las altas temperaturas<br \/>&#8211; Los tiestos est\u00e1n contenidos en su propio dep\u00f3sito, por lo que no hay riesgo de escapes<\/p>\n","protected":false},"featured_media":21440,"comment_status":"open","ping_status":"closed","template":"","meta":{"_bst_post_transparent":"","_bst_post_title":"","_bst_post_layout":"","_bst_post_sidebar_id":"","_bst_post_content_style":"","_bst_post_vertical_padding":"","_bst_post_feature":"","_bst_post_feature_position":"","_bst_post_header":false,"_bst_post_footer":false},"pwb-brand":[],"product_brand":[],"product_cat":[242],"product_tag":[],"class_list":{"0":"post-21441","1":"product","2":"type-product","3":"status-publish","4":"has-post-thumbnail","6":"product_cat-hidroponia-y-aeroponia","7":"product_shipping_class-entre-5-kg-y-10-kg","9":"first","10":"instock","11":"taxable","12":"shipping-taxable","13":"purchasable","14":"product-type-simple","15":"entry","16":"content-bg","17":"loop-entry"},"brands":[],"_links":{"self":[{"href":"https:\/\/puregrowshop.com\/fr\/wp-json\/wp\/v2\/product\/21441","targetHints":{"allow":["GET"]}}],"collection":[{"href":"https:\/\/puregrowshop.com\/fr\/wp-json\/wp\/v2\/product"}],"about":[{"href":"https:\/\/puregrowshop.com\/fr\/wp-json\/wp\/v2\/types\/product"}],"replies":[{"embeddable":true,"href":"https:\/\/puregrowshop.com\/fr\/wp-json\/wp\/v2\/comments?post=21441"}],"wp:featuredmedia":[{"embeddable":true,"href":"https:\/\/puregrowshop.com\/fr\/wp-json\/wp\/v2\/media\/21440"}],"wp:attachment":[{"href":"https:\/\/puregrowshop.com\/fr\/wp-json\/wp\/v2\/media?parent=21441"}],"wp:term":[{"taxonomy":"pwb-brand","embeddable":true,"href":"https:\/\/puregrowshop.com\/fr\/wp-json\/wp\/v2\/pwb-brand?post=21441"},{"taxonomy":"product_brand","embeddable":true,"href":"https:\/\/puregrowshop.com\/fr\/wp-json\/wp\/v2\/product_brand?post=21441"},{"taxonomy":"product_cat","embeddable":true,"href":"https:\/\/puregrowshop.com\/fr\/wp-json\/wp\/v2\/product_cat?post=21441"},{"taxonomy":"product_tag","embeddable":true,"href":"https:\/\/puregrowshop.com\/fr\/wp-json\/wp\/v2\/product_tag?post=21441"}],"curies":[{"name":"wp","href":"https:\/\/api.w.org\/{rel}","templated":true}]}}