{"id":21439,"date":"2024-11-03T18:25:05","date_gmt":"2024-11-03T18:25:05","guid":{"rendered":"https:\/\/puregrowshop.com\/dwc-pot-25-l\/"},"modified":"2025-09-29T14:59:00","modified_gmt":"2025-09-29T14:59:00","slug":"dwc-pot-25-l","status":"publish","type":"product","link":"https:\/\/puregrowshop.com\/fr\/dwc-pot-25-l\/","title":{"rendered":"DWC Pot 25 l"},"content":{"rendered":"<p>DWC POT. Es un Sistema de cultivo hidrop\u00f3nico del tipo DWC (Deep Water Culture), lo que significa que las ra\u00edces est\u00e1n en contacto cont\u00ednuo con el agua. Las plantas cultivadas en el sistema de cultivo DWC POT crecen sanas y con mucha rapidez; las ra\u00edces est\u00e1n alimentadas constantemente con nutrientes y ox\u00edgeno, a trav\u00e9s de la piedra cer\u00e1mica de alta calidad.<\/p>\n<p>Un factor a considerar, es la cantidad de ox\u00edgeno aportado a la ra\u00edz. Las plantas cultivadas en el sistema de cultivo DWC POT reciben grandes cantidades de ox\u00edgeno, para conseguir un nivel de desarrollo m\u00e1s alto, siendo a la vez, uno de los sistemas m\u00e1s f\u00e1ciles de utilizar y uno de los sistemas hidrop\u00f3nicos mas efectivos y econ\u00f3micos.<\/p>\n<p>Para un uso correcto de este sistema hidrop\u00f3nico se recomienda que los tallos se sumerjan 2 cm por debajo del nivel del agua hasta que desarrolle el sistema radicular, reduciendo posteriormente este nivel para un mejor resultado.<\/p>\n","protected":false},"excerpt":{"rendered":"<p>&#8211; Cubo de 25 Litros (1 Ud.)<br \/>&#8211; Tapa (1 Ud.)<br \/>&#8211; Bomba de aire Elite 801 (1 Ud.)<br \/>&#8211; Tubo At\u00f3xico de Silicona 1,25 m.(1 Ud.)<br \/>&#8211; Codo 90\u00ba (1 Ud.)<br \/>&#8211; \u201cT\u201d de aire (1 Ud.)<br \/>&#8211; Tubo de nivel (1 ud.)<br \/>&#8211; Junta herm\u00e9tica (1Ud.)<br \/>&#8211; Piedra difusora 15cm (2 Uds.)<br \/>&#8211; Maceta Rejilla 20,5 cm\u00d8<\/p>\n","protected":false},"featured_media":21438,"comment_status":"open","ping_status":"closed","template":"","meta":{"_bst_post_transparent":"","_bst_post_title":"","_bst_post_layout":"","_bst_post_sidebar_id":"","_bst_post_content_style":"","_bst_post_vertical_padding":"","_bst_post_feature":"","_bst_post_feature_position":"","_bst_post_header":false,"_bst_post_footer":false},"pwb-brand":[],"product_brand":[],"product_cat":[242],"product_tag":[],"class_list":{"0":"post-21439","1":"product","2":"type-product","3":"status-publish","4":"has-post-thumbnail","6":"product_cat-hidroponia-y-aeroponia","7":"product_shipping_class-entre-1-kg-y-5-kg","9":"first","10":"instock","11":"taxable","12":"shipping-taxable","13":"purchasable","14":"product-type-simple","15":"entry","16":"content-bg","17":"loop-entry"},"brands":[],"_links":{"self":[{"href":"https:\/\/puregrowshop.com\/fr\/wp-json\/wp\/v2\/product\/21439","targetHints":{"allow":["GET"]}}],"collection":[{"href":"https:\/\/puregrowshop.com\/fr\/wp-json\/wp\/v2\/product"}],"about":[{"href":"https:\/\/puregrowshop.com\/fr\/wp-json\/wp\/v2\/types\/product"}],"replies":[{"embeddable":true,"href":"https:\/\/puregrowshop.com\/fr\/wp-json\/wp\/v2\/comments?post=21439"}],"wp:featuredmedia":[{"embeddable":true,"href":"https:\/\/puregrowshop.com\/fr\/wp-json\/wp\/v2\/media\/21438"}],"wp:attachment":[{"href":"https:\/\/puregrowshop.com\/fr\/wp-json\/wp\/v2\/media?parent=21439"}],"wp:term":[{"taxonomy":"pwb-brand","embeddable":true,"href":"https:\/\/puregrowshop.com\/fr\/wp-json\/wp\/v2\/pwb-brand?post=21439"},{"taxonomy":"product_brand","embeddable":true,"href":"https:\/\/puregrowshop.com\/fr\/wp-json\/wp\/v2\/product_brand?post=21439"},{"taxonomy":"product_cat","embeddable":true,"href":"https:\/\/puregrowshop.com\/fr\/wp-json\/wp\/v2\/product_cat?post=21439"},{"taxonomy":"product_tag","embeddable":true,"href":"https:\/\/puregrowshop.com\/fr\/wp-json\/wp\/v2\/product_tag?post=21439"}],"curies":[{"name":"wp","href":"https:\/\/api.w.org\/{rel}","templated":true}]}}