{"id":21415,"date":"2024-11-03T18:12:51","date_gmt":"2024-11-03T18:12:51","guid":{"rendered":"https:\/\/puregrowshop.com\/deshumidificador-0-3-lt-cornwall-electronics-mini\/"},"modified":"2025-07-11T09:22:31","modified_gmt":"2025-07-11T09:22:31","slug":"deshumidificador-0-3-lt-cornwall-electronics-mini","status":"publish","type":"product","link":"https:\/\/puregrowshop.com\/fr\/deshumidificador-0-3-lt-cornwall-electronics-mini\/","title":{"rendered":"Deshumidificador 0.3 lt. Cornwall Electronics Mini"},"content":{"rendered":"<p>Posee dimensiones de 17 x 22 x 14 cm.<br \/>Es capaz de extraer hasta 300 ml de agua por d\u00eda y depositarlos en su contenedor interno. Cabe resaltar que al llegar esta cantidad de l\u00edquido, se activa el sistema de apagado autom\u00e1tico para evitar posibles derrames o consumo adicional de energ\u00eda. <br \/>Se encuentra entre los mejores para cultivos de armarios de hasta 1 x 1 x 2 y con humedad de hasta 65%.<br \/>Es bastante silencioso y est\u00e1 elaborado con materiales de calidad<br \/>Tiene un bajo consumo de electricidad de solo 75 W.<\/p>\n","protected":false},"excerpt":{"rendered":"<p>Elimina el problema del moho manteniendo el ambiente libre de humedad no deseada.<br \/>Ideal para un armario de cultivo.<\/p>\n","protected":false},"featured_media":21414,"comment_status":"open","ping_status":"closed","template":"","meta":{"_bst_post_transparent":"","_bst_post_title":"","_bst_post_layout":"","_bst_post_sidebar_id":"","_bst_post_content_style":"","_bst_post_vertical_padding":"","_bst_post_feature":"","_bst_post_feature_position":"","_bst_post_header":false,"_bst_post_footer":false},"pwb-brand":[],"product_brand":[],"product_cat":[238],"product_tag":[],"class_list":{"0":"post-21415","1":"product","2":"type-product","3":"status-publish","4":"has-post-thumbnail","6":"product_cat-deshumidificadores","8":"first","9":"instock","10":"sale","11":"taxable","12":"shipping-taxable","13":"purchasable","14":"product-type-simple","15":"entry","16":"content-bg","17":"loop-entry"},"brands":[],"_links":{"self":[{"href":"https:\/\/puregrowshop.com\/fr\/wp-json\/wp\/v2\/product\/21415","targetHints":{"allow":["GET"]}}],"collection":[{"href":"https:\/\/puregrowshop.com\/fr\/wp-json\/wp\/v2\/product"}],"about":[{"href":"https:\/\/puregrowshop.com\/fr\/wp-json\/wp\/v2\/types\/product"}],"replies":[{"embeddable":true,"href":"https:\/\/puregrowshop.com\/fr\/wp-json\/wp\/v2\/comments?post=21415"}],"wp:featuredmedia":[{"embeddable":true,"href":"https:\/\/puregrowshop.com\/fr\/wp-json\/wp\/v2\/media\/21414"}],"wp:attachment":[{"href":"https:\/\/puregrowshop.com\/fr\/wp-json\/wp\/v2\/media?parent=21415"}],"wp:term":[{"taxonomy":"pwb-brand","embeddable":true,"href":"https:\/\/puregrowshop.com\/fr\/wp-json\/wp\/v2\/pwb-brand?post=21415"},{"taxonomy":"product_brand","embeddable":true,"href":"https:\/\/puregrowshop.com\/fr\/wp-json\/wp\/v2\/product_brand?post=21415"},{"taxonomy":"product_cat","embeddable":true,"href":"https:\/\/puregrowshop.com\/fr\/wp-json\/wp\/v2\/product_cat?post=21415"},{"taxonomy":"product_tag","embeddable":true,"href":"https:\/\/puregrowshop.com\/fr\/wp-json\/wp\/v2\/product_tag?post=21415"}],"curies":[{"name":"wp","href":"https:\/\/api.w.org\/{rel}","templated":true}]}}