{"id":21376,"date":"2024-11-03T18:12:41","date_gmt":"2024-11-03T18:12:41","guid":{"rendered":"https:\/\/puregrowshop.com\/controlador-de-velocidad-satellite-4-amp-can-fan\/"},"modified":"2025-03-11T22:53:31","modified_gmt":"2025-03-11T22:53:31","slug":"controlador-de-velocidad-satellite-4-amp-can-fan","status":"publish","type":"product","link":"https:\/\/puregrowshop.com\/fr\/controlador-de-velocidad-satellite-4-amp-can-fan\/","title":{"rendered":"Controlador de Velocidad Satellite 4 Amp. Can Fan"},"content":{"rendered":"<p> Plug and play.<br \/> Extremadamente f\u00e1cil de usar.<br \/> 100% compatible con Iso-Max y Max Fan 1 velocidad.<br \/> Transformador de 6 pasos.<br \/> Control total en combinaci\u00f3n con el Fan Controller EC.<br \/> Control de velocidad sin ruido.<\/p>\n","protected":false},"excerpt":{"rendered":"<p>El Controlador Satellite 4A de Can Fan utiliza un transformador de 4A a 6 pasos, que controlar\u00e1 la velocidad,<br \/>sin vibraciones ni ruidos, de uno o dos Iso-Max 1 velocidad, como extractores de aire,<br \/>o uno para extracci\u00f3n y el otro para la entrada de aire.<\/p>\n<p>El ventilador de entrada deber\u00e1 funcionar un paso detr\u00e1s del ventilador de salida para asegurar una presi\u00f3n negativa.<br \/>Para tener un control completo, el Satellite 4A est\u00e1 equipado con una conexi\u00f3n tipo Jack que permite conectarlo,<br \/>con nuestro controlador Can Fan LCD EC, aportando las 13 funciones de control extra.<\/p>\n<p>Temperatura, humedad, sensor de d\u00eda y noche, velocidad m\u00ednima y m\u00e1xima, etc. Funciones que hasta hoy,<br \/>solo estaban disponibles para los motores EC, ahora tambi\u00e9n para Iso-Max.<\/p>\n<p>Con el primer controlador de velocidad de ventilador 100% compatible con la velocidad Iso-Max 1,<br \/>puede controlar su ventilador de una velocidad, y otros ventiladores, sin ning\u00fan Ruido o vibraci\u00f3n.<br \/>El Satellite se puede utilizar con los siguientes productos:<\/p>\n<p>    Iso-Max 1 velocidad (todas las medidas).<br \/>    Iso-Max 250 \/ 1480.<br \/>    Iso-Max 250 \/ 2310.<br \/>    Iso-Max 315 \/ 2380.<br \/>    Iso-Max 315 \/ 3260.<\/p>\n<p>    Max Fan 250\/ 1625.<br \/>    Max Fan 250\/1740.<br \/>    Max Fan 280\/2360.<br \/>    Max Fan 315\/3510.<br \/>    Max Fan 355\/2580.<\/p>\n","protected":false},"featured_media":21375,"comment_status":"open","ping_status":"closed","template":"","meta":{"_bst_post_transparent":"","_bst_post_title":"","_bst_post_layout":"","_bst_post_sidebar_id":"","_bst_post_content_style":"","_bst_post_vertical_padding":"","_bst_post_feature":"","_bst_post_feature_position":"","_bst_post_header":false,"_bst_post_footer":false},"pwb-brand":[],"product_brand":[],"product_cat":[237],"product_tag":[],"class_list":{"0":"post-21376","1":"product","2":"type-product","3":"status-publish","4":"has-post-thumbnail","6":"product_cat-controladores-clima","8":"first","9":"instock","10":"sale","11":"taxable","12":"shipping-taxable","13":"purchasable","14":"product-type-simple","15":"entry","16":"content-bg","17":"loop-entry"},"brands":[],"_links":{"self":[{"href":"https:\/\/puregrowshop.com\/fr\/wp-json\/wp\/v2\/product\/21376","targetHints":{"allow":["GET"]}}],"collection":[{"href":"https:\/\/puregrowshop.com\/fr\/wp-json\/wp\/v2\/product"}],"about":[{"href":"https:\/\/puregrowshop.com\/fr\/wp-json\/wp\/v2\/types\/product"}],"replies":[{"embeddable":true,"href":"https:\/\/puregrowshop.com\/fr\/wp-json\/wp\/v2\/comments?post=21376"}],"wp:featuredmedia":[{"embeddable":true,"href":"https:\/\/puregrowshop.com\/fr\/wp-json\/wp\/v2\/media\/21375"}],"wp:attachment":[{"href":"https:\/\/puregrowshop.com\/fr\/wp-json\/wp\/v2\/media?parent=21376"}],"wp:term":[{"taxonomy":"pwb-brand","embeddable":true,"href":"https:\/\/puregrowshop.com\/fr\/wp-json\/wp\/v2\/pwb-brand?post=21376"},{"taxonomy":"product_brand","embeddable":true,"href":"https:\/\/puregrowshop.com\/fr\/wp-json\/wp\/v2\/product_brand?post=21376"},{"taxonomy":"product_cat","embeddable":true,"href":"https:\/\/puregrowshop.com\/fr\/wp-json\/wp\/v2\/product_cat?post=21376"},{"taxonomy":"product_tag","embeddable":true,"href":"https:\/\/puregrowshop.com\/fr\/wp-json\/wp\/v2\/product_tag?post=21376"}],"curies":[{"name":"wp","href":"https:\/\/api.w.org\/{rel}","templated":true}]}}