{"id":21374,"date":"2024-11-03T18:12:41","date_gmt":"2024-11-03T18:12:41","guid":{"rendered":"https:\/\/puregrowshop.com\/controlador-ram-air-pro-ii-temperatura-velocidad-minima\/"},"modified":"2025-03-11T22:53:17","modified_gmt":"2025-03-11T22:53:17","slug":"controlador-ram-air-pro-ii-temperatura-velocidad-minima","status":"publish","type":"product","link":"https:\/\/puregrowshop.com\/fr\/controlador-ram-air-pro-ii-temperatura-velocidad-minima\/","title":{"rendered":"Controlador Ram Air-Pro II Temperatura \/ Velocidad M\u00ednima"},"content":{"rendered":"<p>RAM AIR-PRO II es un controlador de climatizaci\u00f3n interior inteligente y silencioso dise\u00f1ado para controlar termost\u00e1ticamente ventiladores de extracci\u00f3n y admisi\u00f3n, controlando y manteniendo la presi\u00f3n del aire y la temperatura deseada en la habitaci\u00f3n. S\u00f3lo hay que enchufar los ventiladores y ajustar la temperatura del aire y la velocidad\/equilibrio de los ventiladores que desea y el controlador AIR-PRO II har\u00e1 el resto, manteniendo una temperatura constante en la habitaci\u00f3n y brind\u00e1ndole pleno control sobre la presi\u00f3n negativa. RAM AIR-PRO II cuenta con un sensor remoto para termostato y ajuste de temperatura, as\u00ed como control de la velocidad de ventiladores gemelos.<\/p>\n<p>Ventajas:<br \/>   &#8211; Aprende la velocidad \u00f3ptima de los ventiladores para la temperatura\/presi\u00f3n que desea. El controlador calcula autom\u00e1ticamente la velocidad de funcionamiento de los ventiladores y, a partir de este dato, los modula (reduce) a una \u00fanica velocidad de funcionamiento que mantiene la temperatura precisa que se le ha ajustado.<br \/>   &#8211; Limita el ruido de los ventiladores al evitar un exceso del caudal del aire.<br \/>   &#8211; Alarga la vida \u00fatil de los ventiladores y ahorra energ\u00eda.<br \/>   &#8211; Controla la mayor\u00eda de tama\u00f1os de ventiladores.<\/p>\n","protected":false},"excerpt":{"rendered":"<p>Especificaciones T\u00e9cnicas:<br \/>   &#8211; Controla 2 ventiladores de extracci\u00f3n en l\u00ednea.<br \/>   &#8211; 1 Sensor remoto para termostato, 2 m.<br \/>   &#8211; Control variable de temperatura.<br \/>   &#8211; Control variable de la velocidad del ventilador<br \/>   &#8211; Pantalla digital.<br \/>   &#8211; 1 cable de alimentaci\u00f3n 2 m.<\/p>\n","protected":false},"featured_media":21373,"comment_status":"open","ping_status":"closed","template":"","meta":{"_bst_post_transparent":"","_bst_post_title":"","_bst_post_layout":"","_bst_post_sidebar_id":"","_bst_post_content_style":"","_bst_post_vertical_padding":"","_bst_post_feature":"","_bst_post_feature_position":"","_bst_post_header":false,"_bst_post_footer":false},"pwb-brand":[],"product_brand":[],"product_cat":[237],"product_tag":[],"class_list":{"0":"post-21374","1":"product","2":"type-product","3":"status-publish","4":"has-post-thumbnail","6":"product_cat-controladores-clima","8":"first","9":"instock","10":"sale","11":"taxable","12":"shipping-taxable","13":"purchasable","14":"product-type-simple","15":"entry","16":"content-bg","17":"loop-entry"},"brands":[],"_links":{"self":[{"href":"https:\/\/puregrowshop.com\/fr\/wp-json\/wp\/v2\/product\/21374","targetHints":{"allow":["GET"]}}],"collection":[{"href":"https:\/\/puregrowshop.com\/fr\/wp-json\/wp\/v2\/product"}],"about":[{"href":"https:\/\/puregrowshop.com\/fr\/wp-json\/wp\/v2\/types\/product"}],"replies":[{"embeddable":true,"href":"https:\/\/puregrowshop.com\/fr\/wp-json\/wp\/v2\/comments?post=21374"}],"wp:featuredmedia":[{"embeddable":true,"href":"https:\/\/puregrowshop.com\/fr\/wp-json\/wp\/v2\/media\/21373"}],"wp:attachment":[{"href":"https:\/\/puregrowshop.com\/fr\/wp-json\/wp\/v2\/media?parent=21374"}],"wp:term":[{"taxonomy":"pwb-brand","embeddable":true,"href":"https:\/\/puregrowshop.com\/fr\/wp-json\/wp\/v2\/pwb-brand?post=21374"},{"taxonomy":"product_brand","embeddable":true,"href":"https:\/\/puregrowshop.com\/fr\/wp-json\/wp\/v2\/product_brand?post=21374"},{"taxonomy":"product_cat","embeddable":true,"href":"https:\/\/puregrowshop.com\/fr\/wp-json\/wp\/v2\/product_cat?post=21374"},{"taxonomy":"product_tag","embeddable":true,"href":"https:\/\/puregrowshop.com\/fr\/wp-json\/wp\/v2\/product_tag?post=21374"}],"curies":[{"name":"wp","href":"https:\/\/api.w.org\/{rel}","templated":true}]}}