{"id":21370,"date":"2024-11-03T18:12:40","date_gmt":"2024-11-03T18:12:40","guid":{"rendered":"https:\/\/puregrowshop.com\/controlador-gse-temperatura-histeresis-10-amp-velocidad-minima\/"},"modified":"2025-03-11T22:52:59","modified_gmt":"2025-03-11T22:52:59","slug":"controlador-gse-temperatura-histeresis-10-amp-velocidad-minima","status":"publish","type":"product","link":"https:\/\/puregrowshop.com\/fr\/controlador-gse-temperatura-histeresis-10-amp-velocidad-minima\/","title":{"rendered":"Controlador GSE Temperatura &#038; Histeresis 10 amp. &#038; Velocidad Minima"},"content":{"rendered":"<p>Regulador de extracci\u00f3n con capacidad de salida de 10 amperios, en el que podremos regular con cuatro mandos la temperatura de consigna, revoluciones m\u00e1ximas, m\u00ednimas e hist\u00e9resis de funcionamiento del aparato de manera muy sencilla.<\/p>\n","protected":false},"excerpt":{"rendered":"<p>&#8211; Controlador Temperatura  <br \/>&#8211; Histeresis 10 amp. <br \/>&#8211; Regulador de extracci\u00f3n <br \/>&#8211; Controlador : 160x100x90mm <br \/>&#8211; Dise\u00f1ado para: 1&#215;2.300W \/ TRIAC 1x45A<br \/>&#8211; Voltios: 230V \/ 50Hz<br \/>&#8211; Digital sensor 5V <br \/>&#8211; Mide temperaturas de -55 \u00b0 C a +125 \u00b0 C (-67 \u00b0 F a +257 \u00b0 F)<br \/>&#8211; Precisi\u00f3n de -10 \u00b0 C a +85 \u00b0 <br \/>&#8211; Clase de protecci\u00f3n IP44<\/p>\n","protected":false},"featured_media":21369,"comment_status":"open","ping_status":"closed","template":"","meta":{"_bst_post_transparent":"","_bst_post_title":"","_bst_post_layout":"","_bst_post_sidebar_id":"","_bst_post_content_style":"","_bst_post_vertical_padding":"","_bst_post_feature":"","_bst_post_feature_position":"","_bst_post_header":false,"_bst_post_footer":false},"pwb-brand":[],"product_brand":[],"product_cat":[237],"product_tag":[],"class_list":{"0":"post-21370","1":"product","2":"type-product","3":"status-publish","4":"has-post-thumbnail","6":"product_cat-controladores-clima","8":"first","9":"instock","10":"sale","11":"taxable","12":"shipping-taxable","13":"purchasable","14":"product-type-simple","15":"entry","16":"content-bg","17":"loop-entry"},"brands":[],"_links":{"self":[{"href":"https:\/\/puregrowshop.com\/fr\/wp-json\/wp\/v2\/product\/21370","targetHints":{"allow":["GET"]}}],"collection":[{"href":"https:\/\/puregrowshop.com\/fr\/wp-json\/wp\/v2\/product"}],"about":[{"href":"https:\/\/puregrowshop.com\/fr\/wp-json\/wp\/v2\/types\/product"}],"replies":[{"embeddable":true,"href":"https:\/\/puregrowshop.com\/fr\/wp-json\/wp\/v2\/comments?post=21370"}],"wp:featuredmedia":[{"embeddable":true,"href":"https:\/\/puregrowshop.com\/fr\/wp-json\/wp\/v2\/media\/21369"}],"wp:attachment":[{"href":"https:\/\/puregrowshop.com\/fr\/wp-json\/wp\/v2\/media?parent=21370"}],"wp:term":[{"taxonomy":"pwb-brand","embeddable":true,"href":"https:\/\/puregrowshop.com\/fr\/wp-json\/wp\/v2\/pwb-brand?post=21370"},{"taxonomy":"product_brand","embeddable":true,"href":"https:\/\/puregrowshop.com\/fr\/wp-json\/wp\/v2\/product_brand?post=21370"},{"taxonomy":"product_cat","embeddable":true,"href":"https:\/\/puregrowshop.com\/fr\/wp-json\/wp\/v2\/product_cat?post=21370"},{"taxonomy":"product_tag","embeddable":true,"href":"https:\/\/puregrowshop.com\/fr\/wp-json\/wp\/v2\/product_tag?post=21370"}],"curies":[{"name":"wp","href":"https:\/\/api.w.org\/{rel}","templated":true}]}}