{"id":21360,"date":"2024-11-03T18:12:38","date_gmt":"2024-11-03T18:12:38","guid":{"rendered":"https:\/\/puregrowshop.com\/controlador-gse-temperatura-baja-presion\/"},"modified":"2026-03-18T21:22:42","modified_gmt":"2026-03-18T21:22:42","slug":"controlador-gse-temperatura-baja-presion","status":"publish","type":"product","link":"https:\/\/puregrowshop.com\/fr\/controlador-gse-temperatura-baja-presion\/","title":{"rendered":"Controlador GSE Temperatura &#038; Baja Presion"},"content":{"rendered":"<p>El controlador del ventilador digital, es un controlador de velocidad que depende de la temperatura para habitaciones con el flujo de aire dentro y fuera. El controlador del ventilador mantiene la temperatura constante y bajo presi\u00f3n para evitar que el olor se escape. Puede ser controlado f\u00e1cilmente, ajustando la temperatura requerida, la velocidad m\u00ednima y la presi\u00f3n de su habitaci\u00f3n.<\/p>\n<p>El controlador se presenta como una pieza acabada y est\u00e1 listo para usar. Este controlador del ventilador confiable viene con una tapa sellada resistente al agua. Sensor de baja tensi\u00f3n que es perfecto para ambientes h\u00famedos. El sensor viene con un cable de 4 metros de largo y se puede ampliar hasta 50 metros.<\/p>\n","protected":false},"excerpt":{"rendered":"<p>&#8211; Controlador: WxHxD = 160x100x90mm <br \/>&#8211; Dise\u00f1ado para: 2A \/ 2x200W \/ TRIAC 2x16A <br \/>&#8211; Dise\u00f1ado para: 16A \/ 3600W \/ TRIAC 2x45A <br \/>&#8211; Voltios: 230V \/ 50Hz 5V sensor digital.<br \/>&#8211; Temperaturas de -55 \u00b0 C a + 125 \u00b0 C (-67 \u00b0 F a + 257 \u00b0 F).<br \/>&#8211; Precisi\u00f3n de 0,5 \u00b0 C de -10 \u00b0 C a + 85 \u00b0 C.<br \/>&#8211; Protecci\u00f3n IP44<br \/>&#8211; Temperatura: 20 \u00b0 C \u00b0 a -30C \u00b0 <br \/>&#8211; Velocidad m\u00ednima: off, 20% -100% <br \/>&#8211; Presi\u00f3n negativa: 100% a -50%<\/p>\n","protected":false},"featured_media":21359,"comment_status":"open","ping_status":"closed","template":"","meta":{"_bst_post_transparent":"","_bst_post_title":"","_bst_post_layout":"","_bst_post_sidebar_id":"","_bst_post_content_style":"","_bst_post_vertical_padding":"","_bst_post_feature":"","_bst_post_feature_position":"","_bst_post_header":false,"_bst_post_footer":false},"pwb-brand":[],"product_brand":[],"product_cat":[237],"product_tag":[],"class_list":{"0":"post-21360","1":"product","2":"type-product","3":"status-publish","4":"has-post-thumbnail","6":"product_cat-controladores-clima","8":"first","9":"outofstock","10":"sale","11":"taxable","12":"shipping-taxable","13":"purchasable","14":"product-type-simple","15":"entry","16":"content-bg","17":"loop-entry"},"brands":[],"_links":{"self":[{"href":"https:\/\/puregrowshop.com\/fr\/wp-json\/wp\/v2\/product\/21360","targetHints":{"allow":["GET"]}}],"collection":[{"href":"https:\/\/puregrowshop.com\/fr\/wp-json\/wp\/v2\/product"}],"about":[{"href":"https:\/\/puregrowshop.com\/fr\/wp-json\/wp\/v2\/types\/product"}],"replies":[{"embeddable":true,"href":"https:\/\/puregrowshop.com\/fr\/wp-json\/wp\/v2\/comments?post=21360"}],"wp:featuredmedia":[{"embeddable":true,"href":"https:\/\/puregrowshop.com\/fr\/wp-json\/wp\/v2\/media\/21359"}],"wp:attachment":[{"href":"https:\/\/puregrowshop.com\/fr\/wp-json\/wp\/v2\/media?parent=21360"}],"wp:term":[{"taxonomy":"pwb-brand","embeddable":true,"href":"https:\/\/puregrowshop.com\/fr\/wp-json\/wp\/v2\/pwb-brand?post=21360"},{"taxonomy":"product_brand","embeddable":true,"href":"https:\/\/puregrowshop.com\/fr\/wp-json\/wp\/v2\/product_brand?post=21360"},{"taxonomy":"product_cat","embeddable":true,"href":"https:\/\/puregrowshop.com\/fr\/wp-json\/wp\/v2\/product_cat?post=21360"},{"taxonomy":"product_tag","embeddable":true,"href":"https:\/\/puregrowshop.com\/fr\/wp-json\/wp\/v2\/product_tag?post=21360"}],"curies":[{"name":"wp","href":"https:\/\/api.w.org\/{rel}","templated":true}]}}