{"id":21355,"date":"2024-11-03T18:02:14","date_gmt":"2024-11-03T18:02:14","guid":{"rendered":"https:\/\/puregrowshop.com\/humidificador-humi8-8-5-lt-cornwall-electronics\/"},"modified":"2025-11-07T09:38:29","modified_gmt":"2025-11-07T09:38:29","slug":"humidificador-humi8-8-5-lt-cornwall-electronics","status":"publish","type":"product","link":"https:\/\/puregrowshop.com\/fr\/humidificador-humi8-8-5-lt-cornwall-electronics\/","title":{"rendered":"Humidificador HUMI8 &#8211; 8.5 lt. Cornwall Electronics"},"content":{"rendered":"<p>Descubre el poder del equilibrio perfecto en tu hogar con el Humidificador HUMI8 de Cornwall Electronics. Dise\u00f1ado para mejorar la calidad del aire y proporcionar un ambiente m\u00e1s saludable, este humidificador es ideal para cualquier espacio que busque comodidad y bienestar.<\/p>\n<ul>\n<li>Capacidad de 8.5 litros para un funcionamiento prolongado sin constantes recargas.<\/li>\n<li>Tecnolog\u00eda ultras\u00f3nica que garantiza un funcionamiento silencioso, ideal para dormitorios y oficinas.<\/li>\n<li>Control de humedad ajustable para personalizar el nivel de humedad seg\u00fan tus necesidades.<\/li>\n<li>Funci\u00f3n de apagado autom\u00e1tico cuando el dep\u00f3sito de agua est\u00e1 vac\u00edo, asegurando seguridad y eficiencia energ\u00e9tica.<\/li>\n<li>Dise\u00f1o moderno y elegante que se integra f\u00e1cilmente en cualquier decoraci\u00f3n.<\/li>\n<\/ul>\n<p>El Humidificador HUMI8 no solo mejora la calidad del aire, sino que tambi\u00e9n alivia s\u00edntomas de sequedad, como piel y garganta irritadas, ayudando a mantener un ambiente confortable y saludable. Perfecto para hogares con ni\u00f1os o adultos mayores, y para proteger muebles de madera y plantas de interior.<\/p>\n<p>Fabricado con materiales duraderos y de alta calidad, su mantenimiento es sencillo: solo requiere una limpieza regular del dep\u00f3sito de agua. Disfruta de un entorno m\u00e1s fresco y saludable con el Humidificador HUMI8 de Cornwall Electronics.<\/p>\n","protected":false},"excerpt":{"rendered":"<p>El humidificador HUMI8 funciona de forma continua durante 24 horas (con la m\u00e1xima salida de vapor). Tapa con modo de llenado superior para rellenar el agua c\u00f3modamente. Niebla suave, ani\u00f3n-refrescante, ahorro de energ\u00eda, silencioso, auto-parada y larga vida \u00fatil. HUMI8 est\u00e1 fabricado en pl\u00e1stico reciclable.<\/p>\n<p>Por medio de la vibraci\u00f3n de ondas ultras\u00f3nicas, el humidificador divide las gotas de agua en part\u00edculas de 1 a 5 micromoles. Despu\u00e9s las part\u00edculas son difundidas por medio de un ventilador. Durante este proceso, se producen y difunden una gran cantidad de aniones. De este modo el HUMI8 humidifica y refresca el aire.<\/p>\n<p>Humidificaci\u00f3n (ml\/h):350ml\/h (+-10%)<br \/>Dep\u00f3sito de Agua (L): 8,5 L (con asa de transporte)<br \/>\u00c1rea de Aplicaci\u00f3n (m2): 12~15m2<br \/>Consumo El\u00e9ctrico (W): 25W<br \/>Voltaje \/ Frecuencia:220-240V~50\/60Hz<br \/>Dimensiones: 210x210x356mm<br \/>Peso:1.609 kgs<\/p>\n","protected":false},"featured_media":21354,"comment_status":"open","ping_status":"closed","template":"","meta":{"_bst_post_transparent":"","_bst_post_title":"","_bst_post_layout":"","_bst_post_sidebar_id":"","_bst_post_content_style":"","_bst_post_vertical_padding":"","_bst_post_feature":"","_bst_post_feature_position":"","_bst_post_header":false,"_bst_post_footer":false},"pwb-brand":[],"product_brand":[],"product_cat":[235],"product_tag":[],"class_list":{"0":"post-21355","1":"product","2":"type-product","3":"status-publish","4":"has-post-thumbnail","6":"product_cat-humidificadores","8":"first","9":"instock","10":"sale","11":"taxable","12":"shipping-taxable","13":"purchasable","14":"product-type-simple","15":"entry","16":"content-bg","17":"loop-entry"},"brands":[],"_links":{"self":[{"href":"https:\/\/puregrowshop.com\/fr\/wp-json\/wp\/v2\/product\/21355","targetHints":{"allow":["GET"]}}],"collection":[{"href":"https:\/\/puregrowshop.com\/fr\/wp-json\/wp\/v2\/product"}],"about":[{"href":"https:\/\/puregrowshop.com\/fr\/wp-json\/wp\/v2\/types\/product"}],"replies":[{"embeddable":true,"href":"https:\/\/puregrowshop.com\/fr\/wp-json\/wp\/v2\/comments?post=21355"}],"wp:featuredmedia":[{"embeddable":true,"href":"https:\/\/puregrowshop.com\/fr\/wp-json\/wp\/v2\/media\/21354"}],"wp:attachment":[{"href":"https:\/\/puregrowshop.com\/fr\/wp-json\/wp\/v2\/media?parent=21355"}],"wp:term":[{"taxonomy":"pwb-brand","embeddable":true,"href":"https:\/\/puregrowshop.com\/fr\/wp-json\/wp\/v2\/pwb-brand?post=21355"},{"taxonomy":"product_brand","embeddable":true,"href":"https:\/\/puregrowshop.com\/fr\/wp-json\/wp\/v2\/product_brand?post=21355"},{"taxonomy":"product_cat","embeddable":true,"href":"https:\/\/puregrowshop.com\/fr\/wp-json\/wp\/v2\/product_cat?post=21355"},{"taxonomy":"product_tag","embeddable":true,"href":"https:\/\/puregrowshop.com\/fr\/wp-json\/wp\/v2\/product_tag?post=21355"}],"curies":[{"name":"wp","href":"https:\/\/api.w.org\/{rel}","templated":true}]}}