{"id":21284,"date":"2024-11-03T18:01:49","date_gmt":"2024-11-03T18:01:49","guid":{"rendered":"https:\/\/puregrowshop.com\/termohigrometro-digital-con-sonda-easy-garden-min-max\/"},"modified":"2025-11-07T09:45:58","modified_gmt":"2025-11-07T09:45:58","slug":"termohigrometro-digital-con-sonda-easy-garden-min-max","status":"publish","type":"product","link":"https:\/\/puregrowshop.com\/fr\/termohigrometro-digital-con-sonda-easy-garden-min-max\/","title":{"rendered":"Termohigrometro Digital con Sonda Easy Garden Min. &#8211; Max."},"content":{"rendered":"<p>Presentamos el Termohigr\u00f3metro Digital con Sonda Easy Garden Min. &#8211; Max., una herramienta esencial para monitorear con precisi\u00f3n la temperatura y humedad de sus espacios interiores o exteriores. Ideal para jardiner\u00eda, invernaderos, o cualquier ambiente que requiera un control clim\u00e1tico riguroso.<\/p>\n<ul>\n<li>Medici\u00f3n precisa de temperatura y humedad para garantizar condiciones \u00f3ptimas.<\/li>\n<li>Incluye sonda externa para mayor flexibilidad y precisi\u00f3n en la medici\u00f3n.<\/li>\n<li>Funci\u00f3n de registro de valores m\u00ednimos y m\u00e1ximos para un seguimiento detallado.<\/li>\n<li>Pantalla digital clara y f\u00e1cil de leer, incluso desde la distancia.<\/li>\n<li>Compacto y ligero, con un peso de solo 0.01 kg, f\u00e1cil de instalar y trasladar.<\/li>\n<\/ul>\n<p>Este termohigr\u00f3metro le permite crear el ambiente ideal para el crecimiento de plantas, almacenamiento de productos delicados, o simplemente para asegurar su confort personal. Con la capacidad de registrar y comparar las fluctuaciones diarias, podr\u00e1 ajustar sus sistemas de control clim\u00e1tico con precisi\u00f3n.<\/p>\n<p>Fabricado con materiales de alta calidad, este dispositivo est\u00e1 dise\u00f1ado para resistir el uso diario. Para mantener su precisi\u00f3n, l\u00edmpielo con un pa\u00f1o suave y evite el contacto con agua directa. Asegure el bienestar de su entorno con la tecnolog\u00eda avanzada del Termohigr\u00f3metro Digital con Sonda Easy Garden Min. &#8211; Max.<\/p>\n","protected":false},"excerpt":{"rendered":"<p>Termohigr\u00f3metro digital max-min con sonda para la temperatura.<\/p>\n<p>El termohigr\u00f3metro mide temperatura y humedad que se dan en el punto en el que se encuentra ubicado el aparato y dispone de una sonda de 3 metros para medir la temperatura en un punto distante.<\/p>\n<p>Medici\u00f3n desde -30 a 70 \u00baC, registra temperaturas m\u00e1ximas y m\u00ednimas, sonda de 3metros de longitud para medir la temperatura en dos zonas alejadas del cultivo.<\/p>\n<p>Medici\u00f3n desde 25% hasta el 90% de humedad, registra la humedad m\u00e1xima y m\u00ednima que se da en el cultivo.<\/p>\n<p>Funciona con pilas de 1.5 voltios.<\/p>\n<p>Se coloca habitualmente en la base de la maceta, alejada de ventilaciones, humidificadores y calefactores, para dar una medida lo m\u00e1s homog\u00e9nea posible, sin ser alterada por corrientes de aire o por la alta temperatura del foco.<\/p>\n","protected":false},"featured_media":21283,"comment_status":"open","ping_status":"closed","template":"","meta":{"_bst_post_transparent":"","_bst_post_title":"","_bst_post_layout":"","_bst_post_sidebar_id":"","_bst_post_content_style":"","_bst_post_vertical_padding":"","_bst_post_feature":"","_bst_post_feature_position":"","_bst_post_header":false,"_bst_post_footer":false},"pwb-brand":[],"product_brand":[],"product_cat":[232],"product_tag":[],"class_list":{"0":"post-21284","1":"product","2":"type-product","3":"status-publish","4":"has-post-thumbnail","6":"product_cat-medidores-temperatura-y-humedad","8":"first","9":"instock","10":"sale","11":"taxable","12":"shipping-taxable","13":"purchasable","14":"product-type-simple","15":"entry","16":"content-bg","17":"loop-entry"},"brands":[],"_links":{"self":[{"href":"https:\/\/puregrowshop.com\/fr\/wp-json\/wp\/v2\/product\/21284","targetHints":{"allow":["GET"]}}],"collection":[{"href":"https:\/\/puregrowshop.com\/fr\/wp-json\/wp\/v2\/product"}],"about":[{"href":"https:\/\/puregrowshop.com\/fr\/wp-json\/wp\/v2\/types\/product"}],"replies":[{"embeddable":true,"href":"https:\/\/puregrowshop.com\/fr\/wp-json\/wp\/v2\/comments?post=21284"}],"wp:featuredmedia":[{"embeddable":true,"href":"https:\/\/puregrowshop.com\/fr\/wp-json\/wp\/v2\/media\/21283"}],"wp:attachment":[{"href":"https:\/\/puregrowshop.com\/fr\/wp-json\/wp\/v2\/media?parent=21284"}],"wp:term":[{"taxonomy":"pwb-brand","embeddable":true,"href":"https:\/\/puregrowshop.com\/fr\/wp-json\/wp\/v2\/pwb-brand?post=21284"},{"taxonomy":"product_brand","embeddable":true,"href":"https:\/\/puregrowshop.com\/fr\/wp-json\/wp\/v2\/product_brand?post=21284"},{"taxonomy":"product_cat","embeddable":true,"href":"https:\/\/puregrowshop.com\/fr\/wp-json\/wp\/v2\/product_cat?post=21284"},{"taxonomy":"product_tag","embeddable":true,"href":"https:\/\/puregrowshop.com\/fr\/wp-json\/wp\/v2\/product_tag?post=21284"}],"curies":[{"name":"wp","href":"https:\/\/api.w.org\/{rel}","templated":true}]}}