{"id":21270,"date":"2024-11-03T18:01:46","date_gmt":"2024-11-03T18:01:46","guid":{"rendered":"https:\/\/puregrowshop.com\/termohigrometro-digital-cornwall\/"},"modified":"2025-11-07T09:46:57","modified_gmt":"2025-11-07T09:46:57","slug":"termohigrometro-digital-cornwall","status":"publish","type":"product","link":"https:\/\/puregrowshop.com\/fr\/termohigrometro-digital-cornwall\/","title":{"rendered":"Termohigrometro Digital Cornwall"},"content":{"rendered":"<p>El Termohigr\u00f3metro Digital Cornwall es una herramienta esencial para aquellos que buscan monitorear con precisi\u00f3n la temperatura y la humedad en diversos ambientes. Dise\u00f1ado para ofrecer mediciones confiables y precisas, este dispositivo es ideal tanto para uso dom\u00e9stico como profesional.<\/p>\n<ul>\n<li>Medici\u00f3n precisa de temperatura y humedad.<\/li>\n<li>Pantalla digital f\u00e1cil de leer.<\/li>\n<li>Rango de temperatura: -10\u00b0C a 50\u00b0C.<\/li>\n<li>Rango de humedad: 10% a 99% RH.<\/li>\n<li>Funci\u00f3n de memoria para m\u00e1ximos y m\u00ednimos.<\/li>\n<li>Dise\u00f1o compacto y ligero con un peso de solo 0.01 kg.<\/li>\n<\/ul>\n<p>Este termohigr\u00f3metro permite a los usuarios mantener un ambiente \u00f3ptimo en interiores, protegiendo as\u00ed la salud y los bienes sensibles a cambios de temperatura y humedad. Perfecto para invernaderos, bodegas, oficinas o cualquier espacio que requiera un control ambiental estricto.<\/p>\n<p>Fabricado con materiales duraderos, el Termohigr\u00f3metro Digital Cornwall es f\u00e1cil de limpiar y mantener. Su dise\u00f1o elegante y compacto se integra discretamente en cualquier entorno. Aseg\u00farate de revisar peri\u00f3dicamente las bater\u00edas para un rendimiento \u00f3ptimo. Con este dispositivo, tendr\u00e1s la tranquilidad de saber que el ambiente est\u00e1 siempre bajo control.<\/p>\n","protected":false},"excerpt":{"rendered":"<p>Medici\u00f3n desde -30 a +70 grados, registra temperaturas m\u00e1ximas y m\u00ednimas, registra humedad relativa desde 25% a 98%.<\/p>\n<p>Con memoria para m\u00e1ximo control.<\/p>\n<p>El termohigr\u00f3metro sirve para medir la temperatura y la humedad en un armario de cultivo o en una sala de cultivo de interior. Es una herramienta indispensable para controlar el ambiente. As\u00ed podr\u00e1s saber continuamente que temperatura y humedad tiene tu cultivo y ver cuales han sido los valores m\u00e1ximos y los valores m\u00ednimos que has alcanzado. Recuerda que la temperatura m\u00e1xima con la luz encendida no deber\u00eda pasar de 25\u00baC ni bajar de 16\u00baC con la luz apagada. La humedad en crecimiento deber\u00eda estar entre un 60-70% y un 40-60% en floraci\u00f3n.<\/p>\n","protected":false},"featured_media":21269,"comment_status":"open","ping_status":"closed","template":"","meta":{"_bst_post_transparent":"","_bst_post_title":"","_bst_post_layout":"","_bst_post_sidebar_id":"","_bst_post_content_style":"","_bst_post_vertical_padding":"","_bst_post_feature":"","_bst_post_feature_position":"","_bst_post_header":false,"_bst_post_footer":false},"pwb-brand":[],"product_brand":[],"product_cat":[232],"product_tag":[],"class_list":{"0":"post-21270","1":"product","2":"type-product","3":"status-publish","4":"has-post-thumbnail","6":"product_cat-medidores-temperatura-y-humedad","8":"first","9":"instock","10":"sale","11":"taxable","12":"shipping-taxable","13":"purchasable","14":"product-type-simple","15":"entry","16":"content-bg","17":"loop-entry"},"brands":[],"_links":{"self":[{"href":"https:\/\/puregrowshop.com\/fr\/wp-json\/wp\/v2\/product\/21270","targetHints":{"allow":["GET"]}}],"collection":[{"href":"https:\/\/puregrowshop.com\/fr\/wp-json\/wp\/v2\/product"}],"about":[{"href":"https:\/\/puregrowshop.com\/fr\/wp-json\/wp\/v2\/types\/product"}],"replies":[{"embeddable":true,"href":"https:\/\/puregrowshop.com\/fr\/wp-json\/wp\/v2\/comments?post=21270"}],"wp:featuredmedia":[{"embeddable":true,"href":"https:\/\/puregrowshop.com\/fr\/wp-json\/wp\/v2\/media\/21269"}],"wp:attachment":[{"href":"https:\/\/puregrowshop.com\/fr\/wp-json\/wp\/v2\/media?parent=21270"}],"wp:term":[{"taxonomy":"pwb-brand","embeddable":true,"href":"https:\/\/puregrowshop.com\/fr\/wp-json\/wp\/v2\/pwb-brand?post=21270"},{"taxonomy":"product_brand","embeddable":true,"href":"https:\/\/puregrowshop.com\/fr\/wp-json\/wp\/v2\/product_brand?post=21270"},{"taxonomy":"product_cat","embeddable":true,"href":"https:\/\/puregrowshop.com\/fr\/wp-json\/wp\/v2\/product_cat?post=21270"},{"taxonomy":"product_tag","embeddable":true,"href":"https:\/\/puregrowshop.com\/fr\/wp-json\/wp\/v2\/product_tag?post=21270"}],"curies":[{"name":"wp","href":"https:\/\/api.w.org\/{rel}","templated":true}]}}