{"id":21261,"date":"2024-11-03T18:01:43","date_gmt":"2024-11-03T18:01:43","guid":{"rendered":"https:\/\/puregrowshop.com\/medidor-ph-ec-easy-garden-monitor-2681\/"},"modified":"2025-11-07T09:47:58","modified_gmt":"2025-11-07T09:47:58","slug":"medidor-ph-ec-easy-garden-monitor-2681","status":"publish","type":"product","link":"https:\/\/puregrowshop.com\/fr\/medidor-ph-ec-easy-garden-monitor-2681\/","title":{"rendered":"Medidor Ph\/Ec Easy Garden Monitor 2681"},"content":{"rendered":"<p>Presentamos el Medidor Ph\/Ec Easy Garden Monitor 2681, una herramienta esencial para jardineros y cultivadores que buscan precisi\u00f3n y facilidad en el monitoreo de sus cultivos. Dise\u00f1ado para ofrecer lecturas exactas de pH y EC, este dispositivo garantiza que sus plantas reciban las condiciones \u00f3ptimas para un crecimiento saludable.<\/p>\n<ul>\n<li>Combinaci\u00f3n de medici\u00f3n de pH y EC en un solo dispositivo<\/li>\n<li>Pantalla digital con retroiluminaci\u00f3n para facilitar la lectura<\/li>\n<li>Calibraci\u00f3n autom\u00e1tica para mayor precisi\u00f3n<\/li>\n<li>Resistente al agua, ideal para condiciones de cultivo h\u00famedas<\/li>\n<li>Bater\u00eda de larga duraci\u00f3n para un uso prolongado<\/li>\n<\/ul>\n<p>El Medidor Ph\/Ec Easy Garden Monitor 2681 permite a los usuarios controlar de manera efectiva el ambiente de crecimiento de sus plantas, optimizando nutrientes y condiciones de riego. Ideal tanto para principiantes como para expertos, este medidor asegura que sus cultivos prosperen al mantener los niveles de pH y EC en el rango adecuado.<\/p>\n<p>Fabricado con materiales duraderos y de alta calidad, este medidor requiere un mantenimiento m\u00ednimo. Con un dise\u00f1o ergon\u00f3mico y compacto, es f\u00e1cil de manejar y almacenar. Aseg\u00farese de calibrarlo regularmente para mantener su precisi\u00f3n y prolongar su vida \u00fatil.<\/p>\n","protected":false},"excerpt":{"rendered":"<p>Rango: pH: 0.00~14.00 Ph<br \/>CE: 0 ~ 19.99 ms\/cm.<br \/>Resoluci\u00f3n: pH: 0.01 Ph<br \/>CE: 0,01 ms\/cm<br \/>Precisi\u00f3n: pH: \u00b1 0.1 Ph<br \/>CE: \u00b12% F.S<br \/>Bater\u00eda: DC 6 V<br \/>Compensaci\u00f3n de temperatura: 0\u00b0C~50\u00b0C<br \/>Temperatura de funcionamiento: 0\u00b0C~50\u00b0C<br \/>Dimensiones: 130 x 77 x 31 mm.<\/p>\n<p>FUNCIONAMIENTO<br \/>1. Retire la tapa protectora, conecte el Electrodo Ph en la toma de Electrodo.<br \/>2. Lavar los electrodos en agua destilada y secarlos con papel de filtro.<br \/>3. Conecte al adaptador de corriente para encender.<br \/>4. Introducir el electrodo de Ph y el electrodo de Ec en el l\u00edquido a analizar y agitar ligeramente. Espere hasta   que el digital se estabilice, lea el valor final.<br \/>5. Despu\u00e9s del uso, lave los electrodos y coloque la tapa protectora.<\/p>\n","protected":false},"featured_media":21260,"comment_status":"open","ping_status":"closed","template":"","meta":{"_bst_post_transparent":"","_bst_post_title":"","_bst_post_layout":"","_bst_post_sidebar_id":"","_bst_post_content_style":"","_bst_post_vertical_padding":"","_bst_post_feature":"","_bst_post_feature_position":"","_bst_post_header":false,"_bst_post_footer":false},"pwb-brand":[],"product_brand":[],"product_cat":[231],"product_tag":[],"class_list":{"0":"post-21261","1":"product","2":"type-product","3":"status-publish","4":"has-post-thumbnail","6":"product_cat-combo-ph-y-ec","8":"first","9":"instock","10":"sale","11":"taxable","12":"shipping-taxable","13":"purchasable","14":"product-type-simple","15":"entry","16":"content-bg","17":"loop-entry"},"brands":[],"_links":{"self":[{"href":"https:\/\/puregrowshop.com\/fr\/wp-json\/wp\/v2\/product\/21261","targetHints":{"allow":["GET"]}}],"collection":[{"href":"https:\/\/puregrowshop.com\/fr\/wp-json\/wp\/v2\/product"}],"about":[{"href":"https:\/\/puregrowshop.com\/fr\/wp-json\/wp\/v2\/types\/product"}],"replies":[{"embeddable":true,"href":"https:\/\/puregrowshop.com\/fr\/wp-json\/wp\/v2\/comments?post=21261"}],"wp:featuredmedia":[{"embeddable":true,"href":"https:\/\/puregrowshop.com\/fr\/wp-json\/wp\/v2\/media\/21260"}],"wp:attachment":[{"href":"https:\/\/puregrowshop.com\/fr\/wp-json\/wp\/v2\/media?parent=21261"}],"wp:term":[{"taxonomy":"pwb-brand","embeddable":true,"href":"https:\/\/puregrowshop.com\/fr\/wp-json\/wp\/v2\/pwb-brand?post=21261"},{"taxonomy":"product_brand","embeddable":true,"href":"https:\/\/puregrowshop.com\/fr\/wp-json\/wp\/v2\/product_brand?post=21261"},{"taxonomy":"product_cat","embeddable":true,"href":"https:\/\/puregrowshop.com\/fr\/wp-json\/wp\/v2\/product_cat?post=21261"},{"taxonomy":"product_tag","embeddable":true,"href":"https:\/\/puregrowshop.com\/fr\/wp-json\/wp\/v2\/product_tag?post=21261"}],"curies":[{"name":"wp","href":"https:\/\/api.w.org\/{rel}","templated":true}]}}