{"id":21244,"date":"2024-11-03T18:01:37","date_gmt":"2024-11-03T18:01:37","guid":{"rendered":"https:\/\/puregrowshop.com\/medidor-ph-ec-tds-hanna-hi-981420\/"},"modified":"2025-03-11T22:53:31","modified_gmt":"2025-03-11T22:53:31","slug":"medidor-ph-ec-tds-hanna-hi-981420","status":"publish","type":"product","link":"https:\/\/puregrowshop.com\/fr\/medidor-ph-ec-tds-hanna-hi-981420\/","title":{"rendered":"Medidor Ph\/Ec\/Tds Hanna HI 981420"},"content":{"rendered":"<p>El monitor GroLine HI981420 proporciona monitoreo continuo de pH, conductividad (EC  o CE), TDS y temperatura en soluciones de nutrientes hidrop\u00f3nicos. Adem\u00e1s, tiene registro de datos que se pueden descargar a un USB.<\/p>\n<p>R\u00e1pido de configurar, simple de usar, este monitor ha sido dise\u00f1ado para hidropon\u00eda, acuapon\u00eda e invernaderos.<\/p>\n","protected":false},"excerpt":{"rendered":"<p>Caracter\u00edsticas principales:<br \/>  &#8211; 3 sensores en una misma sonda.<br \/>  &#8211; Registro de datos durante 30 d\u00edas y cada 15 minutos, almacenando valores m\u00ednimos, m\u00e1ximos y medios.<br \/>  &#8211; Transferencia de datos a USB.<br \/>  &#8211; Amplio rango de pH (0.00 a 14.00 pH).<br \/>  &#8211; Factor de conversi\u00f3n seleccionable de EC a TDS\/ppm (de 0.5 a 0.7).<br \/>  &#8211; Compensaci\u00f3n autom\u00e1tica de temperatura.<br \/>  &#8211; Gran pantalla LCD.<br \/>  &#8211; IP65 impermeable.<br \/>  &#8211; Calibraci\u00f3n de pH y EC con una soluci\u00f3n Quick Cal.<\/p>\n","protected":false},"featured_media":21243,"comment_status":"open","ping_status":"closed","template":"","meta":{"_bst_post_transparent":"","_bst_post_title":"","_bst_post_layout":"","_bst_post_sidebar_id":"","_bst_post_content_style":"","_bst_post_vertical_padding":"","_bst_post_feature":"","_bst_post_feature_position":"","_bst_post_header":false,"_bst_post_footer":false},"pwb-brand":[],"product_brand":[],"product_cat":[231],"product_tag":[],"class_list":{"0":"post-21244","1":"product","2":"type-product","3":"status-publish","4":"has-post-thumbnail","6":"product_cat-combo-ph-y-ec","8":"first","9":"instock","10":"sale","11":"taxable","12":"shipping-taxable","13":"purchasable","14":"product-type-simple","15":"entry","16":"content-bg","17":"loop-entry"},"brands":[],"_links":{"self":[{"href":"https:\/\/puregrowshop.com\/fr\/wp-json\/wp\/v2\/product\/21244","targetHints":{"allow":["GET"]}}],"collection":[{"href":"https:\/\/puregrowshop.com\/fr\/wp-json\/wp\/v2\/product"}],"about":[{"href":"https:\/\/puregrowshop.com\/fr\/wp-json\/wp\/v2\/types\/product"}],"replies":[{"embeddable":true,"href":"https:\/\/puregrowshop.com\/fr\/wp-json\/wp\/v2\/comments?post=21244"}],"wp:featuredmedia":[{"embeddable":true,"href":"https:\/\/puregrowshop.com\/fr\/wp-json\/wp\/v2\/media\/21243"}],"wp:attachment":[{"href":"https:\/\/puregrowshop.com\/fr\/wp-json\/wp\/v2\/media?parent=21244"}],"wp:term":[{"taxonomy":"pwb-brand","embeddable":true,"href":"https:\/\/puregrowshop.com\/fr\/wp-json\/wp\/v2\/pwb-brand?post=21244"},{"taxonomy":"product_brand","embeddable":true,"href":"https:\/\/puregrowshop.com\/fr\/wp-json\/wp\/v2\/product_brand?post=21244"},{"taxonomy":"product_cat","embeddable":true,"href":"https:\/\/puregrowshop.com\/fr\/wp-json\/wp\/v2\/product_cat?post=21244"},{"taxonomy":"product_tag","embeddable":true,"href":"https:\/\/puregrowshop.com\/fr\/wp-json\/wp\/v2\/product_tag?post=21244"}],"curies":[{"name":"wp","href":"https:\/\/api.w.org\/{rel}","templated":true}]}}