{"id":21240,"date":"2024-11-03T18:01:36","date_gmt":"2024-11-03T18:01:36","guid":{"rendered":"https:\/\/puregrowshop.com\/medidor-ph-ec-tds-hanna-hi9814\/"},"modified":"2025-09-12T09:22:40","modified_gmt":"2025-09-12T09:22:40","slug":"medidor-ph-ec-tds-hanna-hi9814","status":"publish","type":"product","link":"https:\/\/puregrowshop.com\/fr\/medidor-ph-ec-tds-hanna-hi9814\/","title":{"rendered":"Medidor Ph\/Ec\/Tds Hanna HI9814"},"content":{"rendered":"<p>Medidor portatil pH \/ EC \/ TDS \/ T\u00aa ideal para medir el pH, la conductividad, los s\u00f3lidos disueltos en el agua o la temperatura.<br \/>Dispone de protecci\u00f3n IP67 por lo que es resistente al agua.<\/p>\n<p>El env\u00edo incluye:<br \/>   &#8211; Medidor pH \/ EC \/ TDS \/ T\u00aa HI 9814<br \/>   &#8211; Sonda completa<br \/>   &#8211; 1 sobre de calibraci\u00f3n r\u00e1pida<br \/>   &#8211; 1 sobre de soluci\u00f3n para limpiar el electrodo.<br \/>   &#8211; Pilas necesarias para el funcionamiento.<br \/>   &#8211; Manual de instrucciones.<\/p>\n","protected":false},"excerpt":{"rendered":"<p>Rango de pH: 0.00 a 14.00 pH<br \/>Resoluci\u00f3n de pH: 0.01 pH<br \/>Precisi\u00f3n de pH (25\u00baC): \u00b1 0.01 pH<br \/>calibracion de pH: Autom\u00e1tico, en uno o dos puntos utilizando buffers est\u00e1ndar (pH 4.01, 7.01,10.01); Calibraci\u00f3n de un punto usando soluci\u00f3n de calibraci\u00f3n r\u00e1pida<br \/>Rango CE: 0.00 a 6.00 mS \/ cm<br \/>Resoluci\u00f3n de la CE: 0.01 mS \/ cm<br \/>Precisi\u00f3n de la CE: \u00b1 2% FS<br \/>Calibraci\u00f3n EC: autom\u00e1tico, de un punto a 1,41 mS \/ cm o 5,00 mS \/ cm; Calibraci\u00f3n de un punto usando soluci\u00f3n de calibraci\u00f3n r\u00e1pida<br \/>Rango TDS: 0 a 3000 ppm (500 CF); 0 a 3999 ppm (700 CF)<br \/>Resoluci\u00f3n TDS: 10 ppm (mg \/ L)<br \/>Exactitud TDS: \u00b1 2% FS<br \/>Rango de temperatura: 0.0 a 60.0 \u00b0 C \/ 32.0 a 140.0 \u00b0 F<br \/>Resoluci\u00f3n de temperatura: 0.1 \u00b0 C \/ 0.1 \u00b0 F<br \/>Precisi\u00f3n de la temperatura (25\u00baC): \u00b1 0.5 \u00b0 C \/ \u00b1 1 \u00b0 F<br \/>Compensaci\u00f3n de temperatura: pH autom\u00e1tico; EC \/ TDS: autom\u00e1tico con ajustado a 1.9% \/ \u00b0 C<br \/>Factor de conversi\u00f3n TDS: 0.5 (500 ppm) o 0.7 (700 ppm)<br \/>Electrodo \/ Sonda: Cuerpo de polipropileno HI1285-7, sonda multiparam\u00e9trica preamplificada con sensor de temperatura interno, conector DIN y cable de 1 m<br \/>Tipo de bater\u00eda \/ Vida \u00fatil: 1.5V (3) AAA \/ aproximadamente 500 horas de uso continuo; apagado autom\u00e1tico despu\u00e9s de 8 minutos de no uso<br \/>Apagado autom\u00e1tico: Despu\u00e9s de 8 minutos, 60 minutos, deshabilitado.<br \/>Ambiente: -5 a 50 \u00b0 C  HR max 100%<br \/>Dimensiones: 152 x 58 x 30 mm <br \/>Peso: 205 g <\/p>\n","protected":false},"featured_media":21239,"comment_status":"open","ping_status":"closed","template":"","meta":{"_bst_post_transparent":"","_bst_post_title":"","_bst_post_layout":"","_bst_post_sidebar_id":"","_bst_post_content_style":"","_bst_post_vertical_padding":"","_bst_post_feature":"","_bst_post_feature_position":"","_bst_post_header":false,"_bst_post_footer":false},"pwb-brand":[],"product_brand":[],"product_cat":[231],"product_tag":[],"class_list":{"0":"post-21240","1":"product","2":"type-product","3":"status-publish","4":"has-post-thumbnail","6":"product_cat-combo-ph-y-ec","8":"first","9":"instock","10":"sale","11":"taxable","12":"shipping-taxable","13":"purchasable","14":"product-type-simple","15":"entry","16":"content-bg","17":"loop-entry"},"brands":[],"_links":{"self":[{"href":"https:\/\/puregrowshop.com\/fr\/wp-json\/wp\/v2\/product\/21240","targetHints":{"allow":["GET"]}}],"collection":[{"href":"https:\/\/puregrowshop.com\/fr\/wp-json\/wp\/v2\/product"}],"about":[{"href":"https:\/\/puregrowshop.com\/fr\/wp-json\/wp\/v2\/types\/product"}],"replies":[{"embeddable":true,"href":"https:\/\/puregrowshop.com\/fr\/wp-json\/wp\/v2\/comments?post=21240"}],"wp:featuredmedia":[{"embeddable":true,"href":"https:\/\/puregrowshop.com\/fr\/wp-json\/wp\/v2\/media\/21239"}],"wp:attachment":[{"href":"https:\/\/puregrowshop.com\/fr\/wp-json\/wp\/v2\/media?parent=21240"}],"wp:term":[{"taxonomy":"pwb-brand","embeddable":true,"href":"https:\/\/puregrowshop.com\/fr\/wp-json\/wp\/v2\/pwb-brand?post=21240"},{"taxonomy":"product_brand","embeddable":true,"href":"https:\/\/puregrowshop.com\/fr\/wp-json\/wp\/v2\/product_brand?post=21240"},{"taxonomy":"product_cat","embeddable":true,"href":"https:\/\/puregrowshop.com\/fr\/wp-json\/wp\/v2\/product_cat?post=21240"},{"taxonomy":"product_tag","embeddable":true,"href":"https:\/\/puregrowshop.com\/fr\/wp-json\/wp\/v2\/product_tag?post=21240"}],"curies":[{"name":"wp","href":"https:\/\/api.w.org\/{rel}","templated":true}]}}