{"id":21235,"date":"2024-11-03T18:01:35","date_gmt":"2024-11-03T18:01:35","guid":{"rendered":"https:\/\/puregrowshop.com\/medidor-ph-ec-tds-hanna-waterproof-hi98129\/"},"modified":"2025-11-07T10:59:20","modified_gmt":"2025-11-07T10:59:20","slug":"medidor-ph-ec-tds-hanna-waterproof-hi98129","status":"publish","type":"product","link":"https:\/\/puregrowshop.com\/fr\/medidor-ph-ec-tds-hanna-waterproof-hi98129\/","title":{"rendered":"Medidor Ph\/Ec\/Tds Hanna Waterproof HI98129"},"content":{"rendered":"<p>Presentamos el Medidor PH\/EC\/TDS Hanna Waterproof HI98129, una herramienta esencial para profesionales que buscan precisi\u00f3n y confiabilidad en el control de calidad del agua. Dise\u00f1ado para ofrecer mediciones precisas, este medidor es ideal para aplicaciones en agricultura, acuicultura, tratamiento de agua y laboratorios.<\/p>\n<ul>\n<li>Medici\u00f3n 3 en 1: mide pH, conductividad (EC) y s\u00f3lidos disueltos totales (TDS).<\/li>\n<li>Dise\u00f1o resistente al agua, ideal para entornos h\u00famedos y exigentes.<\/li>\n<li>Calibraci\u00f3n autom\u00e1tica con un solo bot\u00f3n y compensaci\u00f3n autom\u00e1tica de temperatura.<\/li>\n<li>Pantalla LCD de doble nivel que muestra los resultados de manera clara y simult\u00e1nea.<\/li>\n<li>Electrodo de pH reemplazable y sonda de acero inoxidable para mayor duraci\u00f3n.<\/li>\n<\/ul>\n<p>Con el Medidor HI98129, los usuarios pueden obtener lecturas precisas y r\u00e1pidas, optimizando el tiempo y mejorando la eficiencia en sus proyectos. Su dise\u00f1o port\u00e1til y robusto lo hace f\u00e1cil de transportar y operar en cualquier entorno.<\/p>\n<p>Fabricado con materiales duraderos, este medidor garantiza un rendimiento \u00f3ptimo con un mantenimiento m\u00ednimo. Basta con enjuagar la sonda despu\u00e9s de cada uso y almacenar en un lugar seco. Este medidor es una inversi\u00f3n inteligente para aquellos que buscan resultados confiables y precisos en el an\u00e1lisis del agua.<\/p>\n","protected":false},"excerpt":{"rendered":"<p>ESPECIFICACIONES T\u00c9CNICAS\t\t\t<br \/>Rango pH: 0,00 a 14,00 pH<br \/>Resoluci\u00f3n pH: 0,01 pH<br \/>Precisi\u00f3n pH (25\u00baC): \u00b10,05 pH<br \/>Rango EC: 0 a 3999 \u00b5S\/cm<br \/>Resoluci\u00f3n EC: 1 \u00b5S\/cm<br \/>Precisi\u00f3n CE (25\u00baC): \u00b12%<br \/>Rango TDS: 0 a 2000ppm (mg\/L)<br \/>Resoluci\u00f3n TDS: 1 ppm (mg\/L)<br \/>Precisi\u00f3n TDS (25\u00baC): \u00b12%<br \/>Rango Temperatura: 0,0 a 60,0\u00baC<br \/>Resoluci\u00f3n Temperatura: 0,1\u00baC<br \/>Precisi\u00f3n Temperatura (25\u00baC): \u00b10,5\u00baC<\/p>\n","protected":false},"featured_media":21234,"comment_status":"open","ping_status":"closed","template":"","meta":{"_bst_post_transparent":"","_bst_post_title":"","_bst_post_layout":"","_bst_post_sidebar_id":"","_bst_post_content_style":"","_bst_post_vertical_padding":"","_bst_post_feature":"","_bst_post_feature_position":"","_bst_post_header":false,"_bst_post_footer":false},"pwb-brand":[],"product_brand":[],"product_cat":[231],"product_tag":[],"class_list":{"0":"post-21235","1":"product","2":"type-product","3":"status-publish","4":"has-post-thumbnail","6":"product_cat-combo-ph-y-ec","8":"first","9":"instock","10":"sale","11":"taxable","12":"shipping-taxable","13":"purchasable","14":"product-type-simple","15":"entry","16":"content-bg","17":"loop-entry"},"brands":[],"_links":{"self":[{"href":"https:\/\/puregrowshop.com\/fr\/wp-json\/wp\/v2\/product\/21235","targetHints":{"allow":["GET"]}}],"collection":[{"href":"https:\/\/puregrowshop.com\/fr\/wp-json\/wp\/v2\/product"}],"about":[{"href":"https:\/\/puregrowshop.com\/fr\/wp-json\/wp\/v2\/types\/product"}],"replies":[{"embeddable":true,"href":"https:\/\/puregrowshop.com\/fr\/wp-json\/wp\/v2\/comments?post=21235"}],"wp:featuredmedia":[{"embeddable":true,"href":"https:\/\/puregrowshop.com\/fr\/wp-json\/wp\/v2\/media\/21234"}],"wp:attachment":[{"href":"https:\/\/puregrowshop.com\/fr\/wp-json\/wp\/v2\/media?parent=21235"}],"wp:term":[{"taxonomy":"pwb-brand","embeddable":true,"href":"https:\/\/puregrowshop.com\/fr\/wp-json\/wp\/v2\/pwb-brand?post=21235"},{"taxonomy":"product_brand","embeddable":true,"href":"https:\/\/puregrowshop.com\/fr\/wp-json\/wp\/v2\/product_brand?post=21235"},{"taxonomy":"product_cat","embeddable":true,"href":"https:\/\/puregrowshop.com\/fr\/wp-json\/wp\/v2\/product_cat?post=21235"},{"taxonomy":"product_tag","embeddable":true,"href":"https:\/\/puregrowshop.com\/fr\/wp-json\/wp\/v2\/product_tag?post=21235"}],"curies":[{"name":"wp","href":"https:\/\/api.w.org\/{rel}","templated":true}]}}