{"id":21229,"date":"2024-11-03T16:33:20","date_gmt":"2024-11-03T16:33:20","guid":{"rendered":"https:\/\/puregrowshop.com\/calibrador-hanna-ec-1-413-ms-sobre-20-ml\/"},"modified":"2025-11-07T10:59:31","modified_gmt":"2025-11-07T10:59:31","slug":"calibrador-hanna-ec-1-413-ms-sobre-20-ml","status":"publish","type":"product","link":"https:\/\/puregrowshop.com\/fr\/calibrador-hanna-ec-1-413-ms-sobre-20-ml\/","title":{"rendered":"Calibrador Hanna Ec 1.413 ms. Sobre 20 ml."},"content":{"rendered":"<p>El Calibrador Hanna EC 1.413 mS es una herramienta esencial para aquellos que buscan precisi\u00f3n y fiabilidad en la medici\u00f3n de la conductividad el\u00e9ctrica. Especialmente dise\u00f1ado para aplicaciones cient\u00edficas e industriales, este calibrador garantiza resultados exactos y consistentes.<\/p>\n<ul>\n<li>Soluci\u00f3n de calibraci\u00f3n con una concentraci\u00f3n de 1.413 mS\/cm.<\/li>\n<li>Presentaci\u00f3n en sobre de 20 ml, ideal para calibraciones puntuales y evitar desperdicio.<\/li>\n<li>Compatible con una amplia gama de medidores de conductividad el\u00e9ctrica.<\/li>\n<li>F\u00f3rmula estabilizada que asegura una larga vida \u00fatil y resultados precisos.<\/li>\n<\/ul>\n<p>Este calibrador es fundamental para asegurar que sus equipos de medici\u00f3n est\u00e9n siempre en \u00f3ptimas condiciones, garantizando lecturas precisas y reduciendo el margen de error en sus an\u00e1lisis. Usarlo regularmente ayuda a mantener la integridad de sus datos y a optimizar el rendimiento de sus dispositivos de medici\u00f3n.<\/p>\n<p>El sobre de 20 ml est\u00e1 confeccionado con materiales de alta calidad que preservan la soluci\u00f3n de contaminantes externos. No requiere de cuidados especiales m\u00e1s all\u00e1 de un almacenamiento adecuado en un lugar fresco y seco. Con el Calibrador Hanna EC 1.413 mS, la precisi\u00f3n est\u00e1 al alcance de su mano, asegurando que sus procesos de calibraci\u00f3n sean siempre efectivos y confiables.<\/p>\n","protected":false},"excerpt":{"rendered":"<p>La HI70031C es una soluci\u00f3n est\u00e1ndar de conductividad de 1.413 \u00b5S\/cm que es trazable al NIST y se suministra con un certificado de an\u00e1lisis. Cada sobre tiene el n\u00famero de lote y la fecha de caducidad estampada y est\u00e1 hecha de material que bloquea de luz para asegurar la pureza de la soluci\u00f3n. La l\u00ednea de soluciones de conductividad de Hanna ha sido especialmente formulada para tener una duraci\u00f3n de 5 a\u00f1os a partir de la fecha de fabricaci\u00f3n. Este tiempo aplica solo a un sobre que no haya sido abierto. El HI70031C incluye 25 sobres que contienen 20 mL de soluci\u00f3n.<\/p>\n","protected":false},"featured_media":21228,"comment_status":"open","ping_status":"closed","template":"","meta":{"_bst_post_transparent":"","_bst_post_title":"","_bst_post_layout":"","_bst_post_sidebar_id":"","_bst_post_content_style":"","_bst_post_vertical_padding":"","_bst_post_feature":"","_bst_post_feature_position":"","_bst_post_header":false,"_bst_post_footer":false},"pwb-brand":[],"product_brand":[],"product_cat":[230],"product_tag":[],"class_list":{"0":"post-21229","1":"product","2":"type-product","3":"status-publish","4":"has-post-thumbnail","6":"product_cat-calibradores-ph-ec","7":"product_shipping_class-entre-20-kg-y-30-kg","9":"first","10":"instock","11":"sale","12":"taxable","13":"shipping-taxable","14":"purchasable","15":"product-type-simple","16":"entry","17":"content-bg","18":"loop-entry"},"brands":[],"_links":{"self":[{"href":"https:\/\/puregrowshop.com\/fr\/wp-json\/wp\/v2\/product\/21229","targetHints":{"allow":["GET"]}}],"collection":[{"href":"https:\/\/puregrowshop.com\/fr\/wp-json\/wp\/v2\/product"}],"about":[{"href":"https:\/\/puregrowshop.com\/fr\/wp-json\/wp\/v2\/types\/product"}],"replies":[{"embeddable":true,"href":"https:\/\/puregrowshop.com\/fr\/wp-json\/wp\/v2\/comments?post=21229"}],"wp:featuredmedia":[{"embeddable":true,"href":"https:\/\/puregrowshop.com\/fr\/wp-json\/wp\/v2\/media\/21228"}],"wp:attachment":[{"href":"https:\/\/puregrowshop.com\/fr\/wp-json\/wp\/v2\/media?parent=21229"}],"wp:term":[{"taxonomy":"pwb-brand","embeddable":true,"href":"https:\/\/puregrowshop.com\/fr\/wp-json\/wp\/v2\/pwb-brand?post=21229"},{"taxonomy":"product_brand","embeddable":true,"href":"https:\/\/puregrowshop.com\/fr\/wp-json\/wp\/v2\/product_brand?post=21229"},{"taxonomy":"product_cat","embeddable":true,"href":"https:\/\/puregrowshop.com\/fr\/wp-json\/wp\/v2\/product_cat?post=21229"},{"taxonomy":"product_tag","embeddable":true,"href":"https:\/\/puregrowshop.com\/fr\/wp-json\/wp\/v2\/product_tag?post=21229"}],"curies":[{"name":"wp","href":"https:\/\/api.w.org\/{rel}","templated":true}]}}