{"id":21221,"date":"2024-11-03T16:33:18","date_gmt":"2024-11-03T16:33:18","guid":{"rendered":"https:\/\/puregrowshop.com\/calibrador-hanna-ph4-sobre-20-ml-x-25-ud\/"},"modified":"2025-04-04T09:22:51","modified_gmt":"2025-04-04T09:22:51","slug":"calibrador-hanna-ph4-sobre-20-ml-x-25-ud","status":"publish","type":"product","link":"https:\/\/puregrowshop.com\/fr\/calibrador-hanna-ph4-sobre-20-ml-x-25-ud\/","title":{"rendered":"Calibrador Hanna Ph4 Sobre 20 ml. x 25 ud."},"content":{"rendered":"<p>En caso de calibraci\u00f3n manual con el buffer calibrador PH4 sobre 20ml, encender su medidor, poner el medidor o el electrodo dentro del vaso, agitar ligeramente para facilitar la lectura del buffer por parte del medidor, y, con la ayuda del destornillador de calibraci\u00f3n o de la ruleta de calibraci\u00f3n (seg\u00fan modelo) ajustar el dato de su pantalla al dato indicado en el buffer.<\/p>\n","protected":false},"excerpt":{"rendered":"<p>Soluci\u00f3n tamp\u00f3n de pH de 4,01.  Una de las soluciones tamp\u00f3n m\u00e1s utilizadas, es extremadamente estable y representa el punto intermedio en el rango \u00e1cido de la escala de pH, ideal para aquellos que requieren una lectura precisa de \u00e1cido, particularmente aquellos donde se espera que el pH sea \u00e1cido.<\/p>\n<p>Las soluciones tamp\u00f3n t\u00e9cnicas de pH 4.01 de calidad superior, se suministra con un Certificado de An\u00e1lisis trazable al Instituto Nacional de Est\u00e1ndares y Tecnolog\u00eda (NIST).<\/p>\n<p>Las soluciones tamp\u00f3n Milesimales tienen una resoluci\u00f3n mayor (0.001) para mediciones de pH m\u00e1s precisas.<\/p>\n","protected":false},"featured_media":21220,"comment_status":"open","ping_status":"closed","template":"","meta":{"_bst_post_transparent":"","_bst_post_title":"","_bst_post_layout":"","_bst_post_sidebar_id":"","_bst_post_content_style":"","_bst_post_vertical_padding":"","_bst_post_feature":"","_bst_post_feature_position":"","_bst_post_header":false,"_bst_post_footer":false},"pwb-brand":[],"product_brand":[],"product_cat":[230],"product_tag":[],"class_list":{"0":"post-21221","1":"product","2":"type-product","3":"status-publish","4":"has-post-thumbnail","6":"product_cat-calibradores-ph-ec","8":"first","9":"instock","10":"sale","11":"taxable","12":"shipping-taxable","13":"purchasable","14":"product-type-simple","15":"entry","16":"content-bg","17":"loop-entry"},"brands":[],"_links":{"self":[{"href":"https:\/\/puregrowshop.com\/fr\/wp-json\/wp\/v2\/product\/21221","targetHints":{"allow":["GET"]}}],"collection":[{"href":"https:\/\/puregrowshop.com\/fr\/wp-json\/wp\/v2\/product"}],"about":[{"href":"https:\/\/puregrowshop.com\/fr\/wp-json\/wp\/v2\/types\/product"}],"replies":[{"embeddable":true,"href":"https:\/\/puregrowshop.com\/fr\/wp-json\/wp\/v2\/comments?post=21221"}],"wp:featuredmedia":[{"embeddable":true,"href":"https:\/\/puregrowshop.com\/fr\/wp-json\/wp\/v2\/media\/21220"}],"wp:attachment":[{"href":"https:\/\/puregrowshop.com\/fr\/wp-json\/wp\/v2\/media?parent=21221"}],"wp:term":[{"taxonomy":"pwb-brand","embeddable":true,"href":"https:\/\/puregrowshop.com\/fr\/wp-json\/wp\/v2\/pwb-brand?post=21221"},{"taxonomy":"product_brand","embeddable":true,"href":"https:\/\/puregrowshop.com\/fr\/wp-json\/wp\/v2\/product_brand?post=21221"},{"taxonomy":"product_cat","embeddable":true,"href":"https:\/\/puregrowshop.com\/fr\/wp-json\/wp\/v2\/product_cat?post=21221"},{"taxonomy":"product_tag","embeddable":true,"href":"https:\/\/puregrowshop.com\/fr\/wp-json\/wp\/v2\/product_tag?post=21221"}],"curies":[{"name":"wp","href":"https:\/\/api.w.org\/{rel}","templated":true}]}}