{"id":21219,"date":"2024-11-03T16:33:18","date_gmt":"2024-11-03T16:33:18","guid":{"rendered":"https:\/\/puregrowshop.com\/calibrador-hanna-ph7-sobre-20-ml-x-25-ud\/"},"modified":"2025-12-10T09:23:19","modified_gmt":"2025-12-10T09:23:19","slug":"calibrador-hanna-ph7-sobre-20-ml-x-25-ud","status":"publish","type":"product","link":"https:\/\/puregrowshop.com\/fr\/calibrador-hanna-ph7-sobre-20-ml-x-25-ud\/","title":{"rendered":"Calibrador Hanna Ph7 Sobre 20 ml. x 25 ud."},"content":{"rendered":"<p>En caso de calibraci\u00f3n manual con el buffer calibrador PH4 sobre 20ml, encender su medidor, poner el medidor o el electrodo dentro del vaso, agitar ligeramente para facilitar la lectura del buffer por parte del medidor, y, con la ayuda del destornillador de calibraci\u00f3n o de la ruleta de calibraci\u00f3n (seg\u00fan modelo) ajustar el dato de su pantalla al dato indicado en el buffer. Es crucial asegurarse de que el medidor est\u00e9 bien limpio y seco antes de la calibraci\u00f3n para obtener resultados precisos. Una vez ajustado el medidor, puede proceder a verifcar con un segundo punto de calibraci\u00f3n, usando otro <a href=\"https:\/\/puregrowshop.com\/medidores\/calibradores-ph-ec\/\">calibrador de pH<\/a>, para garantizar que la lectura sea correcta. Recuerde registrar el proceso de calibraci\u00f3n en su bit\u00e1cora, lo que ayudar\u00e1 a mantener un seguimiento de la precisi\u00f3n de su instrumento.<\/p>\n","protected":false},"excerpt":{"rendered":"<p>Buffer calibrador PH4 sobre 20ml. Son de un solo uso. Para calibrar, verter en un vaso hasta 1cm de liquido calibrdor, encender el medidor, poner la punta de la sonda o del electrodo en el vaso, a continuaci\u00f3n, proceder a su calibraci\u00f3n.<\/p>\n","protected":false},"featured_media":21218,"comment_status":"open","ping_status":"closed","template":"","meta":{"_bst_post_transparent":"","_bst_post_title":"","_bst_post_layout":"","_bst_post_sidebar_id":"","_bst_post_content_style":"","_bst_post_vertical_padding":"","_bst_post_feature":"","_bst_post_feature_position":"","_bst_post_header":false,"_bst_post_footer":false},"pwb-brand":[],"product_brand":[],"product_cat":[230],"product_tag":[],"class_list":{"0":"post-21219","1":"product","2":"type-product","3":"status-publish","4":"has-post-thumbnail","6":"product_cat-calibradores-ph-ec","8":"first","9":"instock","10":"sale","11":"taxable","12":"shipping-taxable","13":"purchasable","14":"product-type-simple","15":"entry","16":"content-bg","17":"loop-entry"},"brands":[],"_links":{"self":[{"href":"https:\/\/puregrowshop.com\/fr\/wp-json\/wp\/v2\/product\/21219","targetHints":{"allow":["GET"]}}],"collection":[{"href":"https:\/\/puregrowshop.com\/fr\/wp-json\/wp\/v2\/product"}],"about":[{"href":"https:\/\/puregrowshop.com\/fr\/wp-json\/wp\/v2\/types\/product"}],"replies":[{"embeddable":true,"href":"https:\/\/puregrowshop.com\/fr\/wp-json\/wp\/v2\/comments?post=21219"}],"wp:featuredmedia":[{"embeddable":true,"href":"https:\/\/puregrowshop.com\/fr\/wp-json\/wp\/v2\/media\/21218"}],"wp:attachment":[{"href":"https:\/\/puregrowshop.com\/fr\/wp-json\/wp\/v2\/media?parent=21219"}],"wp:term":[{"taxonomy":"pwb-brand","embeddable":true,"href":"https:\/\/puregrowshop.com\/fr\/wp-json\/wp\/v2\/pwb-brand?post=21219"},{"taxonomy":"product_brand","embeddable":true,"href":"https:\/\/puregrowshop.com\/fr\/wp-json\/wp\/v2\/product_brand?post=21219"},{"taxonomy":"product_cat","embeddable":true,"href":"https:\/\/puregrowshop.com\/fr\/wp-json\/wp\/v2\/product_cat?post=21219"},{"taxonomy":"product_tag","embeddable":true,"href":"https:\/\/puregrowshop.com\/fr\/wp-json\/wp\/v2\/product_tag?post=21219"}],"curies":[{"name":"wp","href":"https:\/\/api.w.org\/{rel}","templated":true}]}}