{"id":21138,"date":"2024-11-03T16:32:54","date_gmt":"2024-11-03T16:32:54","guid":{"rendered":"https:\/\/puregrowshop.com\/medidor-ec-milwaukee-eco-cd611\/"},"modified":"2025-03-11T22:52:51","modified_gmt":"2025-03-11T22:52:51","slug":"medidor-ec-milwaukee-eco-cd611","status":"publish","type":"product","link":"https:\/\/puregrowshop.com\/fr\/medidor-ec-milwaukee-eco-cd611\/","title":{"rendered":"Medidor Ec Milwaukee ECO CD611"},"content":{"rendered":"<p>Funcionamiento del medidor de EC. CD611.<br \/>Retira la protecci\u00f3n de color negro y enciende el medidor con el bot\u00f3n ON\/OFF situado arriba.<br \/>Sum\u00e9rgelo hasta el l\u00edmite y espera a que el dato se estabilice.<br \/>El medidor compensa autom\u00e1ticamente las variaciones de temperatura.<br \/>Despu\u00e9s de uso, pasa el electrodo por agua para mantenerlo limpio.<br \/>El Dato comunicado por la pantalla ha de multiplicarse por 100 para dar una lectura directa en mS\/cm.<br \/>Calibraci\u00f3n del medidor de EC. CD611.<br \/>Sumerge el medidor hasta el limite en liquido de calibraci\u00f3n EC (M10031)<br \/>Espera a que se estabilice el dato y con el destornillador al tornillo del dorso.<br \/>Ajusta a 1.4 (multiplicado por 100 da un EC de 1413). El medidor esta calibrado.<\/p>\n","protected":false},"excerpt":{"rendered":"<p>Medidor de EC. Para medir la electro conductividad. Es un instrumento f\u00e1cil de usar y de coste bajo para la medici\u00f3n r\u00e1pida de valores precisos EC.<\/p>\n","protected":false},"featured_media":21137,"comment_status":"open","ping_status":"closed","template":"","meta":{"_bst_post_transparent":"","_bst_post_title":"","_bst_post_layout":"","_bst_post_sidebar_id":"","_bst_post_content_style":"","_bst_post_vertical_padding":"","_bst_post_feature":"","_bst_post_feature_position":"","_bst_post_header":false,"_bst_post_footer":false},"pwb-brand":[],"product_brand":[],"product_cat":[229],"product_tag":[],"class_list":{"0":"post-21138","1":"product","2":"type-product","3":"status-publish","4":"has-post-thumbnail","6":"product_cat-medidores-ec","8":"first","9":"instock","10":"sale","11":"taxable","12":"shipping-taxable","13":"purchasable","14":"product-type-simple","15":"entry","16":"content-bg","17":"loop-entry"},"brands":[],"_links":{"self":[{"href":"https:\/\/puregrowshop.com\/fr\/wp-json\/wp\/v2\/product\/21138","targetHints":{"allow":["GET"]}}],"collection":[{"href":"https:\/\/puregrowshop.com\/fr\/wp-json\/wp\/v2\/product"}],"about":[{"href":"https:\/\/puregrowshop.com\/fr\/wp-json\/wp\/v2\/types\/product"}],"replies":[{"embeddable":true,"href":"https:\/\/puregrowshop.com\/fr\/wp-json\/wp\/v2\/comments?post=21138"}],"wp:featuredmedia":[{"embeddable":true,"href":"https:\/\/puregrowshop.com\/fr\/wp-json\/wp\/v2\/media\/21137"}],"wp:attachment":[{"href":"https:\/\/puregrowshop.com\/fr\/wp-json\/wp\/v2\/media?parent=21138"}],"wp:term":[{"taxonomy":"pwb-brand","embeddable":true,"href":"https:\/\/puregrowshop.com\/fr\/wp-json\/wp\/v2\/pwb-brand?post=21138"},{"taxonomy":"product_brand","embeddable":true,"href":"https:\/\/puregrowshop.com\/fr\/wp-json\/wp\/v2\/product_brand?post=21138"},{"taxonomy":"product_cat","embeddable":true,"href":"https:\/\/puregrowshop.com\/fr\/wp-json\/wp\/v2\/product_cat?post=21138"},{"taxonomy":"product_tag","embeddable":true,"href":"https:\/\/puregrowshop.com\/fr\/wp-json\/wp\/v2\/product_tag?post=21138"}],"curies":[{"name":"wp","href":"https:\/\/api.w.org\/{rel}","templated":true}]}}