{"id":21135,"date":"2024-11-03T16:32:54","date_gmt":"2024-11-03T16:32:54","guid":{"rendered":"https:\/\/puregrowshop.com\/medidor-suelo-ec-hanna-hi98331\/"},"modified":"2025-05-03T09:22:49","modified_gmt":"2025-05-03T09:22:49","slug":"medidor-suelo-ec-hanna-hi98331","status":"publish","type":"product","link":"https:\/\/puregrowshop.com\/fr\/medidor-suelo-ec-hanna-hi98331\/","title":{"rendered":"Medidor Suelo Ec Hanna HI98331"},"content":{"rendered":"<p>El Tester CE\/Temperatura del suelo HI 98331 es un medidor de bolsillo dise\u00f1ado especialmente para medir directamente la conductividad y temperatura de los suelos. Es resistente y fiable, ofreciendo lecturas r\u00e1pidas y precisas.<\/p>\n<p>ELECTRODO<br \/>Este medidor de CE de suelo dispone de una sonda de penetraci\u00f3n de acero inoxidable para medida directa de la conductividad. La sonda es intercambiable (HI 73331) y puede ser r\u00e1pidamente sustituida por el usuario.<\/p>\n<p>COMPENSACI\u00d3N AUTOM\u00c1TICA DE TEMPERATURA<br \/>Las lecturas de la conductividad son compensadas por la temperatura con un sensor incorporado en la sonda para penetraci\u00f3n de conductividad.<\/p>\n<p>CALIBRACI\u00d3N<\/p>\n<p>El rango de conductividad puede ser calibrado en un punto. El medidor ha sido dise\u00f1ado para ser calibrado en l\u00edquido.<\/p>\n<p>Para mantener una buena precisi\u00f3n, se recomienda una frecuente calibraci\u00f3n del instrumento. Se recomienda calibrar el instrumento:<\/p>\n<p>a) Cuando la sonda de conductividad es reemplazada.<br \/>b) Cuando se requiere una alta precisi\u00f3n. <br \/>c) Al menos una vez al mes.<\/p>\n<p>Adem\u00e1s, otras caracter\u00edsticas importantes son:<\/p>\n<p>&#8211; Lecturas directas en suelo <br \/>&#8211; Sencillo de usar, pulsando un solo bot\u00f3n<br \/>&#8211; Funciona con pilas comunes<\/p>\n","protected":false},"excerpt":{"rendered":"<p>Rango de conductividad: 0 a 4000 ?S \/ cm; 0.00 a 4.00 mS \/ cm (dS \/ m)<br \/>Resoluci\u00f3n de conductividad: 1 ?S \/ cm; 0.01 mS \/ cm (dS \/ m)<br \/>Precisi\u00f3n de Conductividad (25\u00baC): \u00b1 50 ?S \/ cm (0 a 2000 ?S \/ cm), \u00b1 300 ?S \/ cm (2000 a 4000 ?S \/ cm); \u00b1 0.05 mS \/ cm (0.00 a 2.00 mS \/ cm), \u00b1 0.30 mS \/ cm (2.00 a 4.00 mS \/ cm)<br \/>Rango de temperatura: 0.0 a 50.0 \u00b0 C<br \/>Resoluci\u00f3n de temperatura_ 0.1 \u00b0 C<br \/>Precisi\u00f3n de la temperatura (25\u00baC): \u00b1 1 \u00b0 C<br \/>Calibraci\u00f3n EC \/ TDS: Autom\u00e1tico, un punto a 1,41 mS \/ cm.<br \/>Compensaci\u00f3n de temperatura: autom\u00e1tico, coeficiente de temperatura (?) fijo 2% \/ \u00b0 C<br \/>Tipo de bater\u00eda \/ Vida \u00fatil: CR2032 Li-ion aproximadamente 100 horas de uso continuo<br \/>Electrodo \/ Sonda: Penetraci\u00f3n en acero inoxidable 114 mm.<br \/>Ambiente: 0 a 50 \u00b0 C (32 a 122 \u00b0 F); RH m\u00e1x. 95% sin condensaci\u00f3n<br \/>Dimensiones: 50 x 196 x 21 mm <br \/>Peso: 74 g <br \/>Informaci\u00f3n sobre pedidos: HI98331 se suministra con una sonda de penetraci\u00f3n de acero inoxidable, bater\u00eda CR2032 (1 pieza), funda de almacenamiento \/ protecci\u00f3n, manual de instrucciones y certificado de calidad.<\/p>\n","protected":false},"featured_media":21134,"comment_status":"open","ping_status":"closed","template":"","meta":{"_bst_post_transparent":"","_bst_post_title":"","_bst_post_layout":"","_bst_post_sidebar_id":"","_bst_post_content_style":"","_bst_post_vertical_padding":"","_bst_post_feature":"","_bst_post_feature_position":"","_bst_post_header":false,"_bst_post_footer":false},"pwb-brand":[],"product_brand":[],"product_cat":[229],"product_tag":[],"class_list":{"0":"post-21135","1":"product","2":"type-product","3":"status-publish","4":"has-post-thumbnail","6":"product_cat-medidores-ec","8":"first","9":"instock","10":"sale","11":"taxable","12":"shipping-taxable","13":"purchasable","14":"product-type-simple","15":"entry","16":"content-bg","17":"loop-entry"},"brands":[],"_links":{"self":[{"href":"https:\/\/puregrowshop.com\/fr\/wp-json\/wp\/v2\/product\/21135","targetHints":{"allow":["GET"]}}],"collection":[{"href":"https:\/\/puregrowshop.com\/fr\/wp-json\/wp\/v2\/product"}],"about":[{"href":"https:\/\/puregrowshop.com\/fr\/wp-json\/wp\/v2\/types\/product"}],"replies":[{"embeddable":true,"href":"https:\/\/puregrowshop.com\/fr\/wp-json\/wp\/v2\/comments?post=21135"}],"wp:featuredmedia":[{"embeddable":true,"href":"https:\/\/puregrowshop.com\/fr\/wp-json\/wp\/v2\/media\/21134"}],"wp:attachment":[{"href":"https:\/\/puregrowshop.com\/fr\/wp-json\/wp\/v2\/media?parent=21135"}],"wp:term":[{"taxonomy":"pwb-brand","embeddable":true,"href":"https:\/\/puregrowshop.com\/fr\/wp-json\/wp\/v2\/pwb-brand?post=21135"},{"taxonomy":"product_brand","embeddable":true,"href":"https:\/\/puregrowshop.com\/fr\/wp-json\/wp\/v2\/product_brand?post=21135"},{"taxonomy":"product_cat","embeddable":true,"href":"https:\/\/puregrowshop.com\/fr\/wp-json\/wp\/v2\/product_cat?post=21135"},{"taxonomy":"product_tag","embeddable":true,"href":"https:\/\/puregrowshop.com\/fr\/wp-json\/wp\/v2\/product_tag?post=21135"}],"curies":[{"name":"wp","href":"https:\/\/api.w.org\/{rel}","templated":true}]}}