{"id":21131,"date":"2024-11-03T16:32:49","date_gmt":"2024-11-03T16:32:49","guid":{"rendered":"https:\/\/puregrowshop.com\/medidor-ec-bluelab-truncheon\/"},"modified":"2025-09-11T09:22:37","modified_gmt":"2025-09-11T09:22:37","slug":"medidor-ec-bluelab-truncheon","status":"publish","type":"product","link":"https:\/\/puregrowshop.com\/fr\/medidor-ec-bluelab-truncheon\/","title":{"rendered":"Medidor Ec Bluelab Truncheon"},"content":{"rendered":"<p>Caracter\u00edsticas:<br \/>EC (0.2 &#8211; 3.6), CF (2 &#8211; 36) y escala de ppm (escala TDS y 700)<br \/>Completamente agua resistente<br \/>No precisa de calibraci\u00f3n<br \/>Funci\u00f3n de auto conexi\u00f3n y desconexi\u00f3n<br \/>Sin pulsadores ni botones externos<br \/>Vida m\u00ednima de la bater\u00eda 1 a\u00f1o<\/p>\n","protected":false},"excerpt":{"rendered":"<p>Un dise\u00f1o robusto en materiales de alta calidad y completamente resistente al agua. No precisa de calibraci\u00f3n, lectura r\u00e1pida a trav\u00e9s de su LED azul, no m\u00e1s preocupaciones de encender y apagar.<br \/>Es un instrumento esencial para el cultivo hidrop\u00f3nico, para saber la fuerza de la disoluci\u00f3n antes de la alimentaci\u00f3n de las plantas y cuando estas est\u00e1n creciendo.<\/p>\n<p>Esto es una tarea f\u00e1cil si usas el Truncheon Bluelab! Para tomar lecturas de una disoluci\u00f3n, basta con introducir la cabeza de la sonda en la disoluci\u00f3n por 1-2 minutos hasta que se alcance la misma temperatura de la disoluci\u00f3n. Retirar de la disoluci\u00f3n y volver a introducir como indiquen los leds.<\/p>\n<p>Enjuague la sonda en agua corriente y limpia una vez por semana para asegurarse que el Truncheon Medidor de Nutrientes permanece calibrado y preciso.<\/p>\n<p>No es preciso calibrar este medidor y es tambi\u00e9n una herramienta ideal para agitar los nutrientes en la disoluci\u00f3n.<\/p>\n","protected":false},"featured_media":21130,"comment_status":"open","ping_status":"closed","template":"","meta":{"_bst_post_transparent":"","_bst_post_title":"","_bst_post_layout":"","_bst_post_sidebar_id":"","_bst_post_content_style":"","_bst_post_vertical_padding":"","_bst_post_feature":"","_bst_post_feature_position":"","_bst_post_header":false,"_bst_post_footer":false},"pwb-brand":[],"product_brand":[],"product_cat":[229],"product_tag":[],"class_list":{"0":"post-21131","1":"product","2":"type-product","3":"status-publish","4":"has-post-thumbnail","6":"product_cat-medidores-ec","8":"first","9":"instock","10":"sale","11":"taxable","12":"shipping-taxable","13":"purchasable","14":"product-type-simple","15":"entry","16":"content-bg","17":"loop-entry"},"brands":[],"_links":{"self":[{"href":"https:\/\/puregrowshop.com\/fr\/wp-json\/wp\/v2\/product\/21131","targetHints":{"allow":["GET"]}}],"collection":[{"href":"https:\/\/puregrowshop.com\/fr\/wp-json\/wp\/v2\/product"}],"about":[{"href":"https:\/\/puregrowshop.com\/fr\/wp-json\/wp\/v2\/types\/product"}],"replies":[{"embeddable":true,"href":"https:\/\/puregrowshop.com\/fr\/wp-json\/wp\/v2\/comments?post=21131"}],"wp:featuredmedia":[{"embeddable":true,"href":"https:\/\/puregrowshop.com\/fr\/wp-json\/wp\/v2\/media\/21130"}],"wp:attachment":[{"href":"https:\/\/puregrowshop.com\/fr\/wp-json\/wp\/v2\/media?parent=21131"}],"wp:term":[{"taxonomy":"pwb-brand","embeddable":true,"href":"https:\/\/puregrowshop.com\/fr\/wp-json\/wp\/v2\/pwb-brand?post=21131"},{"taxonomy":"product_brand","embeddable":true,"href":"https:\/\/puregrowshop.com\/fr\/wp-json\/wp\/v2\/product_brand?post=21131"},{"taxonomy":"product_cat","embeddable":true,"href":"https:\/\/puregrowshop.com\/fr\/wp-json\/wp\/v2\/product_cat?post=21131"},{"taxonomy":"product_tag","embeddable":true,"href":"https:\/\/puregrowshop.com\/fr\/wp-json\/wp\/v2\/product_tag?post=21131"}],"curies":[{"name":"wp","href":"https:\/\/api.w.org\/{rel}","templated":true}]}}