{"id":21128,"date":"2024-11-03T16:32:49","date_gmt":"2024-11-03T16:32:49","guid":{"rendered":"https:\/\/puregrowshop.com\/medidor-ec-hanna-hi98304\/"},"modified":"2025-03-11T22:52:33","modified_gmt":"2025-03-11T22:52:33","slug":"medidor-ec-hanna-hi98304","status":"publish","type":"product","link":"https:\/\/puregrowshop.com\/fr\/medidor-ec-hanna-hi98304\/","title":{"rendered":"Medidor Ec Hanna HI98304"},"content":{"rendered":"<p>El Tester CE (0,00 a 19,99 mS\/cm) DIST4 HI98304 se utiliza para medir la conductividad en agua potable, acondicionamiento de agua, \u00f3smosis inversa, torres de refrigeraci\u00f3n, aguas residuales, laboratorios, agricultura, acuicultura y acuarios, hidropon\u00eda e industria de la impresi\u00f3n.<\/p>\n<p>Es un medidor robusto, preciso y que cabe en el bolsillo de un pantal\u00f3n, ofrece lecturas r\u00e1pidas y exactas de conductividad.<\/p>\n<p>Estos medidores cuentan con un electrodo amperom\u00e9trico de grafito que provee mejor repetibilidad en las medidas dado que no se oxidan. Una medida amperom\u00e9trica de EC\/TDS est\u00e1 basada en la Ley de Ohm, I = V\/R, donde R depende de la distancia entre dos alfileres y su superficie. La oxidaci\u00f3n cambia tanto la distancia como la superficie lo cual afectar\u00e1 la exactitud. Los alfileres no oxidables de grafito en los DiST\u00b4s son capaces de entregar una superficie \u00f3ptima para resultados exactos y fiables.<\/p>\n<p>Cuando se requiere calibrar, simplemente se sumerge la punta del electrodo dentro de la soluci\u00f3n de calibraci\u00f3n y se ajusta el potenci\u00f3metro a un lado del medidor.<\/p>\n<p>Una tapa f\u00e1cilmente extra\u00edble permite que el cambio de pila sea sencillo. La vida de la pila es de 250 horas apoximadas de uso continuado, luego es f\u00e1cil adivinar que este cambio se realizar\u00e1 no muchas veces.<\/p>\n","protected":false},"excerpt":{"rendered":"<p>Caracteristicas principales:<br \/>&#8211; Sencillo de usar<br \/>&#8211; Herm\u00e9tico<br \/>&#8211; Electrodo de grafito reemplazable<br \/>&#8211; Sensor de temperatura<br \/>&#8211; Calibraci\u00f3n es un punto<br \/>&#8211; Precision : 2%PE<br \/>&#8211; Rango : 19900\u00b5S\/cm <br \/>&#8211; Resoluci\u00f3n : 100\u00b5S\/cm<br \/>&#8211; Calibraci\u00f3n: Manual<\/p>\n","protected":false},"featured_media":21127,"comment_status":"open","ping_status":"closed","template":"","meta":{"_bst_post_transparent":"","_bst_post_title":"","_bst_post_layout":"","_bst_post_sidebar_id":"","_bst_post_content_style":"","_bst_post_vertical_padding":"","_bst_post_feature":"","_bst_post_feature_position":"","_bst_post_header":false,"_bst_post_footer":false},"pwb-brand":[],"product_brand":[],"product_cat":[229],"product_tag":[],"class_list":{"0":"post-21128","1":"product","2":"type-product","3":"status-publish","4":"has-post-thumbnail","6":"product_cat-medidores-ec","8":"first","9":"instock","10":"sale","11":"taxable","12":"shipping-taxable","13":"purchasable","14":"product-type-simple","15":"entry","16":"content-bg","17":"loop-entry"},"brands":[],"_links":{"self":[{"href":"https:\/\/puregrowshop.com\/fr\/wp-json\/wp\/v2\/product\/21128","targetHints":{"allow":["GET"]}}],"collection":[{"href":"https:\/\/puregrowshop.com\/fr\/wp-json\/wp\/v2\/product"}],"about":[{"href":"https:\/\/puregrowshop.com\/fr\/wp-json\/wp\/v2\/types\/product"}],"replies":[{"embeddable":true,"href":"https:\/\/puregrowshop.com\/fr\/wp-json\/wp\/v2\/comments?post=21128"}],"wp:featuredmedia":[{"embeddable":true,"href":"https:\/\/puregrowshop.com\/fr\/wp-json\/wp\/v2\/media\/21127"}],"wp:attachment":[{"href":"https:\/\/puregrowshop.com\/fr\/wp-json\/wp\/v2\/media?parent=21128"}],"wp:term":[{"taxonomy":"pwb-brand","embeddable":true,"href":"https:\/\/puregrowshop.com\/fr\/wp-json\/wp\/v2\/pwb-brand?post=21128"},{"taxonomy":"product_brand","embeddable":true,"href":"https:\/\/puregrowshop.com\/fr\/wp-json\/wp\/v2\/product_brand?post=21128"},{"taxonomy":"product_cat","embeddable":true,"href":"https:\/\/puregrowshop.com\/fr\/wp-json\/wp\/v2\/product_cat?post=21128"},{"taxonomy":"product_tag","embeddable":true,"href":"https:\/\/puregrowshop.com\/fr\/wp-json\/wp\/v2\/product_tag?post=21128"}],"curies":[{"name":"wp","href":"https:\/\/api.w.org\/{rel}","templated":true}]}}