{"id":21126,"date":"2024-11-03T16:32:48","date_gmt":"2024-11-03T16:32:48","guid":{"rendered":"https:\/\/puregrowshop.com\/medidor-ec-hanna-grocheck-continuo\/"},"modified":"2025-11-07T11:01:25","modified_gmt":"2025-11-07T11:01:25","slug":"medidor-ec-hanna-grocheck-continuo","status":"publish","type":"product","link":"https:\/\/puregrowshop.com\/fr\/medidor-ec-hanna-grocheck-continuo\/","title":{"rendered":"Medidor Ec Hanna Grocheck Continuo"},"content":{"rendered":"<p>Presentamos el Medidor EC Hanna Grocheck Continuo, una herramienta esencial para el monitoreo preciso y constante de la conductividad el\u00e9ctrica en soluciones nutritivas. Dise\u00f1ado para horticultores y agricultores profesionales, este medidor garantiza que sus cultivos reciban los nutrientes adecuados para un crecimiento \u00f3ptimo.<\/p>\n<ul>\n<li>Monitoreo continuo de la conductividad el\u00e9ctrica (EC) en tiempo real.<\/li>\n<li>Pantalla LCD clara y f\u00e1cil de leer, incluso en condiciones de poca luz.<\/li>\n<li>Calibraci\u00f3n autom\u00e1tica que asegura mediciones precisas y confiables.<\/li>\n<li>Rango de medici\u00f3n amplio, adecuado para diversas aplicaciones agr\u00edcolas.<\/li>\n<li>Construcci\u00f3n resistente al agua, ideal para entornos h\u00famedos.<\/li>\n<\/ul>\n<p>El Medidor EC Hanna Grocheck Continuo permite a los usuarios optimizar el uso de fertilizantes, asegurando que las plantas absorban la cantidad correcta de nutrientes. Su uso resulta en un mejor rendimiento de los cultivos, ahorro de recursos y un impacto ambiental reducido.<\/p>\n<p>Fabricado con materiales duraderos, este medidor est\u00e1 dise\u00f1ado para soportar el uso intensivo en el campo. Requiere un mantenimiento m\u00ednimo; simplemente enjuague con agua limpia despu\u00e9s de cada uso para garantizar su longevidad y precisi\u00f3n. Con el Medidor EC Hanna Grocheck Continuo, lleve su cultivo al siguiente nivel de eficiencia y productividad.<\/p>\n","protected":false},"excerpt":{"rendered":"<p>Estos innovadores instrumentos han sido dise\u00f1ados para soportar las condiciones agresivas de las aplicaciones en agricultura. Los medidores GROCHECK disponen de una carcasa sellada al igual que los cables para soportar los vapores y la humedad. Los problemas de duraci\u00f3n de las pilas se pueden solventar con los alimentadores de 12 VDC que se suministran con los medidores. Usted solamente necesita colgar el equipo sobre la muestra a visualizar y puede comenzar a tomar las medidas. Estos avanzados medidores permiten seleccionar el punto de consigna y cuando se supere este punto, un led rojo se encender\u00e1. EC GROCHECK se suministra con una sonda especialmente dise\u00f1ada para agricultura e hidrop\u00f3nico.<\/p>\n<p style='color:red'>GARANT\u00cdA<br \/>Este medidor viene con una garant\u00eda de los electrodos y\/o sondas de 3 meses y una garant\u00eda de equipo de 2 a\u00f1os.<\/p>\n","protected":false},"featured_media":21125,"comment_status":"open","ping_status":"closed","template":"","meta":{"_bst_post_transparent":"","_bst_post_title":"","_bst_post_layout":"","_bst_post_sidebar_id":"","_bst_post_content_style":"","_bst_post_vertical_padding":"","_bst_post_feature":"","_bst_post_feature_position":"","_bst_post_header":false,"_bst_post_footer":false},"pwb-brand":[],"product_brand":[],"product_cat":[229],"product_tag":[],"class_list":{"0":"post-21126","1":"product","2":"type-product","3":"status-publish","4":"has-post-thumbnail","6":"product_cat-medidores-ec","8":"first","9":"outofstock","10":"sale","11":"taxable","12":"shipping-taxable","13":"purchasable","14":"product-type-simple","15":"entry","16":"content-bg","17":"loop-entry"},"brands":[],"_links":{"self":[{"href":"https:\/\/puregrowshop.com\/fr\/wp-json\/wp\/v2\/product\/21126","targetHints":{"allow":["GET"]}}],"collection":[{"href":"https:\/\/puregrowshop.com\/fr\/wp-json\/wp\/v2\/product"}],"about":[{"href":"https:\/\/puregrowshop.com\/fr\/wp-json\/wp\/v2\/types\/product"}],"replies":[{"embeddable":true,"href":"https:\/\/puregrowshop.com\/fr\/wp-json\/wp\/v2\/comments?post=21126"}],"wp:featuredmedia":[{"embeddable":true,"href":"https:\/\/puregrowshop.com\/fr\/wp-json\/wp\/v2\/media\/21125"}],"wp:attachment":[{"href":"https:\/\/puregrowshop.com\/fr\/wp-json\/wp\/v2\/media?parent=21126"}],"wp:term":[{"taxonomy":"pwb-brand","embeddable":true,"href":"https:\/\/puregrowshop.com\/fr\/wp-json\/wp\/v2\/pwb-brand?post=21126"},{"taxonomy":"product_brand","embeddable":true,"href":"https:\/\/puregrowshop.com\/fr\/wp-json\/wp\/v2\/product_brand?post=21126"},{"taxonomy":"product_cat","embeddable":true,"href":"https:\/\/puregrowshop.com\/fr\/wp-json\/wp\/v2\/product_cat?post=21126"},{"taxonomy":"product_tag","embeddable":true,"href":"https:\/\/puregrowshop.com\/fr\/wp-json\/wp\/v2\/product_tag?post=21126"}],"curies":[{"name":"wp","href":"https:\/\/api.w.org\/{rel}","templated":true}]}}