{"id":21078,"date":"2024-11-03T16:32:34","date_gmt":"2024-11-03T16:32:34","guid":{"rendered":"https:\/\/puregrowshop.com\/medidor-ph-eutech\/"},"modified":"2025-03-11T22:52:45","modified_gmt":"2025-03-11T22:52:45","slug":"medidor-ph-eutech","status":"publish","type":"product","link":"https:\/\/puregrowshop.com\/fr\/medidor-ph-eutech\/","title":{"rendered":"Medidor Ph Eutech"},"content":{"rendered":"<p>Especificaciones<\/p>\n<p>&#8211; Alta calidad Eutech<br \/>&#8211; Modelo: EcoTestr pH2<br \/>&#8211; Rango -1.0 a 15.0 pH <br \/>&#8211; Resoluci\u00f3n 0.1 pH <br \/>&#8211; Exactitud \u00b10.1 pH <br \/>&#8211; Calibraci\u00f3n Tres puntos, autom\u00e1tica (4.0, 7.0, \u00f3 10.0)<br \/>&#8211; Compensaci\u00f3n de temperatura: autom\u00e1tica (ATC), de 0 a 50\u00b0C (32 a 122\u00b0F)<br \/>&#8211; Temperatura de operaci\u00f3n: 0 a 50\u00b0C (32 a 122\u00b0F)<br \/>&#8211; IP67 <br \/>&#8211; Alimentaci\u00f3n: cuatro 1.5 V pilas alcalinas A76 (incluidas)<br \/>&#8211; Dimensiones: 1.25&#8242; x 1.5&#8242; x 6.5&#8242; (3.2 x 3.8 x 16.8 cm)<br \/>&#8211; Peso: 3.25 oz (90 g) <<br \/>Contenido del env\u00edo<\/p>\n<p>&#8211; Medidor de pH Eutech (EcoTestr pH 2)<br \/>&#8211; Instrucciones de uso (Castellano\/Ingl\u00e9s)<\/p>\n","protected":false},"excerpt":{"rendered":"<p>Control preciso en poco espacio&#8230; y precio! Medidas de pH f\u00e1ciles, en cualquier lugar. Ideales para medidas r\u00e1pidas en jardiner\u00eda hidrop\u00f3nica, acuicultura, agricultura, piscinas, trabajos simples de laboratorio.<\/p>\n<p>&#8211; Pantalla sencilla de una sola l\u00ednea: La pantalla vertical grande es f\u00e1cil de leer <br \/>&#8211; Exactitud de escala completa de \u00b10.1 pH: Apropiada para muchas aplicaciones <br \/>&#8211; Tapa protectora transparente: Se dobla hacia arriba como un contenedor para el acondicionamiento del sensor o para calibraci\u00f3n in situ <br \/>&#8211; Cubierta a prueba de agua y polvo: Cumple con la clasificaci\u00f3n IP67, adem\u00e1s \u00a1flota! <br \/>&#8211; Sensor de larga duraci\u00f3n con junta de referencia PVDF: El volumen de gel de pol\u00edmero de referencia le da al sensor un largo per\u00edodo de vida, libre de obstrucciones <br \/>&#8211; Compartimiento de pila con cerradura tipo clic: Simplemente levante y retire la cubierta para cambiar las pilas, no se requieren herramientas adicionales <br \/>&#8211; Tecla de calibraci\u00f3n digital: Calibra con m\u00e1s precisi\u00f3n<br \/>&#8211; Funci\u00f3n retener: Congela la lectura hasta que usted la pueda registrar <br \/>&#8211; Apagado autom\u00e1tico: Alarga la vida de las pilas <br \/>&#8211; Compensaci\u00f3n autom\u00e1tica de temperatura (ATC): Lecturas exactas a\u00fan con temperaturas fluctuantes<\/p>\n<p>Bot\u00f3n Easy Push para calibraci\u00f3n. Tester a microprocesador que no necesita destornillador para su calibraci\u00f3n. Simplemente, sumerja el sensor en el patr\u00f3n de calibraci\u00f3n, espere a que se estabilice la lectura y pulse &#8216;CAL&#8217;!<\/p>\n<p>Calibraci\u00f3n de pH autom\u00e1tica. Calibrar su EcoTestr pH es coser y cantar con la auto-calibraci\u00f3n! Pulse el bot\u00f3n de calibraci\u00f3n, sumerja el sensor en la disoluci\u00f3n de pH buffer y deje que el tester haga el resto.<\/p>\n","protected":false},"featured_media":21077,"comment_status":"open","ping_status":"closed","template":"","meta":{"_bst_post_transparent":"","_bst_post_title":"","_bst_post_layout":"","_bst_post_sidebar_id":"","_bst_post_content_style":"","_bst_post_vertical_padding":"","_bst_post_feature":"","_bst_post_feature_position":"","_bst_post_header":false,"_bst_post_footer":false},"pwb-brand":[],"product_brand":[],"product_cat":[228],"product_tag":[],"class_list":{"0":"post-21078","1":"product","2":"type-product","3":"status-publish","4":"has-post-thumbnail","6":"product_cat-medidores-ph","8":"first","9":"instock","10":"sale","11":"taxable","12":"shipping-taxable","13":"purchasable","14":"product-type-simple","15":"entry","16":"content-bg","17":"loop-entry"},"brands":[],"_links":{"self":[{"href":"https:\/\/puregrowshop.com\/fr\/wp-json\/wp\/v2\/product\/21078","targetHints":{"allow":["GET"]}}],"collection":[{"href":"https:\/\/puregrowshop.com\/fr\/wp-json\/wp\/v2\/product"}],"about":[{"href":"https:\/\/puregrowshop.com\/fr\/wp-json\/wp\/v2\/types\/product"}],"replies":[{"embeddable":true,"href":"https:\/\/puregrowshop.com\/fr\/wp-json\/wp\/v2\/comments?post=21078"}],"wp:featuredmedia":[{"embeddable":true,"href":"https:\/\/puregrowshop.com\/fr\/wp-json\/wp\/v2\/media\/21077"}],"wp:attachment":[{"href":"https:\/\/puregrowshop.com\/fr\/wp-json\/wp\/v2\/media?parent=21078"}],"wp:term":[{"taxonomy":"pwb-brand","embeddable":true,"href":"https:\/\/puregrowshop.com\/fr\/wp-json\/wp\/v2\/pwb-brand?post=21078"},{"taxonomy":"product_brand","embeddable":true,"href":"https:\/\/puregrowshop.com\/fr\/wp-json\/wp\/v2\/product_brand?post=21078"},{"taxonomy":"product_cat","embeddable":true,"href":"https:\/\/puregrowshop.com\/fr\/wp-json\/wp\/v2\/product_cat?post=21078"},{"taxonomy":"product_tag","embeddable":true,"href":"https:\/\/puregrowshop.com\/fr\/wp-json\/wp\/v2\/product_tag?post=21078"}],"curies":[{"name":"wp","href":"https:\/\/api.w.org\/{rel}","templated":true}]}}