{"id":21070,"date":"2024-11-03T16:32:32","date_gmt":"2024-11-03T16:32:32","guid":{"rendered":"https:\/\/puregrowshop.com\/medidor-ph-tds-sonda-adwa-ad11p-waterproof\/"},"modified":"2025-11-07T11:03:37","modified_gmt":"2025-11-07T11:03:37","slug":"medidor-ph-tds-sonda-adwa-ad11p-waterproof","status":"publish","type":"product","link":"https:\/\/puregrowshop.com\/fr\/medidor-ph-tds-sonda-adwa-ad11p-waterproof\/","title":{"rendered":"Medidor Ph\/Tds Sonda Adwa AD11P Waterproof"},"content":{"rendered":"<p>El Medidor PH\/TDS Sonda Adwa AD11 P Waterproof es una herramienta esencial para quienes buscan precisi\u00f3n y confiabilidad en la medici\u00f3n de pH y TDS en diversas aplicaciones. Dise\u00f1ado para satisfacer las necesidades de profesionales y aficionados exigentes, este medidor combina tecnolog\u00eda avanzada con facilidad de uso.<\/p>\n<ul>\n<li>Impermeable: Dise\u00f1ado para resistir ambientes h\u00famedos y salpicaduras, ideal para uso en exteriores.<\/li>\n<li>Rango de medici\u00f3n de pH: 0.00 a 14.00, brindando una amplia cobertura para diversas soluciones.<\/li>\n<li>Rango de TDS: 0 a 1999 ppm, asegurando mediciones precisas en diferentes concentraciones.<\/li>\n<li>Compensaci\u00f3n autom\u00e1tica de temperatura, garantizando resultados exactos independientemente de las condiciones ambientales.<\/li>\n<li>Pantalla LCD de f\u00e1cil lectura, que permite visualizar r\u00e1pidamente los resultados.<\/li>\n<li>Funci\u00f3n de apagado autom\u00e1tico para conservar la bater\u00eda y extender la vida \u00fatil del dispositivo.<\/li>\n<\/ul>\n<p>Este medidor es perfecto para aplicaciones en agricultura, acuicultura y laboratorios, ofreciendo la confianza necesaria para tomar decisiones informadas. Su dise\u00f1o port\u00e1til y robusto lo convierte en un compa\u00f1ero ideal para el trabajo de campo.<\/p>\n<p>Fabricado con materiales duraderos, el Adwa AD11 P requiere un mantenimiento m\u00ednimo para asegurar su longevidad. Simplemente enjuague la sonda despu\u00e9s de cada uso para mantener su precisi\u00f3n y funcionalidad. Convi\u00e9rtase en el due\u00f1o de su an\u00e1lisis de agua con este instrumento de medici\u00f3n confiable y eficiente.<\/p>\n","protected":false},"excerpt":{"rendered":"<p>Sonda de recambio para tu medidor AD11 y AD12.<\/p>\n<p><\/p>\n<p>Esta sonda es necesaria ya que la vida de los electrodos en los medidores es limitada, siendo la duraci\u00f3n normal 1 \u00f3 2 a\u00f1os por lo que gracias a esta sonda aumentar\u00e1s la vida \u00fatil de tu medidor.<\/p>\n<p><\/p>\n<p style='color:red'>GARANT\u00cdA<br \/>Esta sonda tiene una garant\u00eda de 6 meses.<\/p>\n","protected":false},"featured_media":21069,"comment_status":"open","ping_status":"closed","template":"","meta":{"_bst_post_transparent":"","_bst_post_title":"","_bst_post_layout":"","_bst_post_sidebar_id":"","_bst_post_content_style":"","_bst_post_vertical_padding":"","_bst_post_feature":"","_bst_post_feature_position":"","_bst_post_header":false,"_bst_post_footer":false},"pwb-brand":[],"product_brand":[],"product_cat":[228],"product_tag":[],"class_list":{"0":"post-21070","1":"product","2":"type-product","3":"status-publish","4":"has-post-thumbnail","6":"product_cat-medidores-ph","7":"product_shipping_class-entre-1-kg-y-5-kg","9":"first","10":"instock","11":"sale","12":"taxable","13":"shipping-taxable","14":"purchasable","15":"product-type-simple","16":"entry","17":"content-bg","18":"loop-entry"},"brands":[],"_links":{"self":[{"href":"https:\/\/puregrowshop.com\/fr\/wp-json\/wp\/v2\/product\/21070","targetHints":{"allow":["GET"]}}],"collection":[{"href":"https:\/\/puregrowshop.com\/fr\/wp-json\/wp\/v2\/product"}],"about":[{"href":"https:\/\/puregrowshop.com\/fr\/wp-json\/wp\/v2\/types\/product"}],"replies":[{"embeddable":true,"href":"https:\/\/puregrowshop.com\/fr\/wp-json\/wp\/v2\/comments?post=21070"}],"wp:featuredmedia":[{"embeddable":true,"href":"https:\/\/puregrowshop.com\/fr\/wp-json\/wp\/v2\/media\/21069"}],"wp:attachment":[{"href":"https:\/\/puregrowshop.com\/fr\/wp-json\/wp\/v2\/media?parent=21070"}],"wp:term":[{"taxonomy":"pwb-brand","embeddable":true,"href":"https:\/\/puregrowshop.com\/fr\/wp-json\/wp\/v2\/pwb-brand?post=21070"},{"taxonomy":"product_brand","embeddable":true,"href":"https:\/\/puregrowshop.com\/fr\/wp-json\/wp\/v2\/product_brand?post=21070"},{"taxonomy":"product_cat","embeddable":true,"href":"https:\/\/puregrowshop.com\/fr\/wp-json\/wp\/v2\/product_cat?post=21070"},{"taxonomy":"product_tag","embeddable":true,"href":"https:\/\/puregrowshop.com\/fr\/wp-json\/wp\/v2\/product_tag?post=21070"}],"curies":[{"name":"wp","href":"https:\/\/api.w.org\/{rel}","templated":true}]}}