{"id":21067,"date":"2024-11-03T16:32:31","date_gmt":"2024-11-03T16:32:31","guid":{"rendered":"https:\/\/puregrowshop.com\/medidor-ph-hanna-hi98107\/"},"modified":"2025-03-11T22:52:42","modified_gmt":"2025-03-11T22:52:42","slug":"medidor-ph-hanna-hi98107","status":"publish","type":"product","link":"https:\/\/puregrowshop.com\/fr\/medidor-ph-hanna-hi98107\/","title":{"rendered":"Medidor Ph Hanna HI98107"},"content":{"rendered":"<p>Con este medidor de pH digital podr\u00e1s medir el pH de aquello que necesites de una manera sencilla y r\u00e1pida obteniendo resultados precisos. De hecho, el modelo HI98107 es usado por miles de personas en todo el mundo para controlar el pH en laboratorios y empresas industriales, as\u00ed como en la agricultura, piscifactor\u00edas, acuarios, en la producci\u00f3n y control de calidad de alimentos, piscinas o spas.<\/p>\n<p>Este medidor de pH digital HANNA ha revolucionado la industria de medici\u00f3n del pH, ofreciendo a todos los usuarios, sin necesidad de ser t\u00e9cnicos en la materia, un instrumento preciso, econ\u00f3mico y f\u00e1cil de usar. Este tipo de phmetros de bolsillo han sido completamente redise\u00f1ados tomando como base la experiencia y las necesidades del usuario.<\/p>\n<p>La carcasa del phmetro es m\u00e1s robusta y su dise\u00f1o es ergon\u00f3mico. Adem\u00e1s, su nuevo dise\u00f1o presenta una pantalla m\u00e1s grande y visible que permite una f\u00e1cil lectura desde cualquier \u00e1ngulo. <\/p>\n<p>Por el uso y por el paso del tiempo las uniones se obstruyen o contaminan, y si no existe la posibilidad de recambio, no quedar\u00eda otra opci\u00f3n que deshacernos del todo del pHmetro. No obstante, gracias a la uni\u00f3n extra\u00edble de fibra del electrodo, el medidor de pH Hanna HI 98107 tiene una vida \u00fatil m\u00e1s larga que otros medidores de pH. Dicha uni\u00f3n mide 2cm de largo y cuando est\u00e9 contaminada o deje de realizar mediciones eficaces, podremos sustituirla por una nueva y as\u00ed alargar la vida del electrodo, y por tanto, la del tester. Adem\u00e1s, todos los pHmetros e instrumentos de la serie pHep llevan una tapa que protege el electrodo.<\/p>\n<p>La calibraci\u00f3n del medidor de pH se realiza manualmente en 1 \u00f3 2 puntos con un potenci\u00f3metro (incluido en el precio) situado en el costado del tester, con lo cual asegura una precisi\u00f3n de la medici\u00f3n en \u00b10.2 pH.  La medici\u00f3n se visualiza directamente en su amplia pantalla, la cual es visible desde cualquier \u00e1ngulo.<br \/>El pHmetro funciona con una pila de bot\u00f3n cuyo consumo es m\u00ednimo, asegurando una autonom\u00eda aproximada de unas 800h y as\u00ed evitar tener que reemplazarla en mucho tiempo.<\/p>\n<p>El phmetro precisi\u00f3n +-0,1, HI98107, se suministra con tapa protectora, destornillador de calibraci\u00f3n, bater\u00edas e instrucciones.<\/p>\n","protected":false},"excerpt":{"rendered":"<p>Rango pH: 0,0-14,0 pH<br \/>Resoluci\u00f3n pH: 0.1<br \/>Precisi\u00f3n pH (25\u00baC): \u00b10,1<br \/>Calibraci\u00f3n pH: Autom\u00e1tico en uno o dos puntos (pH 4.01, 7.01, 10.01)<br \/>Rango T\u00aa: 0,0-50,0\u00baC \t <br \/>Resoluci\u00f3n T\u00aa: 0,1\u00baC\t <br \/>Precisi\u00f3n (25\u00baC) T\u00aa: \u00b10,5\u00baC \t <br \/>Compensaci\u00f3n T\u00aa: Autom\u00e1tica, de 0\u00baC a 50\u00baC <br \/>Bateria: CR2032 3V Li-ion aprox. 800Horas de uso continuo<\/p>\n<p>Especificaciones adicionales: \t \t <br \/>Auto apagado: 7 min, 60 minutos o puede ser desactivado\t <br \/>Peso: 75g<\/p>\n","protected":false},"featured_media":21066,"comment_status":"open","ping_status":"closed","template":"","meta":{"_bst_post_transparent":"","_bst_post_title":"","_bst_post_layout":"","_bst_post_sidebar_id":"","_bst_post_content_style":"","_bst_post_vertical_padding":"","_bst_post_feature":"","_bst_post_feature_position":"","_bst_post_header":false,"_bst_post_footer":false},"pwb-brand":[],"product_brand":[],"product_cat":[228],"product_tag":[],"class_list":{"0":"post-21067","1":"product","2":"type-product","3":"status-publish","4":"has-post-thumbnail","6":"product_cat-medidores-ph","8":"first","9":"instock","10":"sale","11":"taxable","12":"shipping-taxable","13":"purchasable","14":"product-type-simple","15":"entry","16":"content-bg","17":"loop-entry"},"brands":[],"_links":{"self":[{"href":"https:\/\/puregrowshop.com\/fr\/wp-json\/wp\/v2\/product\/21067","targetHints":{"allow":["GET"]}}],"collection":[{"href":"https:\/\/puregrowshop.com\/fr\/wp-json\/wp\/v2\/product"}],"about":[{"href":"https:\/\/puregrowshop.com\/fr\/wp-json\/wp\/v2\/types\/product"}],"replies":[{"embeddable":true,"href":"https:\/\/puregrowshop.com\/fr\/wp-json\/wp\/v2\/comments?post=21067"}],"wp:featuredmedia":[{"embeddable":true,"href":"https:\/\/puregrowshop.com\/fr\/wp-json\/wp\/v2\/media\/21066"}],"wp:attachment":[{"href":"https:\/\/puregrowshop.com\/fr\/wp-json\/wp\/v2\/media?parent=21067"}],"wp:term":[{"taxonomy":"pwb-brand","embeddable":true,"href":"https:\/\/puregrowshop.com\/fr\/wp-json\/wp\/v2\/pwb-brand?post=21067"},{"taxonomy":"product_brand","embeddable":true,"href":"https:\/\/puregrowshop.com\/fr\/wp-json\/wp\/v2\/product_brand?post=21067"},{"taxonomy":"product_cat","embeddable":true,"href":"https:\/\/puregrowshop.com\/fr\/wp-json\/wp\/v2\/product_cat?post=21067"},{"taxonomy":"product_tag","embeddable":true,"href":"https:\/\/puregrowshop.com\/fr\/wp-json\/wp\/v2\/product_tag?post=21067"}],"curies":[{"name":"wp","href":"https:\/\/api.w.org\/{rel}","templated":true}]}}