{"id":21065,"date":"2024-11-03T16:32:31","date_gmt":"2024-11-03T16:32:31","guid":{"rendered":"https:\/\/puregrowshop.com\/medidor-ph-tds-adwa-waterproof-ad11\/"},"modified":"2025-03-11T22:52:42","modified_gmt":"2025-03-11T22:52:42","slug":"medidor-ph-tds-adwa-waterproof-ad11","status":"publish","type":"product","link":"https:\/\/puregrowshop.com\/fr\/medidor-ph-tds-adwa-waterproof-ad11\/","title":{"rendered":"Medidor Ph\/Tds Adwa Waterproof AD11"},"content":{"rendered":"<p>Especificaciones<\/p>\n<p>&#8211; Marca Adwa<br \/>&#8211; Modelo AD11<br \/>&#8211; Escala de medida pH: -2 a 16 pH<br \/>&#8211; Resoluci\u00f3n: \u00b1 0,1 pH<br \/>&#8211; Precisi\u00f3n: \u00b1 0,1 pH<br \/>&#8211; EMC DEV del pH: \u00b1 0,1 pH<br \/>&#8211; Escala de medida Temperatura: -5\u00b0C a 60\u00b0C<br \/>&#8211; Resoluci\u00f3n: \u00b1 0,1\u00baC<br \/>&#8211; Precisi\u00f3n: \u00b1 0,5\u00baC<br \/>&#8211; EMC DEV de la Temperatura: \u00b1 0,3\u00baC<br \/>&#8211; Compensaci\u00f3n aut\u00f3matica de la temperatura (-5\u00baC a 60\u00baC)<br \/>&#8211; Temperatura de uso (-5\u00b0C \/ +50\u00b0C)<br \/>&#8211; Humedad relativa de uso: Max RH 100%<br \/>&#8211; Calibraci\u00f3n autom\u00e1tica en 1 o 2 puntos (pH 4.01\/7.01\/10.01 y 4.01\/6.86\/9.18) <br \/>&#8211; Abastecido por 4 pilas 1,5 volts (incluidas), m\u00e1s de 300 horas de uso<\/p>\n<p>Contenido del env\u00edo<\/p>\n<p>&#8211; pH Metro\/Medidor de pH y Temperatura Waterproof Adwa (AD11)<br \/>&#8211; Pilas incluidas (4 pilas tipo bot\u00f3n 1,5 V)<br \/>&#8211; Estuche<br \/>&#8211; Manual de utilizaci\u00f3n<\/p>\n","protected":false},"excerpt":{"rendered":"<p>Este medidor de pH es muy \u00fatil cuando se desea determinar de manera r\u00e1pida y precisa el valor de pH. Muy pr\u00e1ctico y c\u00f3modo, es excelente para realizar cualquier tarea ya sea en el hogar o en el trabajo ya que se puede medir desde el pH de una piscina hasta su uso en un laboratorio, pecera.<\/p>\n<p>La carcasa del medidor de pH Adwa AD11 ha sido sellada completamente para preservarlo contra la humedad. La temperatura es compensada automaticamente y puede ser medida en grados Celsius (\u00baC) o Farenheidt (\u00baF). El medidor puede ser calibrado a uno o dos puntos con el sistema de auto-calibraci\u00f3n. Las mediciones son altamente fiables y precisas con un \u00fanico indicador de estabilidad a la derecha de la pantalla LCD.<\/p>\n<p>El modelo incluye tambi\u00e9n un s\u00edmbolo de bater\u00eda baja que indica al usuario cuando la bater\u00eda debe ser reemplazada. El electrodo pH, suministrado con cada medidor, es intercambiable y puede ser f\u00e1cilmente reemplazado por el ususario. El sensor de temperatura encapsulado permite obtener mediciones de temperatura y compensaci\u00f3n r\u00e1pidas y precisas.<\/p>\n<p style='color:red'>GARANT\u00cdA<br \/>Este medidor viene con una garant\u00eda de los electrodos y\/o sondas de 6 meses y una garant\u00eda de equipo de 2 a\u00f1os.<\/p>\n","protected":false},"featured_media":21064,"comment_status":"open","ping_status":"closed","template":"","meta":{"_bst_post_transparent":"","_bst_post_title":"","_bst_post_layout":"","_bst_post_sidebar_id":"","_bst_post_content_style":"","_bst_post_vertical_padding":"","_bst_post_feature":"","_bst_post_feature_position":"","_bst_post_header":false,"_bst_post_footer":false},"pwb-brand":[],"product_brand":[],"product_cat":[228],"product_tag":[],"class_list":{"0":"post-21065","1":"product","2":"type-product","3":"status-publish","4":"has-post-thumbnail","6":"product_cat-medidores-ph","8":"first","9":"instock","10":"sale","11":"taxable","12":"shipping-taxable","13":"purchasable","14":"product-type-simple","15":"entry","16":"content-bg","17":"loop-entry"},"brands":[],"_links":{"self":[{"href":"https:\/\/puregrowshop.com\/fr\/wp-json\/wp\/v2\/product\/21065","targetHints":{"allow":["GET"]}}],"collection":[{"href":"https:\/\/puregrowshop.com\/fr\/wp-json\/wp\/v2\/product"}],"about":[{"href":"https:\/\/puregrowshop.com\/fr\/wp-json\/wp\/v2\/types\/product"}],"replies":[{"embeddable":true,"href":"https:\/\/puregrowshop.com\/fr\/wp-json\/wp\/v2\/comments?post=21065"}],"wp:featuredmedia":[{"embeddable":true,"href":"https:\/\/puregrowshop.com\/fr\/wp-json\/wp\/v2\/media\/21064"}],"wp:attachment":[{"href":"https:\/\/puregrowshop.com\/fr\/wp-json\/wp\/v2\/media?parent=21065"}],"wp:term":[{"taxonomy":"pwb-brand","embeddable":true,"href":"https:\/\/puregrowshop.com\/fr\/wp-json\/wp\/v2\/pwb-brand?post=21065"},{"taxonomy":"product_brand","embeddable":true,"href":"https:\/\/puregrowshop.com\/fr\/wp-json\/wp\/v2\/product_brand?post=21065"},{"taxonomy":"product_cat","embeddable":true,"href":"https:\/\/puregrowshop.com\/fr\/wp-json\/wp\/v2\/product_cat?post=21065"},{"taxonomy":"product_tag","embeddable":true,"href":"https:\/\/puregrowshop.com\/fr\/wp-json\/wp\/v2\/product_tag?post=21065"}],"curies":[{"name":"wp","href":"https:\/\/api.w.org\/{rel}","templated":true}]}}