{"id":21063,"date":"2024-11-03T16:32:30","date_gmt":"2024-11-03T16:32:30","guid":{"rendered":"https:\/\/puregrowshop.com\/medidor-ph-adwa-ad100\/"},"modified":"2025-03-11T22:52:33","modified_gmt":"2025-03-11T22:52:33","slug":"medidor-ph-adwa-ad100","status":"publish","type":"product","link":"https:\/\/puregrowshop.com\/fr\/medidor-ph-adwa-ad100\/","title":{"rendered":"Medidor ph Adwa AD100"},"content":{"rendered":"<p>Rango : -2,0 a 16,0 pH<br \/>Precisi\u00f3n:  +- 0,1 pH <br \/>Compensaci\u00f3n de temperatura\tautom\u00e1tica <br \/>Duraci\u00f3n bater\u00edas \/ tipo\t300 horas \/ 4&#215;1,4 V <br \/>Entorno de uso : 0\u00ba a 50\u00baC \/ 95% humedad relativa <br \/>Dimensiones : 173 x 41 x 22mm<br \/>Incluye 2 sobres de soluci\u00f3nes calibradoras<\/p>\n","protected":false},"excerpt":{"rendered":"<p>Medidor de pH ADWA ad100 con microprocesador que asegura lecturas r\u00e1pidas y fiables. Con compensaci\u00f3n autom\u00e1tica de temperatura para mayor precisi\u00f3n.<\/p>\n<p>Est\u00e1 totalmente listo para su uso. Para un buen funcionamiento, se recomienda calibrarlo regularmente con la soluci\u00f3n ph7.01 y soluc\u00edon ph4.01.<\/p>\n<p>Este medidor de ph digital contiene microprocesador que aseguran lecturas r\u00e1pidas y fiables, compensaci\u00f3n autom\u00e1tica de temperatura para mayor precisi\u00f3n, pantalla LCD y un &#8216;Bot\u00f3n f\u00e1cil&#8217; para calibraci\u00f3n autom\u00e1tica. Adem\u00e1s el teclado est\u00e1 protegido contra salpicaduras y dispone de bater\u00edas de larga duraci\u00f3n. <\/p>\n<p style='color:red'>GARANT\u00cdA<br \/>Este medidor viene con una garant\u00eda de los electrodos y\/o sondas de 6 meses y una garant\u00eda de equipo de 2 a\u00f1os.<\/p>\n","protected":false},"featured_media":21062,"comment_status":"open","ping_status":"closed","template":"","meta":{"_bst_post_transparent":"","_bst_post_title":"","_bst_post_layout":"","_bst_post_sidebar_id":"","_bst_post_content_style":"","_bst_post_vertical_padding":"","_bst_post_feature":"","_bst_post_feature_position":"","_bst_post_header":false,"_bst_post_footer":false},"pwb-brand":[],"product_brand":[],"product_cat":[228],"product_tag":[],"class_list":{"0":"post-21063","1":"product","2":"type-product","3":"status-publish","4":"has-post-thumbnail","6":"product_cat-medidores-ph","8":"first","9":"instock","10":"sale","11":"taxable","12":"shipping-taxable","13":"purchasable","14":"product-type-simple","15":"entry","16":"content-bg","17":"loop-entry"},"brands":[],"_links":{"self":[{"href":"https:\/\/puregrowshop.com\/fr\/wp-json\/wp\/v2\/product\/21063","targetHints":{"allow":["GET"]}}],"collection":[{"href":"https:\/\/puregrowshop.com\/fr\/wp-json\/wp\/v2\/product"}],"about":[{"href":"https:\/\/puregrowshop.com\/fr\/wp-json\/wp\/v2\/types\/product"}],"replies":[{"embeddable":true,"href":"https:\/\/puregrowshop.com\/fr\/wp-json\/wp\/v2\/comments?post=21063"}],"wp:featuredmedia":[{"embeddable":true,"href":"https:\/\/puregrowshop.com\/fr\/wp-json\/wp\/v2\/media\/21062"}],"wp:attachment":[{"href":"https:\/\/puregrowshop.com\/fr\/wp-json\/wp\/v2\/media?parent=21063"}],"wp:term":[{"taxonomy":"pwb-brand","embeddable":true,"href":"https:\/\/puregrowshop.com\/fr\/wp-json\/wp\/v2\/pwb-brand?post=21063"},{"taxonomy":"product_brand","embeddable":true,"href":"https:\/\/puregrowshop.com\/fr\/wp-json\/wp\/v2\/product_brand?post=21063"},{"taxonomy":"product_cat","embeddable":true,"href":"https:\/\/puregrowshop.com\/fr\/wp-json\/wp\/v2\/product_cat?post=21063"},{"taxonomy":"product_tag","embeddable":true,"href":"https:\/\/puregrowshop.com\/fr\/wp-json\/wp\/v2\/product_tag?post=21063"}],"curies":[{"name":"wp","href":"https:\/\/api.w.org\/{rel}","templated":true}]}}