{"id":20856,"date":"2024-11-03T07:22:56","date_gmt":"2024-11-03T07:22:56","guid":{"rendered":"https:\/\/puregrowshop.com\/kit-600-750-w-gavita-pro-e-bombilla-incluida-double-ended\/"},"modified":"2025-03-11T22:53:11","modified_gmt":"2025-03-11T22:53:11","slug":"kit-600-750-w-gavita-pro-e-bombilla-incluida-double-ended","status":"publish","type":"product","link":"https:\/\/puregrowshop.com\/fr\/kit-600-750-w-gavita-pro-e-bombilla-incluida-double-ended\/","title":{"rendered":"Kit 600\/750 w Gavita Pro E (Bombilla incluida) (Double Ended)"},"content":{"rendered":"<p>Lo mejor a\u00fan mejor La nueva Gavita Pro line e-series incluye modelos mejorados y adecuados para el control central con los controladores de iluminaci\u00f3n Gavita Master. Un completo control de la iluminaci\u00f3n al alcance de su mano. <\/p>\n<p>Los controladores Master permiten encender o apagar, atenuar e intensificar hasta 80 focos de la serie &#8216;E&#8217;. Sustituyen completamente el cuadro de distribuci\u00f3n, eliminan la corriente de irrupci\u00f3n, ofrecen funciones avanzadas como la simulaci\u00f3n del amanecer y el atardecer, y protegen su valioso cultivo mediante funciones de seguridad de temperatura. El Master controller aten\u00faa autom\u00e1ticamente las l\u00e1mparas cuando la temperatura es muy alta, y las apaga completamente cuando falla el control del clima, protegiendo as\u00ed su cultivo. Puede controlar un m\u00f3dulo de mensajer\u00eda de texto o un sistema de alarma para avisarle inmediatamente cuando se produce un fallo. Incluso puede optar por controlar una sala con 80 balastos o dos salas con 40 balastos cada una, con un ciclo de alternancia de 12\/12 horas. <\/p>\n<p>La instalaci\u00f3n del controlador y de los focos de la e-series es completamente plug-and-play. Basta con conectar el cable del controlador a los focos y enchufar los focos y el controlador a la red.<\/p>\n<p>Todos los balastos y focos de serie &#8216;E&#8217; ofrecen las siguientes caracter\u00edsticas y funciones avanzadas: <\/p>\n<p>&#8211; Entrada del Master Controller para control externo <br \/>&#8211; Tres LEDs de estado de colores que proporcionan una indicaci\u00f3n avanzada del estado y del historial del estado <br \/>&#8211; Mejora de la carcasa con una mayor capacidad de refrigeraci\u00f3n para un funcionamiento a una temperatura a\u00fan m\u00e1s baja <br \/>&#8211; C\u00e1ncamos situados en nuevas posiciones para mejorar la distribuci\u00f3n del peso y aumentar la estabilidad de la instalaci\u00f3n <\/p>\n<p>Un nuevo producto Pro line e-series es el foco 6\/750e DE FLEX, que utiliza una l\u00e1mpara de doble extremo Gavita Pro 750W 400V EL, de nuevo desarrollo. El intervalo de control de esta l\u00e1mpara es de 400-825 W, con lo que se llena el vac\u00edo de l\u00e1mparas entre 600 W y 1.000 W. Le hemos dado el nombre de 6\/750 DE FLEX porque es tan eficaz funcionando a 600 W como lo es a 750 W. En muchos casos viene a ser una versi\u00f3n moderna de un foco de 1.000 W refrigerado por aire, mientras funciona a solo 825 W. Esto permite ahorrar hasta un 20% de electricidad. La salida de la l\u00e1mpara, funcionando a 750 W, es de 1.500 \u00b5mol s-1 (2 \u00b5mol s-1 por vatio).<\/p>\n<p>ESPECIFICACIONES T\u00c9CNICAS:<\/p>\n<p>&#8211; Tensi\u00f3n de entrada: 230 V &#8211; 240 V (\u00b1 10 %)<br \/>&#8211; Corriente de entrada al 100%: 3,5 A<br \/>&#8211; Corriente de entrada al 110%: 3,9 A<br \/>&#8211; Potencia de entrada al 100%: 795W<br \/>&#8211; Potencia de entrada al 110%: 870W<br \/>&#8211; Factor de potencia: >0,98<br \/>&#8211; THD: <10%<br \/>&#8211; Frecuencia: 50\/60 Hz<br \/>&#8211; Certificaci\u00f3n: CE<br \/>&#8211; Entrada de alimentaci\u00f3n: IEC C14<br \/>&#8211; Regulable: 400\/500\/600\/750\/825W\/EXT<br \/>&#8211; Entrada de Control externo: Gavita Master Controller<br \/>&#8211; Conector para control externo: RJ14 (6P4C)<br \/>&#8211; Splitter para dos controladores RJ14<\/p>\n","protected":false},"excerpt":{"rendered":"<p>&#8211; Dimensione correctamente la luz para salas de cualquier tama\u00f1o<br \/>&#8211; Viene con la nueva l\u00e1mpara Gavita Pro 750W 400V EL DE, 1.500 \u00b5mol s-1<br \/>&#8211; La l\u00e1mpara Gavita de doble extremo ofrece un intervalo de alta eficiencia entre 600 W y 825 W<br \/>&#8211; Intervalo total de control: 50-110%<br \/>&#8211; Adecuado para el Gavita Master controller<br \/>&#8211; Instalaci\u00f3n plug and play<br \/>&#8211; Ilumina m\u00e1s de 1,5 metros cuadrados con 1.000 \u00b5mol m-2 s-1<br \/>&#8211; Viene equipado con una conexi\u00f3n para el Gavita Master Controller.<\/p>\n","protected":false},"featured_media":20855,"comment_status":"open","ping_status":"closed","template":"","meta":{"_bst_post_transparent":"","_bst_post_title":"","_bst_post_layout":"","_bst_post_sidebar_id":"","_bst_post_content_style":"","_bst_post_vertical_padding":"","_bst_post_feature":"","_bst_post_feature_position":"","_bst_post_header":false,"_bst_post_footer":false},"pwb-brand":[],"product_brand":[],"product_cat":[73],"product_tag":[],"class_list":{"0":"post-20856","1":"product","2":"type-product","3":"status-publish","4":"has-post-thumbnail","6":"product_cat-kits-iluminacion-interior","8":"first","9":"instock","10":"taxable","11":"shipping-taxable","12":"purchasable","13":"product-type-simple","14":"entry","15":"content-bg","16":"loop-entry"},"brands":[],"_links":{"self":[{"href":"https:\/\/puregrowshop.com\/fr\/wp-json\/wp\/v2\/product\/20856","targetHints":{"allow":["GET"]}}],"collection":[{"href":"https:\/\/puregrowshop.com\/fr\/wp-json\/wp\/v2\/product"}],"about":[{"href":"https:\/\/puregrowshop.com\/fr\/wp-json\/wp\/v2\/types\/product"}],"replies":[{"embeddable":true,"href":"https:\/\/puregrowshop.com\/fr\/wp-json\/wp\/v2\/comments?post=20856"}],"wp:featuredmedia":[{"embeddable":true,"href":"https:\/\/puregrowshop.com\/fr\/wp-json\/wp\/v2\/media\/20855"}],"wp:attachment":[{"href":"https:\/\/puregrowshop.com\/fr\/wp-json\/wp\/v2\/media?parent=20856"}],"wp:term":[{"taxonomy":"pwb-brand","embeddable":true,"href":"https:\/\/puregrowshop.com\/fr\/wp-json\/wp\/v2\/pwb-brand?post=20856"},{"taxonomy":"product_brand","embeddable":true,"href":"https:\/\/puregrowshop.com\/fr\/wp-json\/wp\/v2\/product_brand?post=20856"},{"taxonomy":"product_cat","embeddable":true,"href":"https:\/\/puregrowshop.com\/fr\/wp-json\/wp\/v2\/product_cat?post=20856"},{"taxonomy":"product_tag","embeddable":true,"href":"https:\/\/puregrowshop.com\/fr\/wp-json\/wp\/v2\/product_tag?post=20856"}],"curies":[{"name":"wp","href":"https:\/\/api.w.org\/{rel}","templated":true}]}}