{"id":20806,"date":"2024-11-03T07:22:41","date_gmt":"2024-11-03T07:22:41","guid":{"rendered":"https:\/\/puregrowshop.com\/kit-lightwave-t5-120-cm-8-tubos\/"},"modified":"2025-09-29T15:23:21","modified_gmt":"2025-09-29T15:23:21","slug":"kit-lightwave-t5-120-cm-8-tubos","status":"publish","type":"product","link":"https:\/\/puregrowshop.com\/fr\/kit-lightwave-t5-120-cm-8-tubos\/","title":{"rendered":"Kit LightWave T5 120 cm \/ 8 tubos"},"content":{"rendered":"<p>Ideal para la producci\u00f3n de plantas j\u00f3venes y para la cr\u00eda de plantas en general. Lightwave se suministra con tubos T5 especiales que ofrecen el equilibrio de color \u00f3ptimo para el crecimiento vegetal. <\/p>\n<p>Si se emplea en la propagaci\u00f3n, se producir\u00e1 un crecimiento a\u00fan mas saludable en la mayor\u00eda de las especies vegetales. Sin embargo, a diferencia de otras luces fluorescentes se pueden utilizar durante todo el ciclo de crecimiento para producir plantas maduras de gran calidad.<\/p>\n<p>La reducci\u00f3n de la producci\u00f3n de calor permite un mayor acercamiento a las plantas, adem\u00e1s de trabajar en espacios cerrados sin la acumulaci\u00f3n de calor asociados a los sistemas HID.<\/p>\n<p>Los tubos fluorescentes T5 permiten mantener la luz de salida m&aacute;s largo y suele costar menos que las l\u00e1mparas HID.<\/p>\n<p>Las l\u00e1mparas fluorescentes de tubo, ocupan un espacio m\u00ednimo y se pueden colgar vertical u horizontalmente.<\/p>\n<p>T5 puede estimular tanto el crecimiento vegetativo y fructificaci\u00f3n y floraci\u00f3n. Los tubos T5 (6500 Kelvin) emiten el brillante azul \/ blanca necesaria para el crecimiento exuberante. <\/p>\n<p>Esta luz es perfecta para la producci\u00f3n de plantas j\u00f3venes y para toda la producci\u00f3n de plantas en general. Estos tubos son altamente recomendables para todas las aplicaciones de plantas y tienen la ventaja a\u00f1adida de mostrar vistosas plantas &#8211; como las violetas africanas u orqu\u00eddeas &#8211; a su mejor ventaja, haciendo hincapi\u00e9 en las verduras ricas brillante del follaje y los brillantes colores de las flores.<\/p>\n<p>Utilizando T5 como nombre, es garant\u00eda de tecnolog\u00eda, un elegante dise\u00f1o, optimizado y eficiencia energ\u00e9tica, Lightwave promete hacer maravillas para sus plantas.<\/p>\n","protected":false},"excerpt":{"rendered":"<p>&#8211; Potencia: 432 W<br \/>&#8211; Ocho tubos: 54 W<br \/>&#8211; L\u00famenes: 33.200<br \/>&#8211; Medidas: 120 x 36.5 x 6 cm<br \/>&#8211; Peso: 4,9 Kg<br \/>&#8211; Vida \u00fatil: 15.000 horas<br \/>&#8211; Reflector de amplia dispersi\u00f3n<br \/>&#8211; Balastro integrado silencioso<br \/>&#8211; Color Azul-Blanco<\/p>\n","protected":false},"featured_media":20805,"comment_status":"open","ping_status":"closed","template":"","meta":{"_bst_post_transparent":"","_bst_post_title":"","_bst_post_layout":"","_bst_post_sidebar_id":"","_bst_post_content_style":"","_bst_post_vertical_padding":"","_bst_post_feature":"","_bst_post_feature_position":"","_bst_post_header":false,"_bst_post_footer":false},"pwb-brand":[],"product_brand":[],"product_cat":[73],"product_tag":[],"class_list":{"0":"post-20806","1":"product","2":"type-product","3":"status-publish","4":"has-post-thumbnail","6":"product_cat-kits-iluminacion-interior","7":"product_shipping_class-entre-10-kg-y-20-kg","9":"first","10":"instock","11":"taxable","12":"shipping-taxable","13":"purchasable","14":"product-type-simple","15":"entry","16":"content-bg","17":"loop-entry"},"brands":[],"_links":{"self":[{"href":"https:\/\/puregrowshop.com\/fr\/wp-json\/wp\/v2\/product\/20806","targetHints":{"allow":["GET"]}}],"collection":[{"href":"https:\/\/puregrowshop.com\/fr\/wp-json\/wp\/v2\/product"}],"about":[{"href":"https:\/\/puregrowshop.com\/fr\/wp-json\/wp\/v2\/types\/product"}],"replies":[{"embeddable":true,"href":"https:\/\/puregrowshop.com\/fr\/wp-json\/wp\/v2\/comments?post=20806"}],"wp:featuredmedia":[{"embeddable":true,"href":"https:\/\/puregrowshop.com\/fr\/wp-json\/wp\/v2\/media\/20805"}],"wp:attachment":[{"href":"https:\/\/puregrowshop.com\/fr\/wp-json\/wp\/v2\/media?parent=20806"}],"wp:term":[{"taxonomy":"pwb-brand","embeddable":true,"href":"https:\/\/puregrowshop.com\/fr\/wp-json\/wp\/v2\/pwb-brand?post=20806"},{"taxonomy":"product_brand","embeddable":true,"href":"https:\/\/puregrowshop.com\/fr\/wp-json\/wp\/v2\/product_brand?post=20806"},{"taxonomy":"product_cat","embeddable":true,"href":"https:\/\/puregrowshop.com\/fr\/wp-json\/wp\/v2\/product_cat?post=20806"},{"taxonomy":"product_tag","embeddable":true,"href":"https:\/\/puregrowshop.com\/fr\/wp-json\/wp\/v2\/product_tag?post=20806"}],"curies":[{"name":"wp","href":"https:\/\/api.w.org\/{rel}","templated":true}]}}