{"id":20804,"date":"2024-11-03T07:22:40","date_gmt":"2024-11-03T07:22:40","guid":{"rendered":"https:\/\/puregrowshop.com\/kit-lightwave-t5-120-cm-4-tubos\/"},"modified":"2025-09-29T15:10:34","modified_gmt":"2025-09-29T15:10:34","slug":"kit-lightwave-t5-120-cm-4-tubos","status":"publish","type":"product","link":"https:\/\/puregrowshop.com\/fr\/kit-lightwave-t5-120-cm-4-tubos\/","title":{"rendered":"Kit LightWave T5 120 cm \/ 4 tubos"},"content":{"rendered":"<p>Para el refuerzo en los cultivos o para hacer ciclos completos. Producen entrenudos cortos y tallos gruesos y, a diferencia de otros fluorescentes, pueden ser usados como \u00fanica luz para toda la fase del cultivo por su rendimiento y penetraci\u00f3n lum\u00ednica (es recomendable alternar tubos de 2700 K en floraci\u00f3n).<br \/>Los tubos tienen una vida \u00fatil de 15.000 horas, con menos de una p\u00e9rdida del 20% de producci\u00f3n durante ese per\u00edodo. Para sacar el mejor rendimiento es recomendable cambiar los tubos de la unidad cada 3 meses. Para el cultivo de plantas en general el tubo de 6500 K es recomendable al ser m\u00e1s brillante y por mostrar las plantas en sus colores naturales.<br \/>La unidad puede colgarse directamente encima de las plantas y es ideal para la propagaci\u00f3n de plantas a partir de semillas o esquejes. Deber\u00e1 proporcionarse luz a las pl\u00e1ntulas j\u00f3venes tan pronto como salgan y mantenerla cerca de ellas. Si las pl\u00e1ntulas est\u00e1n excesivamente alejadas de la luz, tender\u00e1n a estirarse y adquirir un aspecto larguirucho. El LightWave es capaz de producir pl\u00e1ntulas compactas y pobladas siempre que se coloquen cerca de la fuente de luz.<\/p>\n","protected":false},"excerpt":{"rendered":"<p>&#8211; Potencia: 216 W<br \/>&#8211; Cuatro tubos: 54 W<br \/>&#8211; L\u00famenes: 16.600<br \/>&#8211; Medidas: 120 x 36.5 x 6 cm<br \/>&#8211; Peso: 4,9 Kg<br \/>&#8211; Vida \u00fatil: 15.000 horas<br \/>&#8211; Reflector de amplia dispersi\u00f3n<br \/>&#8211; Balastro integrado silencioso<br \/>&#8211; Color Azul-Blanco<\/p>\n","protected":false},"featured_media":20803,"comment_status":"open","ping_status":"closed","template":"","meta":{"_bst_post_transparent":"","_bst_post_title":"","_bst_post_layout":"","_bst_post_sidebar_id":"","_bst_post_content_style":"","_bst_post_vertical_padding":"","_bst_post_feature":"","_bst_post_feature_position":"","_bst_post_header":false,"_bst_post_footer":false},"pwb-brand":[],"product_brand":[],"product_cat":[73],"product_tag":[],"class_list":{"0":"post-20804","1":"product","2":"type-product","3":"status-publish","4":"has-post-thumbnail","6":"product_cat-kits-iluminacion-interior","7":"product_shipping_class-entre-5-kg-y-10-kg","9":"first","10":"instock","11":"taxable","12":"shipping-taxable","13":"purchasable","14":"product-type-simple","15":"entry","16":"content-bg","17":"loop-entry"},"brands":[],"_links":{"self":[{"href":"https:\/\/puregrowshop.com\/fr\/wp-json\/wp\/v2\/product\/20804","targetHints":{"allow":["GET"]}}],"collection":[{"href":"https:\/\/puregrowshop.com\/fr\/wp-json\/wp\/v2\/product"}],"about":[{"href":"https:\/\/puregrowshop.com\/fr\/wp-json\/wp\/v2\/types\/product"}],"replies":[{"embeddable":true,"href":"https:\/\/puregrowshop.com\/fr\/wp-json\/wp\/v2\/comments?post=20804"}],"wp:featuredmedia":[{"embeddable":true,"href":"https:\/\/puregrowshop.com\/fr\/wp-json\/wp\/v2\/media\/20803"}],"wp:attachment":[{"href":"https:\/\/puregrowshop.com\/fr\/wp-json\/wp\/v2\/media?parent=20804"}],"wp:term":[{"taxonomy":"pwb-brand","embeddable":true,"href":"https:\/\/puregrowshop.com\/fr\/wp-json\/wp\/v2\/pwb-brand?post=20804"},{"taxonomy":"product_brand","embeddable":true,"href":"https:\/\/puregrowshop.com\/fr\/wp-json\/wp\/v2\/product_brand?post=20804"},{"taxonomy":"product_cat","embeddable":true,"href":"https:\/\/puregrowshop.com\/fr\/wp-json\/wp\/v2\/product_cat?post=20804"},{"taxonomy":"product_tag","embeddable":true,"href":"https:\/\/puregrowshop.com\/fr\/wp-json\/wp\/v2\/product_tag?post=20804"}],"curies":[{"name":"wp","href":"https:\/\/api.w.org\/{rel}","templated":true}]}}