{"id":19578,"date":"2024-11-02T07:12:27","date_gmt":"2024-11-02T07:12:27","guid":{"rendered":"https:\/\/puregrowshop.com\/motavation-11-u-reg-serious-seeds\/"},"modified":"2026-03-18T21:22:48","modified_gmt":"2026-03-18T21:22:48","slug":"motavation-11-u-reg-serious-seeds","status":"publish","type":"product","link":"https:\/\/puregrowshop.com\/fr\/motavation-11-u-reg-serious-seeds\/","title":{"rendered":"Motavation  regular Serious Seeds"},"content":{"rendered":"<p><strong>Descripci\u00f3n larga:<\/strong><\/p>\n<p><strong>Ancestros de Motavation<\/strong><br \/>\nMotavation es el resultado de un meticuloso cruce entre Starwarz y Medizin Power, combinando las mejores caracter\u00edsticas de ambas gen\u00e9ticas para crear una \u00edndica ideal para cultivos en interior.<\/p>\n<div class=\"relative inline-flex items-center\"><a class=\"ml-1 inline-flex h-[22px] items-center rounded-xl bg-[#f4f4f4] px-2 text-[0.5em] font-medium text-token-text-secondary dark:bg-token-main-surface-secondary relative top-[-0.094rem] !text-token-text-secondary uppercase hover:bg-token-text-primary hover:!text-token-main-surface-secondary dark:hover:bg-token-text-primary group\" href=\"https:\/\/www.seriousseeds.com\/cannabis-seeds\/motavation?utm_source=chatgpt.com\" target=\"_blank\" rel=\"noopener nofollow\"><span class=\"truncate\">Serious Seeds<\/span><\/a><\/div>\n<p><strong>Crecimiento y caracter\u00edsticas de la planta<\/strong><br \/>\nEsta variedad crece de forma compacta y tupida, alcanzando alturas de 50 a 120 cm en interior. Su estructura robusta y ramificada la hace adecuada para espacios reducidos y t\u00e9cnicas como SOG o ScrOG. Durante la floraci\u00f3n, que dura entre 50 y 60 d\u00edas, desarrolla cogollos densos y resinosos que cubren tanto las flores como las hojas adyacentes, facilitando el manicurado.<\/p>\n<div class=\"relative inline-flex items-center\"><a class=\"ml-1 inline-flex h-[22px] items-center rounded-xl bg-[#f4f4f4] px-2 text-[0.5em] font-medium text-token-text-secondary dark:bg-token-main-surface-secondary relative top-[-0.094rem] !text-token-text-secondary uppercase hover:bg-token-text-primary hover:!text-token-main-surface-secondary dark:hover:bg-token-text-primary group\" href=\"https:\/\/www.seriousseeds.com\/cannabis-seeds\/motavation?utm_source=chatgpt.com\" target=\"_blank\" rel=\"noopener nofollow\"><span class=\"truncate\">Serious Seeds<\/span><\/a><\/div>\n<p><strong>Periodo de floraci\u00f3n y producci\u00f3n<\/strong><br \/>\nEn cultivos interiores, Motavation completa su floraci\u00f3n en aproximadamente 50 a 60 d\u00edas, ofreciendo rendimientos que oscilan entre 300 y 500 gramos por metro cuadrado. En exteriores, est\u00e1 lista para cosechar a finales de septiembre o principios de octubre, dependiendo del clima, y puede producir entre 600 y 800 gramos por planta.<\/p>\n<div class=\"relative inline-flex items-center\"><a class=\"ml-1 inline-flex h-[22px] items-center rounded-xl bg-[#f4f4f4] px-2 text-[0.5em] font-medium text-token-text-secondary dark:bg-token-main-surface-secondary relative top-[-0.094rem] !text-token-text-secondary uppercase hover:bg-token-text-primary hover:!text-token-main-surface-secondary dark:hover:bg-token-text-primary group\" href=\"https:\/\/www.dinafem.org\/es\/motavation\/?utm_source=chatgpt.com\" target=\"_blank\" rel=\"noopener nofollow\"><span class=\"truncate\">Dinafem Seeds<\/span><\/a><\/div>\n<p><strong>Olores y sabores<\/strong><br \/>\nEl perfil arom\u00e1tico de Motavation es intenso y complejo, combinando notas dulces y afrutadas con un distintivo toque que recuerda a pintura fresca. Este aroma \u00fanico se traduce en un sabor dulce con matices florales y afrutados, proporcionando una experiencia sensorial agradable y memorable.<\/p>\n<div class=\"relative inline-flex items-center\"><a class=\"ml-1 inline-flex h-[22px] items-center rounded-xl bg-[#f4f4f4] px-2 text-[0.5em] font-medium text-token-text-secondary dark:bg-token-main-surface-secondary relative top-[-0.094rem] !text-token-text-secondary uppercase hover:bg-token-text-primary hover:!text-token-main-surface-secondary dark:hover:bg-token-text-primary group\" href=\"https:\/\/www.seriousseeds.com\/cannabis-seeds\/motavation?utm_source=chatgpt.com\" target=\"_blank\" rel=\"noopener nofollow\"><span class=\"truncate\">Serious Seeds<\/span><\/a><\/div>\n<p><strong>Efecto y potencia<\/strong><br \/>\nCon un contenido de THC que oscila entre el 15% y el 20%, Motavation ofrece un efecto potente y equilibrado. Proporciona una profunda relajaci\u00f3n f\u00edsica que puede dejar al usuario pegado al sof\u00e1, mientras que la mente se llena de ideas creativas y estimulantes. Es ideal para combatir el aburrimiento, la depresi\u00f3n y el estr\u00e9s, ofreciendo propiedades medicinales significativas.<\/p>\n<div class=\"relative inline-flex items-center\"><a class=\"ml-1 inline-flex h-[22px] items-center rounded-xl bg-[#f4f4f4] px-2 text-[0.5em] font-medium text-token-text-secondary dark:bg-token-main-surface-secondary relative top-[-0.094rem] !text-token-text-secondary uppercase hover:bg-token-text-primary hover:!text-token-main-surface-secondary dark:hover:bg-token-text-primary group\" href=\"https:\/\/www.seriousseeds.com\/cannabis-seeds\/motavation?utm_source=chatgpt.com\" target=\"_blank\" rel=\"noopener nofollow\"><span class=\"truncate\">Serious Seeds<\/span><\/a><\/div>\n<p><strong>Caracter\u00edsticas principales de Motavation:<\/strong><\/p>\n<ul>\n<li><strong>Gen\u00e9tica:<\/strong> Starwarz x Medizin Power<\/li>\n<li><strong>Tipo:<\/strong> Predominancia \u00edndica (90% \u00edndica, 10% sativa)<\/li>\n<li><strong>THC:<\/strong> 15-20%<\/li>\n<li><strong>Altura interior:<\/strong> 50-120 cm<\/li>\n<li><strong>Altura exterior:<\/strong> 1,5-2 metros<\/li>\n<li><strong>Floraci\u00f3n interior:<\/strong> 50-60 d\u00edas<\/li>\n<li><strong>Cosecha exterior:<\/strong> Finales de septiembre \/ principios de octubre<\/li>\n<li><strong>Producci\u00f3n interior:<\/strong> 300-500 g\/m\u00b2<\/li>\n<li><strong>Producci\u00f3n exterior:<\/strong> 600-800 g\/planta<\/li>\n<li><strong>Sabor:<\/strong> Dulce, afrutado, floral, con notas de pintura fresca<\/li>\n<li><strong>Efecto:<\/strong> Relajaci\u00f3n f\u00edsica profunda, estimulaci\u00f3n mental creativa<\/li>\n<\/ul>\n","protected":false},"excerpt":{"rendered":"<p>Motavation regular de Serious Seeds es una variedad de predominancia \u00edndica (90% \u00edndica, 10% sativa), resultado del cruce entre Starwarz y Medizin Power. Destaca por su crecimiento compacto y robusto, ideal para cultivos en interior con espacio limitado. Produce cogollos densos y resinosos con un aroma dulce y afrutado, acompa\u00f1ado de notas que recuerdan a pintura fresca. Su efecto es potente, proporcionando una relajaci\u00f3n f\u00edsica profunda mientras estimula la mente con ideas creativas.<\/p>\n","protected":false},"featured_media":19577,"comment_status":"open","ping_status":"closed","template":"","meta":{"_bst_post_transparent":"","_bst_post_title":"","_bst_post_layout":"","_bst_post_sidebar_id":"","_bst_post_content_style":"","_bst_post_vertical_padding":"","_bst_post_feature":"","_bst_post_feature_position":"","_bst_post_header":false,"_bst_post_footer":false},"pwb-brand":[185],"product_brand":[],"product_cat":[43],"product_tag":[],"class_list":{"0":"post-19578","1":"product","2":"type-product","3":"status-publish","4":"has-post-thumbnail","6":"pwb-brand-serious-seeds","7":"product_cat-regulares","9":"first","10":"outofstock","11":"sale","12":"taxable","13":"shipping-taxable","14":"purchasable","15":"product-type-simple","16":"entry","17":"content-bg","18":"loop-entry"},"brands":[{"id":185,"name":"Serious Seeds","slug":"serious-seeds"}],"_links":{"self":[{"href":"https:\/\/puregrowshop.com\/fr\/wp-json\/wp\/v2\/product\/19578","targetHints":{"allow":["GET"]}}],"collection":[{"href":"https:\/\/puregrowshop.com\/fr\/wp-json\/wp\/v2\/product"}],"about":[{"href":"https:\/\/puregrowshop.com\/fr\/wp-json\/wp\/v2\/types\/product"}],"replies":[{"embeddable":true,"href":"https:\/\/puregrowshop.com\/fr\/wp-json\/wp\/v2\/comments?post=19578"}],"wp:featuredmedia":[{"embeddable":true,"href":"https:\/\/puregrowshop.com\/fr\/wp-json\/wp\/v2\/media\/19577"}],"wp:attachment":[{"href":"https:\/\/puregrowshop.com\/fr\/wp-json\/wp\/v2\/media?parent=19578"}],"wp:term":[{"taxonomy":"pwb-brand","embeddable":true,"href":"https:\/\/puregrowshop.com\/fr\/wp-json\/wp\/v2\/pwb-brand?post=19578"},{"taxonomy":"product_brand","embeddable":true,"href":"https:\/\/puregrowshop.com\/fr\/wp-json\/wp\/v2\/product_brand?post=19578"},{"taxonomy":"product_cat","embeddable":true,"href":"https:\/\/puregrowshop.com\/fr\/wp-json\/wp\/v2\/product_cat?post=19578"},{"taxonomy":"product_tag","embeddable":true,"href":"https:\/\/puregrowshop.com\/fr\/wp-json\/wp\/v2\/product_tag?post=19578"}],"curies":[{"name":"wp","href":"https:\/\/api.w.org\/{rel}","templated":true}]}}