{"id":13377,"date":"2024-10-29T14:54:36","date_gmt":"2024-10-29T14:54:36","guid":{"rendered":"https:\/\/puregrowshop.com\/humus-worm-delight-20-l-atami-bcuzz\/"},"modified":"2025-12-27T17:52:41","modified_gmt":"2025-12-27T17:52:41","slug":"humus-worm-delight-20-l-atami-bcuzz","status":"publish","type":"product","link":"https:\/\/puregrowshop.com\/fr\/humus-worm-delight-20-l-atami-bcuzz\/","title":{"rendered":"Humus Worm Delight 20 l Atami B&#8217;cuzz"},"content":{"rendered":"<p>Uno de los fertilizantes m\u00e1s importantes para el cultivo es Atami Worm Delight. Proporciona un buen y r\u00e1pido crecimiento de la planta y aumenta significativamente los ingresos (muy importante durante el per\u00edodo de floraci\u00f3n). Adem\u00e1s de potasio, Atami Worm Delight contiene valiosos fertilizantes como nitr\u00f3geno y f\u00f3sforo que contribuir\u00e1n a un crecimiento excepcional (nitr\u00f3geno) y producci\u00f3n de flores (f\u00f3sforo).<\/p>\n<p>Atami Worm Delight contiene una proporci\u00f3n igual de los principales fertilizantes. Una ventaja es que el sustrato en el que crece no se fertilizar\u00e1 en exceso r\u00e1pidamente. Atami Worm Delight tambi\u00e9n contribuye a un suelo \u00f3ptimo porque contiene hongos y bacterias vivos. De esta manera provoca aireado, garantizando la permisibilidad de suficiente ox\u00edgeno. Atami Worm Delight tambi\u00e9n es muy econ\u00f3mico de usar, lo que a su vez es bueno para su billetera.<\/p>\n","protected":false},"excerpt":{"rendered":"<p>&#8211; Aumenta la fertilidad del suelo, mejorando sus propiedades f\u00edsicas, qu\u00edmicas y biol\u00f3gicas. Rico en bacterias fijadoras del nitr\u00f3geno consiguiendo la mezcla perfecta de minerales y elementos nutritivos.<br \/>&#8211; Protege las ra\u00edces y reduce el shock del trasplante.<br \/>&#8211; Agiliza la germinaci\u00f3n y aparici\u00f3n de brotes.<br \/>&#8211; Ayuda contra las enfermedades habituales y las infecciones por hongos.<br \/>&#8211; Puede usarse en todas las circunstancias y en todas las plantas.<br \/>&#8211; Es el enriquecedor m\u00e1s completo del sustrato.<br \/>&#8211; Adem\u00e1s de potasio, el Worm Delight contiene fertilizantes muy valiosos como el nitr\u00f3geno y el f\u00f3sforo que contribuir\u00e1n a un crecimiento excepcional de las plantas (nitr\u00f3geno) y a una mayor producci\u00f3n de flores (f\u00f3sforo). Esto se debe a que el Worm Delight contiene proporciones iguales de los principales fertilizantes.<br \/>&#8211; Una ventaja del Worm Delight es que el sustrato con el que se mezcle no se fertilizar\u00e1 demasiado r\u00e1pido y contribuye a un suelo \u00f3ptimo porque contiene hongos y bacterias vivas.<br \/>&#8211; El Worm Delight mantiene el sustrato aireado, garantizando la permisibilidad de suficiente ox\u00edgeno. <\/p>\n","protected":false},"featured_media":13376,"comment_status":"open","ping_status":"closed","template":"","meta":{"_bst_post_transparent":"","_bst_post_title":"","_bst_post_layout":"","_bst_post_sidebar_id":"","_bst_post_content_style":"","_bst_post_vertical_padding":"","_bst_post_feature":"","_bst_post_feature_position":"","_bst_post_header":false,"_bst_post_footer":false},"pwb-brand":[158],"product_brand":[],"product_cat":[178],"product_tag":[],"class_list":{"0":"post-13377","1":"product","2":"type-product","3":"status-publish","4":"has-post-thumbnail","6":"pwb-brand-atami-bcuzz","7":"product_cat-sustratos-marihuana","9":"first","10":"instock","11":"sale","12":"taxable","13":"shipping-taxable","14":"purchasable","15":"product-type-simple","16":"entry","17":"content-bg","18":"loop-entry"},"brands":[{"id":158,"name":"Atami B\u00b4Cuzz","slug":"atami-bcuzz"}],"_links":{"self":[{"href":"https:\/\/puregrowshop.com\/fr\/wp-json\/wp\/v2\/product\/13377","targetHints":{"allow":["GET"]}}],"collection":[{"href":"https:\/\/puregrowshop.com\/fr\/wp-json\/wp\/v2\/product"}],"about":[{"href":"https:\/\/puregrowshop.com\/fr\/wp-json\/wp\/v2\/types\/product"}],"replies":[{"embeddable":true,"href":"https:\/\/puregrowshop.com\/fr\/wp-json\/wp\/v2\/comments?post=13377"}],"wp:featuredmedia":[{"embeddable":true,"href":"https:\/\/puregrowshop.com\/fr\/wp-json\/wp\/v2\/media\/13376"}],"wp:attachment":[{"href":"https:\/\/puregrowshop.com\/fr\/wp-json\/wp\/v2\/media?parent=13377"}],"wp:term":[{"taxonomy":"pwb-brand","embeddable":true,"href":"https:\/\/puregrowshop.com\/fr\/wp-json\/wp\/v2\/pwb-brand?post=13377"},{"taxonomy":"product_brand","embeddable":true,"href":"https:\/\/puregrowshop.com\/fr\/wp-json\/wp\/v2\/product_brand?post=13377"},{"taxonomy":"product_cat","embeddable":true,"href":"https:\/\/puregrowshop.com\/fr\/wp-json\/wp\/v2\/product_cat?post=13377"},{"taxonomy":"product_tag","embeddable":true,"href":"https:\/\/puregrowshop.com\/fr\/wp-json\/wp\/v2\/product_tag?post=13377"}],"curies":[{"name":"wp","href":"https:\/\/api.w.org\/{rel}","templated":true}]}}