{"id":13375,"date":"2024-10-29T14:54:36","date_gmt":"2024-10-29T14:54:36","guid":{"rendered":"https:\/\/puregrowshop.com\/janeco-lightmix-20-l-atami-bcuzz\/"},"modified":"2025-12-27T17:52:41","modified_gmt":"2025-12-27T17:52:41","slug":"janeco-lightmix-20-l-atami-bcuzz","status":"publish","type":"product","link":"https:\/\/puregrowshop.com\/fr\/janeco-lightmix-20-l-atami-bcuzz\/","title":{"rendered":"Janeco Lightmix  20 l Atami B&#8217;cuzz"},"content":{"rendered":"<p>&#8211; Formato de 20 Litros<br \/>&#8211; Ligeramente Abonado<br \/>&#8211; Requiere fertilizaci\u00f3n a partir de la segunda semana<br \/>&#8211; EC: 1,00 \u2013 1,25<\/p>\n","protected":false},"excerpt":{"rendered":"<p>Sustrato Janeco Lightmix, de base ideal, en el que puede cultivarse con \u00e9xito casi todo tipo de plantas. Esta tierra, ligeramente abonada, cuenta con la ventaja de que algunos tipos de plantas \u201cdif\u00edciles\u201d no corren aqu\u00ed el peligro de recibir demasiado abono. Adem\u00e1s de una ligera cantidad de abonos, el Sustrato Janeco Lighmix contiene tambi\u00e9n perlita, de forma que la mezcla se mantiene ligera, creando un \u00f3ptimo equilibrio de saturaci\u00f3n. Al cultivar en la tierra Janeco Lighmix es posible que no tenga que a\u00f1adir ning\u00fan tipo de abono. La mezcla de tierra contiene nutrientes suficientes para las dos primeras semanas, dependiendo del n\u00famero de plantas y de las dimensiones de la maceta. Tras este periodo, y para obtener los mejores resultados, Atami aconseja alimentar las plantas con abonos l\u00edquidos.<\/p>\n","protected":false},"featured_media":13374,"comment_status":"open","ping_status":"closed","template":"","meta":{"_bst_post_transparent":"","_bst_post_title":"","_bst_post_layout":"","_bst_post_sidebar_id":"","_bst_post_content_style":"","_bst_post_vertical_padding":"","_bst_post_feature":"","_bst_post_feature_position":"","_bst_post_header":false,"_bst_post_footer":false},"pwb-brand":[158],"product_brand":[],"product_cat":[178],"product_tag":[],"class_list":{"0":"post-13375","1":"product","2":"type-product","3":"status-publish","4":"has-post-thumbnail","6":"pwb-brand-atami-bcuzz","7":"product_cat-sustratos-marihuana","8":"product_shipping_class-entre-1-kg-y-5-kg","10":"first","11":"instock","12":"sale","13":"taxable","14":"shipping-taxable","15":"purchasable","16":"product-type-simple","17":"entry","18":"content-bg","19":"loop-entry"},"brands":[{"id":158,"name":"Atami B\u00b4Cuzz","slug":"atami-bcuzz"}],"_links":{"self":[{"href":"https:\/\/puregrowshop.com\/fr\/wp-json\/wp\/v2\/product\/13375","targetHints":{"allow":["GET"]}}],"collection":[{"href":"https:\/\/puregrowshop.com\/fr\/wp-json\/wp\/v2\/product"}],"about":[{"href":"https:\/\/puregrowshop.com\/fr\/wp-json\/wp\/v2\/types\/product"}],"replies":[{"embeddable":true,"href":"https:\/\/puregrowshop.com\/fr\/wp-json\/wp\/v2\/comments?post=13375"}],"wp:featuredmedia":[{"embeddable":true,"href":"https:\/\/puregrowshop.com\/fr\/wp-json\/wp\/v2\/media\/13374"}],"wp:attachment":[{"href":"https:\/\/puregrowshop.com\/fr\/wp-json\/wp\/v2\/media?parent=13375"}],"wp:term":[{"taxonomy":"pwb-brand","embeddable":true,"href":"https:\/\/puregrowshop.com\/fr\/wp-json\/wp\/v2\/pwb-brand?post=13375"},{"taxonomy":"product_brand","embeddable":true,"href":"https:\/\/puregrowshop.com\/fr\/wp-json\/wp\/v2\/product_brand?post=13375"},{"taxonomy":"product_cat","embeddable":true,"href":"https:\/\/puregrowshop.com\/fr\/wp-json\/wp\/v2\/product_cat?post=13375"},{"taxonomy":"product_tag","embeddable":true,"href":"https:\/\/puregrowshop.com\/fr\/wp-json\/wp\/v2\/product_tag?post=13375"}],"curies":[{"name":"wp","href":"https:\/\/api.w.org\/{rel}","templated":true}]}}