{"id":13353,"date":"2024-10-29T14:54:28","date_gmt":"2024-10-29T14:54:28","guid":{"rendered":"https:\/\/puregrowshop.com\/promix-50-plagron\/"},"modified":"2025-12-27T20:29:12","modified_gmt":"2025-12-27T20:29:12","slug":"promix-50-plagron","status":"publish","type":"product","link":"https:\/\/puregrowshop.com\/fr\/promix-50-plagron\/","title":{"rendered":"Promix 50 Plagron"},"content":{"rendered":"<p>Plagron Promix es es una mezcla de los mejores tipos de turba cuidadosamente seleccionados. Contiene fibras de varios tipos, lo que le aporta la ligereza y el nivel de oxigenaci\u00f3n que esperas de un sustrato de calidad Plagron. Promix no contiene ning\u00fan fertilizante, s\u00f3lo humus de lombriz Plagron. El humus de lombriz estimula el crecimiento de organismos en la tierra y activa los fertilizantes org\u00e1nicos, los cuales deben ser a\u00f1adidos desde el primer d\u00eda. Esto hace de Promix el sustrato perfecto para fertilizar org\u00e1nico seg\u00fan tu propio criterio y preferencia. El resultado, es una cosecha 100% org\u00e1nica. Promix propociona los mas altos rendimientos cuando se utiliza con Plagron Alga Grow, Alga Bloom y los aditivos de Plagron.<\/p>\n","protected":false},"excerpt":{"rendered":"<p>Turba, humus de lombriz.<br \/>pH (H2O) 6,5 &#8211; 7,9 <br \/>EC (mS\/cm) 0,5 &#8211; 0,8<\/p>\n","protected":false},"featured_media":13352,"comment_status":"open","ping_status":"closed","template":"","meta":{"_bst_post_transparent":"","_bst_post_title":"","_bst_post_layout":"","_bst_post_sidebar_id":"","_bst_post_content_style":"","_bst_post_vertical_padding":"","_bst_post_feature":"","_bst_post_feature_position":"","_bst_post_header":false,"_bst_post_footer":false},"pwb-brand":[167],"product_brand":[],"product_cat":[178],"product_tag":[],"class_list":{"0":"post-13353","1":"product","2":"type-product","3":"status-publish","4":"has-post-thumbnail","6":"pwb-brand-plagron","7":"product_cat-sustratos-marihuana","8":"product_shipping_class-entre-10-kg-y-20-kg","10":"first","11":"instock","12":"sale","13":"taxable","14":"shipping-taxable","15":"purchasable","16":"product-type-simple","17":"entry","18":"content-bg","19":"loop-entry"},"brands":[{"id":167,"name":"Plagron","slug":"plagron"}],"_links":{"self":[{"href":"https:\/\/puregrowshop.com\/fr\/wp-json\/wp\/v2\/product\/13353","targetHints":{"allow":["GET"]}}],"collection":[{"href":"https:\/\/puregrowshop.com\/fr\/wp-json\/wp\/v2\/product"}],"about":[{"href":"https:\/\/puregrowshop.com\/fr\/wp-json\/wp\/v2\/types\/product"}],"replies":[{"embeddable":true,"href":"https:\/\/puregrowshop.com\/fr\/wp-json\/wp\/v2\/comments?post=13353"}],"wp:featuredmedia":[{"embeddable":true,"href":"https:\/\/puregrowshop.com\/fr\/wp-json\/wp\/v2\/media\/13352"}],"wp:attachment":[{"href":"https:\/\/puregrowshop.com\/fr\/wp-json\/wp\/v2\/media?parent=13353"}],"wp:term":[{"taxonomy":"pwb-brand","embeddable":true,"href":"https:\/\/puregrowshop.com\/fr\/wp-json\/wp\/v2\/pwb-brand?post=13353"},{"taxonomy":"product_brand","embeddable":true,"href":"https:\/\/puregrowshop.com\/fr\/wp-json\/wp\/v2\/product_brand?post=13353"},{"taxonomy":"product_cat","embeddable":true,"href":"https:\/\/puregrowshop.com\/fr\/wp-json\/wp\/v2\/product_cat?post=13353"},{"taxonomy":"product_tag","embeddable":true,"href":"https:\/\/puregrowshop.com\/fr\/wp-json\/wp\/v2\/product_tag?post=13353"}],"curies":[{"name":"wp","href":"https:\/\/api.w.org\/{rel}","templated":true}]}}