{"id":13345,"date":"2024-10-29T14:54:27","date_gmt":"2024-10-29T14:54:27","guid":{"rendered":"https:\/\/puregrowshop.com\/batmix-50-l-plagron\/"},"modified":"2025-12-27T17:52:50","modified_gmt":"2025-12-27T17:52:50","slug":"batmix-50-l-plagron","status":"publish","type":"product","link":"https:\/\/puregrowshop.com\/fr\/batmix-50-l-plagron\/","title":{"rendered":"Batmix 50 l Plagron"},"content":{"rendered":"<p>Plagron Batmix es una mezcla de los mejores tipos de turba cuidadosamente seleccionados. La adici\u00f3n de varios tipos de fibra y perlita dan como resultado un alto nivel de ligereza y ox\u00edgenaci\u00f3n. La presencia en abundancia del humus de lombriz de Plagron asegura un crecimiento vigoroso de las plantas y el aumento de la retenci\u00f3n de agua. El principal nutriente en Batmix es el esti\u00e9rcol de murci\u00e9lago (Bat Guano). El guano de murci\u00e9lago es natural, rico en f\u00f3sforo y potasio y garantiza un floraci\u00f3n abundante. S\u00f3lo bajo condiciones de estricto control de procesamiento Bat Guano se transforma en un producto de m\u00e1xima calidad como el de Batmix. Batmix propociona los mas altos rendimientos cuando se utiliza con Plagron Alga Grow, Alga Bloom y los aditivos de Plagron.<\/p>\n<p>Uso<br \/>Plagron Batmix es un sustrato para plantar y transplantar todo tipo de plantas florecientes listo para ser usado. Enjuagar con agua antes de usar para eliminar los nutrientes inmediatamente absorbibles. Se necesita fertilizante adicional despu\u00e9s de aproximadamente 6 semanas, dependiendo del estado de la planta.<\/p>\n<p>Caracter\u00edsticas<br \/>Turba, perlita, humus de lombriz, Bat Guano.<br \/>pH (H2O) 6,1 &#8211; 7,5<br \/>EC (mS\/cm) 1,0 &#8211; 1,5<br \/>Abono NPK (3-15-4)<\/p>\n","protected":false},"excerpt":{"rendered":"<p>Caracter\u00edsticas:<br \/>   &#8211; Turba, perlita, humus de lombriz, Bat Guano.<br \/>   &#8211; pH (H2O) 6,1 &#8211; 7,5<br \/>   &#8211; EC (mS\/cm) 1,0 &#8211; 1,5<br \/>   &#8211; Abono NPK (3-15-4)<\/p>\n","protected":false},"featured_media":13344,"comment_status":"open","ping_status":"closed","template":"","meta":{"_bst_post_transparent":"","_bst_post_title":"","_bst_post_layout":"","_bst_post_sidebar_id":"","_bst_post_content_style":"","_bst_post_vertical_padding":"","_bst_post_feature":"","_bst_post_feature_position":"","_bst_post_header":false,"_bst_post_footer":false},"pwb-brand":[167],"product_brand":[],"product_cat":[178],"product_tag":[],"class_list":{"0":"post-13345","1":"product","2":"type-product","3":"status-publish","4":"has-post-thumbnail","6":"pwb-brand-plagron","7":"product_cat-sustratos-marihuana","8":"product_shipping_class-entre-10-kg-y-20-kg","10":"first","11":"instock","12":"sale","13":"taxable","14":"shipping-taxable","15":"purchasable","16":"product-type-simple","17":"entry","18":"content-bg","19":"loop-entry"},"brands":[{"id":167,"name":"Plagron","slug":"plagron"}],"_links":{"self":[{"href":"https:\/\/puregrowshop.com\/fr\/wp-json\/wp\/v2\/product\/13345","targetHints":{"allow":["GET"]}}],"collection":[{"href":"https:\/\/puregrowshop.com\/fr\/wp-json\/wp\/v2\/product"}],"about":[{"href":"https:\/\/puregrowshop.com\/fr\/wp-json\/wp\/v2\/types\/product"}],"replies":[{"embeddable":true,"href":"https:\/\/puregrowshop.com\/fr\/wp-json\/wp\/v2\/comments?post=13345"}],"wp:featuredmedia":[{"embeddable":true,"href":"https:\/\/puregrowshop.com\/fr\/wp-json\/wp\/v2\/media\/13344"}],"wp:attachment":[{"href":"https:\/\/puregrowshop.com\/fr\/wp-json\/wp\/v2\/media?parent=13345"}],"wp:term":[{"taxonomy":"pwb-brand","embeddable":true,"href":"https:\/\/puregrowshop.com\/fr\/wp-json\/wp\/v2\/pwb-brand?post=13345"},{"taxonomy":"product_brand","embeddable":true,"href":"https:\/\/puregrowshop.com\/fr\/wp-json\/wp\/v2\/product_brand?post=13345"},{"taxonomy":"product_cat","embeddable":true,"href":"https:\/\/puregrowshop.com\/fr\/wp-json\/wp\/v2\/product_cat?post=13345"},{"taxonomy":"product_tag","embeddable":true,"href":"https:\/\/puregrowshop.com\/fr\/wp-json\/wp\/v2\/product_tag?post=13345"}],"curies":[{"name":"wp","href":"https:\/\/api.w.org\/{rel}","templated":true}]}}