{"id":13336,"date":"2024-10-29T14:54:25","date_gmt":"2024-10-29T14:54:25","guid":{"rendered":"https:\/\/puregrowshop.com\/coco-natural-50-l-canna\/"},"modified":"2025-12-27T17:53:01","modified_gmt":"2025-12-27T17:53:01","slug":"coco-natural-50-l-canna","status":"publish","type":"product","link":"https:\/\/puregrowshop.com\/fr\/coco-natural-50-l-canna\/","title":{"rendered":"Coco Natural 50 l Canna"},"content":{"rendered":"<p>La amortiguaci\u00f3n que se aplica a CANNA Coco Natural no es tan fuerte como la de CANNA Coco Professional Plus, por lo que se tiene m\u00e1s control sobre el proceso de amortiguaci\u00f3n y la influencia del sustrato en el crecimiento y florecimiento de la planta es mayor. Si aun as\u00ed quieres llevar la amortiguaci\u00f3n de este producto al nivel de su primo CANNA Coco Professional Plus, \u00e9chale un vistazo a CANNA COGr Buffer Agent.<\/p>\n<p>Gracias a la leve amortiguaci\u00f3n y tambi\u00e9n leve remojo previo a los que se somete el producto, este resulta mucho m\u00e1s ligero, ya que la bolsa contendr\u00e1 menos agua. La bolsa de CANNA Coco Natural solamente unos 11-12 kilos, por lo que resulta f\u00e1cil de transportar. Para comenzar a utilizarlo, solo tendr\u00e1s que dejarlo en remojo en agua un poco m\u00e1s de tiempo en tu habitaci\u00f3n de cultivo.<\/p>\n","protected":false},"excerpt":{"rendered":"<p>&#8211; Es un producto org\u00e1nico que ha recibido una amortiguaci\u00f3n muy ligera, pero que est\u00e1 libre de virus da\u00f1inos o enfermedades del suelo.<br \/>&#8211; Tiene un sistema agua\/aire excelente que aporta las condiciones ideales para este m\u00e9todo de cultivo.<br \/>&#8211; Puede ser reutilizado varias veces.<\/p>\n","protected":false},"featured_media":13335,"comment_status":"open","ping_status":"closed","template":"","meta":{"_bst_post_transparent":"","_bst_post_title":"","_bst_post_layout":"","_bst_post_sidebar_id":"","_bst_post_content_style":"","_bst_post_vertical_padding":"","_bst_post_feature":"","_bst_post_feature_position":"","_bst_post_header":false,"_bst_post_footer":false},"pwb-brand":[132],"product_brand":[],"product_cat":[178],"product_tag":[],"class_list":{"0":"post-13336","1":"product","2":"type-product","3":"status-publish","4":"has-post-thumbnail","6":"pwb-brand-canna","7":"product_cat-sustratos-marihuana","8":"product_shipping_class-entre-10-kg-y-20-kg","10":"first","11":"instock","12":"sale","13":"taxable","14":"shipping-taxable","15":"purchasable","16":"product-type-simple","17":"entry","18":"content-bg","19":"loop-entry"},"brands":[{"id":132,"name":"Canna","slug":"canna"}],"_links":{"self":[{"href":"https:\/\/puregrowshop.com\/fr\/wp-json\/wp\/v2\/product\/13336","targetHints":{"allow":["GET"]}}],"collection":[{"href":"https:\/\/puregrowshop.com\/fr\/wp-json\/wp\/v2\/product"}],"about":[{"href":"https:\/\/puregrowshop.com\/fr\/wp-json\/wp\/v2\/types\/product"}],"replies":[{"embeddable":true,"href":"https:\/\/puregrowshop.com\/fr\/wp-json\/wp\/v2\/comments?post=13336"}],"wp:featuredmedia":[{"embeddable":true,"href":"https:\/\/puregrowshop.com\/fr\/wp-json\/wp\/v2\/media\/13335"}],"wp:attachment":[{"href":"https:\/\/puregrowshop.com\/fr\/wp-json\/wp\/v2\/media?parent=13336"}],"wp:term":[{"taxonomy":"pwb-brand","embeddable":true,"href":"https:\/\/puregrowshop.com\/fr\/wp-json\/wp\/v2\/pwb-brand?post=13336"},{"taxonomy":"product_brand","embeddable":true,"href":"https:\/\/puregrowshop.com\/fr\/wp-json\/wp\/v2\/product_brand?post=13336"},{"taxonomy":"product_cat","embeddable":true,"href":"https:\/\/puregrowshop.com\/fr\/wp-json\/wp\/v2\/product_cat?post=13336"},{"taxonomy":"product_tag","embeddable":true,"href":"https:\/\/puregrowshop.com\/fr\/wp-json\/wp\/v2\/product_tag?post=13336"}],"curies":[{"name":"wp","href":"https:\/\/api.w.org\/{rel}","templated":true}]}}