{"id":13333,"date":"2024-10-29T14:54:25","date_gmt":"2024-10-29T14:54:25","guid":{"rendered":"https:\/\/puregrowshop.com\/arlita-aqua-clay-pebbles-canna-45l\/"},"modified":"2025-12-27T17:53:01","modified_gmt":"2025-12-27T17:53:01","slug":"arlita-aqua-clay-pebbles-canna-45l","status":"publish","type":"product","link":"https:\/\/puregrowshop.com\/fr\/arlita-aqua-clay-pebbles-canna-45l\/","title":{"rendered":"Arlita Aqua Clay Pebbles Canna 45L"},"content":{"rendered":"<p>CANNA Aqua Clay Pebbles tienen un alto volumen de poros con un alto contenido de aire, lo cual resulta en ra\u00edces fuertes con un agarre \u00f3ptimo. Los CANNA Aqua Clay Pebbles son inorg\u00e1nicos, tienen un pH neutro, no se enmohecen ni se pudren. Los CANNA Aqua Clay Pebbles consisten en varias fracciones y forman as\u00ed una estructura heterog\u00e9nea \u00f3ptima para un enraizamiento \u00f3ptimo.<\/p>\n<p>Se puede utilizar para todas las formas de hidrocultura. Aclare los CANNA Aqua Clay Pebbles previamente con agua, para eliminar las posibles part\u00edculas de polvo y evitar posibles atascos del sistema de goteo.<\/p>\n<p>Los CANNA Aqua Clay Pebbles se pueden utilizar tambi\u00e9n para mejorar el drenaje de la tierra en las macetas. Aplique para ello una capa de 4 cm de CANNA Aqua Clay Pebbles en el fondo de la maceta.<\/p>\n<p>El envase de pl\u00e1stico puede reciclarse en un 100%. Contenido 45L.<\/p>\n","protected":false},"excerpt":{"rendered":"<p>CANNA Aqua Clay Pebbles. Son granos de arcilla cocidos que forman un sustrato ideal para el cultivador experto. Los CANNA Aqua Clay Pebbles son, gracias a su estructura extraordinaria, una base ideal para todos los cultivadores que desean controlar de una forma sencilla y directa la administraci\u00f3n de los abonos y la regulaci\u00f3n de la humedad de sus plantas durante todo el proceso de crecimiento.<\/p>\n","protected":false},"featured_media":13332,"comment_status":"open","ping_status":"closed","template":"","meta":{"_bst_post_transparent":"","_bst_post_title":"","_bst_post_layout":"","_bst_post_sidebar_id":"","_bst_post_content_style":"","_bst_post_vertical_padding":"","_bst_post_feature":"","_bst_post_feature_position":"","_bst_post_header":false,"_bst_post_footer":false},"pwb-brand":[132],"product_brand":[],"product_cat":[178],"product_tag":[],"class_list":{"0":"post-13333","1":"product","2":"type-product","3":"status-publish","4":"has-post-thumbnail","6":"pwb-brand-canna","7":"product_cat-sustratos-marihuana","8":"product_shipping_class-entre-20-kg-y-30-kg","10":"first","11":"instock","12":"sale","13":"taxable","14":"shipping-taxable","15":"purchasable","16":"product-type-simple","17":"entry","18":"content-bg","19":"loop-entry"},"brands":[{"id":132,"name":"Canna","slug":"canna"}],"_links":{"self":[{"href":"https:\/\/puregrowshop.com\/fr\/wp-json\/wp\/v2\/product\/13333","targetHints":{"allow":["GET"]}}],"collection":[{"href":"https:\/\/puregrowshop.com\/fr\/wp-json\/wp\/v2\/product"}],"about":[{"href":"https:\/\/puregrowshop.com\/fr\/wp-json\/wp\/v2\/types\/product"}],"replies":[{"embeddable":true,"href":"https:\/\/puregrowshop.com\/fr\/wp-json\/wp\/v2\/comments?post=13333"}],"wp:featuredmedia":[{"embeddable":true,"href":"https:\/\/puregrowshop.com\/fr\/wp-json\/wp\/v2\/media\/13332"}],"wp:attachment":[{"href":"https:\/\/puregrowshop.com\/fr\/wp-json\/wp\/v2\/media?parent=13333"}],"wp:term":[{"taxonomy":"pwb-brand","embeddable":true,"href":"https:\/\/puregrowshop.com\/fr\/wp-json\/wp\/v2\/pwb-brand?post=13333"},{"taxonomy":"product_brand","embeddable":true,"href":"https:\/\/puregrowshop.com\/fr\/wp-json\/wp\/v2\/product_brand?post=13333"},{"taxonomy":"product_cat","embeddable":true,"href":"https:\/\/puregrowshop.com\/fr\/wp-json\/wp\/v2\/product_cat?post=13333"},{"taxonomy":"product_tag","embeddable":true,"href":"https:\/\/puregrowshop.com\/fr\/wp-json\/wp\/v2\/product_tag?post=13333"}],"curies":[{"name":"wp","href":"https:\/\/api.w.org\/{rel}","templated":true}]}}