{"id":13321,"date":"2024-10-29T14:54:22","date_gmt":"2024-10-29T14:54:22","guid":{"rendered":"https:\/\/puregrowshop.com\/coco-plus-50-l-canna\/"},"modified":"2025-12-27T17:53:11","modified_gmt":"2025-12-27T17:53:11","slug":"coco-plus-50-l-canna","status":"publish","type":"product","link":"https:\/\/puregrowshop.com\/fr\/coco-plus-50-l-canna\/","title":{"rendered":"Coco Plus 50 l Canna"},"content":{"rendered":"<p>CANNA COCO Professional Plus es un producto org\u00e1nico puro de estructura homog\u00e9nea y sin a\u00f1adidos qu\u00edmicos. Gracias al proceso de producci\u00f3n \u00fanico de CANNA, CANNA COCO Professional Plus est\u00e1 libre de virus perjudicales y de enfermedades del suelo.<br \/>El polvo de coco tiene un sofisticado sistema de circulaci\u00f3n del agua y del aire que proporciona el entorno ideal para el cultivo profesional. Por otra parte, contiene un hongo especial (el Trichoderma) que protege a las plantas de algunas enfermedades del suelo. CANNA COCO Professional Plus se puede utilizar varias veces y, tras su uso, resulta muy adecuado como acondicionador de la tierra.<\/p>\n<p>El polvo de coco de CANNA COCO es un producto de alta calidad que supera los estrictos requisitos RHP. Se distingue de otros sustratos de coco por su material de partida de primera clase, su estructura \u00f3ptima y por su pureza. CANNA COCO est\u00e1 compuesto por un 45% de celulosa-lignina que le permite mantener durante mucho tiempo sus propiedades f\u00edsicas. La proporci\u00f3n de agua y aire es de 73% y 23%, respectivamente. Adem\u00e1s, el polvo de coco se enjuaga y se amortigua seg\u00fan un procedimiento especial, adecuado a las necesidades de las plantas de crecimiento r\u00e1pido. Esto es necesario para obtener unas condiciones de cultivo ideales en el sustrato de forma que la planta, desde el comienzo del cultivo, se pueda desarrollar de forma \u00f3ptima.<\/p>\n","protected":false},"excerpt":{"rendered":"<p>CANNA COCO Professional Plus es un sustrato vegetal para profesionales con muchas ventajas para el jardinero y sus plantas. CANNA COCO Professional Plus est\u00e1 hecho por completo de polvo de coco obtenido en la India tras el procesamiento de las nueces de coco. Est\u00e1 especiamente preparado para plantas de crecimiento r\u00e1pido. El proceso de producci\u00f3n est\u00e1 sometido a unos estrictos controles de calidad que nos permiten responder de la alta calidad del producto. <\/p>\n","protected":false},"featured_media":13320,"comment_status":"open","ping_status":"closed","template":"","meta":{"_bst_post_transparent":"","_bst_post_title":"","_bst_post_layout":"","_bst_post_sidebar_id":"","_bst_post_content_style":"","_bst_post_vertical_padding":"","_bst_post_feature":"","_bst_post_feature_position":"","_bst_post_header":false,"_bst_post_footer":false},"pwb-brand":[132],"product_brand":[],"product_cat":[178],"product_tag":[],"class_list":{"0":"post-13321","1":"product","2":"type-product","3":"status-publish","4":"has-post-thumbnail","6":"pwb-brand-canna","7":"product_cat-sustratos-marihuana","8":"product_shipping_class-entre-10-kg-y-20-kg","10":"first","11":"instock","12":"sale","13":"taxable","14":"shipping-taxable","15":"purchasable","16":"product-type-simple","17":"entry","18":"content-bg","19":"loop-entry"},"brands":[{"id":132,"name":"Canna","slug":"canna"}],"_links":{"self":[{"href":"https:\/\/puregrowshop.com\/fr\/wp-json\/wp\/v2\/product\/13321","targetHints":{"allow":["GET"]}}],"collection":[{"href":"https:\/\/puregrowshop.com\/fr\/wp-json\/wp\/v2\/product"}],"about":[{"href":"https:\/\/puregrowshop.com\/fr\/wp-json\/wp\/v2\/types\/product"}],"replies":[{"embeddable":true,"href":"https:\/\/puregrowshop.com\/fr\/wp-json\/wp\/v2\/comments?post=13321"}],"wp:featuredmedia":[{"embeddable":true,"href":"https:\/\/puregrowshop.com\/fr\/wp-json\/wp\/v2\/media\/13320"}],"wp:attachment":[{"href":"https:\/\/puregrowshop.com\/fr\/wp-json\/wp\/v2\/media?parent=13321"}],"wp:term":[{"taxonomy":"pwb-brand","embeddable":true,"href":"https:\/\/puregrowshop.com\/fr\/wp-json\/wp\/v2\/pwb-brand?post=13321"},{"taxonomy":"product_brand","embeddable":true,"href":"https:\/\/puregrowshop.com\/fr\/wp-json\/wp\/v2\/product_brand?post=13321"},{"taxonomy":"product_cat","embeddable":true,"href":"https:\/\/puregrowshop.com\/fr\/wp-json\/wp\/v2\/product_cat?post=13321"},{"taxonomy":"product_tag","embeddable":true,"href":"https:\/\/puregrowshop.com\/fr\/wp-json\/wp\/v2\/product_tag?post=13321"}],"curies":[{"name":"wp","href":"https:\/\/api.w.org\/{rel}","templated":true}]}}