{"id":13307,"date":"2024-10-29T14:54:20","date_gmt":"2024-10-29T14:54:20","guid":{"rendered":"https:\/\/puregrowshop.com\/light-mix-20-lt-bio-bizz\/"},"modified":"2025-12-27T17:53:11","modified_gmt":"2025-12-27T17:53:11","slug":"light-mix-20-lt-bio-bizz","status":"publish","type":"product","link":"https:\/\/puregrowshop.com\/fr\/light-mix-20-lt-bio-bizz\/","title":{"rendered":"Light Mix 20 lt. Bio Bizz"},"content":{"rendered":"<p>Los valores de pH y CE<\/p>\n<p>Los productos Biobizz contienen \u00fanicamente elementos org\u00e1nicos naturales, en lugar de sales minerales como el magnesio o los sulfatos que se pueden encontrar en los fertilizantes sint\u00e9ticos. Eso confiere a Light\u00b7Mix un valor de conductividad el\u00e9ctrica (CE) medio. Y aunque es imposible medir sus elementos org\u00e1nicos, estos tienen un sistema de autorregulaci\u00f3n que ayuda a mantener los valores de pH en el nivel correcto.<\/p>\n<p>\u00bfC\u00f3mo se utiliza?<\/p>\n<p>Con Light\u00b7Mix puedes aplicar dosis m\u00e1s altas de nutrientes a cualquier planta, incluso las m\u00e1s \u00e1vidas, sin riesgo de sobrecargar la tierra y provocar una quemadura por nutrientes (algo que se manifiesta en puntas de hojas amarillas, crujientes y quemadas).<\/p>\n<p>Con el riego autom\u00e1tico es importante que el agua se infiltre adecuadamente en el sustrato, o de lo contrario este se podr\u00eda humedecer en exceso llegando a formar moho.<\/p>\n","protected":false},"excerpt":{"rendered":"<p>Si deseas un mayor control, Light\u00b7Mix ofrece la base ideal para promover el crecimiento vigoroso de plantas de semillero, plantas j\u00f3venes y esquejes desde el principio.<\/p>\n<p>Pone en marcha la microactividad vital, a medida que el agua trabaja con la tierra para producir catalizadores org\u00e1nicos que promueven el r\u00e1pido desarrollo de estructuras radiculares.<\/p>\n<p>Light\u00b7Mix es asimismo una mezcla concebida especialmente para asegurar un drenaje \u00f3ptimo de manera homog\u00e9nea: algo esencial cuando se utilizan sistemas de riego autom\u00e1tico.<\/p>\n","protected":false},"featured_media":13306,"comment_status":"open","ping_status":"closed","template":"","meta":{"_bst_post_transparent":"","_bst_post_title":"","_bst_post_layout":"","_bst_post_sidebar_id":"","_bst_post_content_style":"","_bst_post_vertical_padding":"","_bst_post_feature":"","_bst_post_feature_position":"","_bst_post_header":false,"_bst_post_footer":false},"pwb-brand":[134],"product_brand":[],"product_cat":[178],"product_tag":[],"class_list":{"0":"post-13307","1":"product","2":"type-product","3":"status-publish","4":"has-post-thumbnail","6":"pwb-brand-bio-bizz","7":"product_cat-sustratos-marihuana","9":"first","10":"instock","11":"sale","12":"taxable","13":"shipping-taxable","14":"purchasable","15":"product-type-simple","16":"entry","17":"content-bg","18":"loop-entry"},"brands":[{"id":134,"name":"Bio Bizz","slug":"bio-bizz"}],"_links":{"self":[{"href":"https:\/\/puregrowshop.com\/fr\/wp-json\/wp\/v2\/product\/13307","targetHints":{"allow":["GET"]}}],"collection":[{"href":"https:\/\/puregrowshop.com\/fr\/wp-json\/wp\/v2\/product"}],"about":[{"href":"https:\/\/puregrowshop.com\/fr\/wp-json\/wp\/v2\/types\/product"}],"replies":[{"embeddable":true,"href":"https:\/\/puregrowshop.com\/fr\/wp-json\/wp\/v2\/comments?post=13307"}],"wp:featuredmedia":[{"embeddable":true,"href":"https:\/\/puregrowshop.com\/fr\/wp-json\/wp\/v2\/media\/13306"}],"wp:attachment":[{"href":"https:\/\/puregrowshop.com\/fr\/wp-json\/wp\/v2\/media?parent=13307"}],"wp:term":[{"taxonomy":"pwb-brand","embeddable":true,"href":"https:\/\/puregrowshop.com\/fr\/wp-json\/wp\/v2\/pwb-brand?post=13307"},{"taxonomy":"product_brand","embeddable":true,"href":"https:\/\/puregrowshop.com\/fr\/wp-json\/wp\/v2\/product_brand?post=13307"},{"taxonomy":"product_cat","embeddable":true,"href":"https:\/\/puregrowshop.com\/fr\/wp-json\/wp\/v2\/product_cat?post=13307"},{"taxonomy":"product_tag","embeddable":true,"href":"https:\/\/puregrowshop.com\/fr\/wp-json\/wp\/v2\/product_tag?post=13307"}],"curies":[{"name":"wp","href":"https:\/\/api.w.org\/{rel}","templated":true}]}}